{"id":12331,"date":"2019-06-24T15:33:44","date_gmt":"2019-06-24T15:33:44","guid":{"rendered":"https:\/\/survivornet.ca\/?page_id=12331\/"},"modified":"2019-06-28T17:48:05","modified_gmt":"2019-06-28T17:48:05","slug":"tumeurs-malignes-and-recidives-secondaires","status":"publish","type":"page","link":"https:\/\/survivornet.ca\/fr\/apprenez\/enjeux-affectant-les-survivants-du-cancer-2\/enjeux-affectant-les-survivants-du-cancer\/tumeurs-malignes-and-recidives-secondaires\/","title":{"rendered":"Tumeurs malignes and r\u00e9cidives secondaires"},"content":{"rendered":"<p>Pr\u00e8s de 1 cancer sur 5 diagnostiqu\u00e9s aujourd&#8217;hui survient chez une personne ayant d\u00e9j\u00e0 re\u00e7u un diagnostic de cancer, et ces cancers secondaires sont une cause importante de morbidit\u00e9 et de mortalit\u00e9 pour les survivants du cancer. [1]<\/p>\n<p>Des tumeurs secondaires et des r\u00e9cidives surviennent lorsqu&#8217;une deuxi\u00e8me tumeur se forme ou lorsque la tumeur primaire revient apr\u00e8s le traitement. Des tumeurs malignes secondaires peuvent \u00e9galement survenir apr\u00e8s le traitement d&#8217;un cancer primaire. Malheureusement, certains traitements de chimioth\u00e9rapie et de radioth\u00e9rapie peuvent laisser des tissus endommag\u00e9s qui peuvent \u00e0 leur tour devenir canc\u00e9reux. Dans ces cas, le m\u00eame traitement que celui qui a \u00e9t\u00e9 utilis\u00e9 pour traiter la tumeur primaire peut ne pas \u00eatre efficace, de sorte qu&#8217;il faudra peut-\u00eatre envisager d&#8217;autres options th\u00e9rapeutiques, comme des essais cliniques. [2]<\/p>\n<p>Le cancer peut r\u00e9cidiver au m\u00eame endroit que la tumeur primaire, appel\u00e9e r\u00e9cidive locale, ou \u00e0 proximit\u00e9, appel\u00e9e r\u00e9cidive r\u00e9gionale. Si elle r\u00e9appara\u00eet dans une autre partie du corps, on parle de m\u00e9tastase. Cela se produit g\u00e9n\u00e9ralement lorsque le cancer primaire r\u00e9appara\u00eet apr\u00e8s avoir \u00e9t\u00e9 trait\u00e9. [3]<\/p>\n<p>Le cancer m\u00e9tastatique ou de stade IV survient<span style=\"text-decoration: underline;\"> lorsqu\u2019il s&#8217;est<\/span> propag\u00e9 \u00e0 une autre partie du corps. Le cancer m\u00e9tastatique peut survenir avant que le cancer ne soit d\u00e9couvert et qu&#8217;un diagnostic ne soit pos\u00e9, ou il peut survenir apr\u00e8s le traitement. Les m\u00e9tastases se d\u00e9veloppent le plus souvent lorsque les cellules canc\u00e9reuses traversent la circulation sanguine ou le syst\u00e8me lymphatique pour atteindre des parties \u00e9loign\u00e9es du corps et cr\u00e9ent des tumeurs qui ressemblent au cancer primaire. Les os, les poumons, le foie et le cerveau comptent parmi les sites les plus courants de m\u00e9tastases. [3]<\/p>\n<p>Le traitement de ces cancers d\u00e9pend du type de cancer, de la taille de la tumeur, de sa vitesse de croissance et de la fa\u00e7on dont elle r\u00e9pond au traitement. Si vous avez re\u00e7u un diagnostic de cancer osseux m\u00e9tastatique, soyez prudent lorsque vous soulevez quelque chose, faites des rotations, de l&#8217;exercice, participez \u00e0 des activit\u00e9s \u00e0 impact \u00e9lev\u00e9 ou toussez. Les gens peuvent vivre pendant des ann\u00e9es avec des m\u00e9tastases osseuses, mais il existe peu d&#8217;information sur l&#8217;\u00e9valuation des patients et sur la fa\u00e7on de vivre avec des m\u00e9tastases osseuses. Certaines recherches ont d\u00e9montr\u00e9 que l&#8217;activit\u00e9 physique est b\u00e9n\u00e9fique pour les personnes atteintes d&#8217;un cancer m\u00e9tastatique. [4]<\/p>\n<p>Le traitement des m\u00e9tastases sera habituellement une th\u00e9rapie syst\u00e9mique, c&#8217;est-\u00e0-dire qu&#8217;il aura un impact sur l&#8217;ensemble de l&#8217;organisme. Il peut s&#8217;agir de chimioth\u00e9rapie, de th\u00e9rapie cibl\u00e9e, d&#8217;hormonoth\u00e9rapie et\/ou d&#8217;immunoth\u00e9rapie. Certains traitements du cancer m\u00e9tastatique visent \u00e0 r\u00e9duire les effets secondaires du cancer, mais ne sont pas curatifs. Dans ces cas, le cancer m\u00e9tastatique est consid\u00e9r\u00e9 comme une maladie chronique. [5]<\/p>\n<p>Pour obtenir de l&#8217;information sur la peur de r\u00e9cidive du cancer, consultez notre webinaire (disponible en anglais seulement) <a href=\"https:\/\/survivornet.ca\/events\/watch-our-newest-webinar-fear-of-cancer-recurrence-5-ways-to-lessen-your-anxiety\/\">Fear of Cancer Recurrence \u2013 5 ways to lessen your anxiety<\/a>.<\/p>\n<p>&#8212;&#8212;&#8212;&#8212;&#8212;&#8212;&#8212;&#8212;&#8212;&#8212;&#8212;&#8212;&#8212;&#8212;&#8212;&#8212;&#8212;&#8212;&#8212;&#8212;&#8212;&#8212;&#8212;&#8212;&#8212;&#8212;&#8212;&#8212;&#8212;&#8212;<\/p>\n<p>[1]\u00a0<a href=\"https:\/\/dceg.cancer.gov\/research\/what-we-study\/second-cancers\">https:\/\/dceg.cancer.gov\/research\/what-we-study\/second-cancers<\/a><\/p>\n<p>[2]\u00a0<a href=\"https:\/\/www.nccn.org\/patients\/resources\/life_after_cancer\/understanding.aspx\">https:\/\/www.nccn.org\/patients\/resources\/life_after_cancer\/ understanding.aspx<\/a><\/p>\n<p>[3]\u00a0<a href=\"https:\/\/www.rogelcancercenter.org\/living-with-cancer\/survivorship\/understanding-cancer-recurrence\">https:\/\/www.rogelcancercenter.org\/living-with-cancer\/survivorship\/understanding-cancer-recurrence<\/a><\/p>\n<p>[4] Eileen Dahl, RP, MDiv, CT,\u00a0<em>Breast cancer patient with bone metastases.\u00a0<\/em>Presented at the All-Party Cancer Caucus Meeting, November 22<sup>nd<\/sup>, 2017.<\/p>\n<p>[5]\u00a0<a href=\"https:\/\/www.mayoclinic.org\/diseases-conditions\/cancer\/in-depth\/cancer\/art-20044575\">https:\/\/www.mayoclinic.org\/diseases-conditions\/cancer\/in-depth\/cancer\/art-20044575<\/a><\/p>\n","protected":false},"excerpt":{"rendered":"<p>Pr\u00e8s de 1 cancer sur 5 diagnostiqu\u00e9s aujourd&#8217;hui survient chez une personne ayant d\u00e9j\u00e0 re\u00e7u un diagnostic de cancer, et ces cancers secondaires sont une cause importante de morbidit\u00e9 et de mortalit\u00e9<\/p>\n","protected":false},"author":2,"featured_media":0,"parent":11966,"menu_order":100,"comment_status":"closed","ping_status":"closed","template":"","meta":{"_acf_changed":false,"footnotes":""},"class_list":["post-12331","page","type-page","status-publish","hentry"],"acf":[],"yoast_head":"<!-- This site is optimized with the Yoast SEO plugin v27.4 - https:\/\/yoast.com\/product\/yoast-seo-wordpress\/ -->\n<title>Tumeurs malignes and r\u00e9cidives secondaires - Canadian Cancer Survivor Network<\/title>\n<meta name=\"robots\" content=\"index, follow, max-snippet:-1, max-image-preview:large, max-video-preview:-1\" \/>\n<link rel=\"canonical\" href=\"https:\/\/survivornet.ca\/fr\/apprenez\/enjeux-affectant-les-survivants-du-cancer-2\/enjeux-affectant-les-survivants-du-cancer\/tumeurs-malignes-and-recidives-secondaires\/\" \/>\n<meta property=\"og:locale\" content=\"fr_FR\" \/>\n<meta property=\"og:type\" content=\"article\" \/>\n<meta property=\"og:title\" content=\"Tumeurs malignes and r\u00e9cidives secondaires - Canadian Cancer Survivor Network\" \/>\n<meta property=\"og:description\" content=\"Pr\u00e8s de 1 cancer sur 5 diagnostiqu\u00e9s aujourd&#8217;hui survient chez une personne ayant d\u00e9j\u00e0 re\u00e7u un diagnostic de cancer, et ces cancers secondaires sont une cause importante de morbidit\u00e9 et de mortalit\u00e9\" \/>\n<meta property=\"og:url\" content=\"https:\/\/survivornet.ca\/fr\/apprenez\/enjeux-affectant-les-survivants-du-cancer-2\/enjeux-affectant-les-survivants-du-cancer\/tumeurs-malignes-and-recidives-secondaires\/\" \/>\n<meta property=\"og:site_name\" content=\"Canadian Cancer Survivor Network\" \/>\n<meta property=\"article:modified_time\" content=\"2019-06-28T17:48:05+00:00\" \/>\n<meta name=\"twitter:card\" content=\"summary_large_image\" \/>\n<meta name=\"twitter:label1\" content=\"Dur\u00e9e de lecture estim\u00e9e\" \/>\n\t<meta name=\"twitter:data1\" content=\"3 minutes\" \/>\n<script type=\"application\/ld+json\" class=\"yoast-schema-graph\">{\"@context\":\"https:\\\/\\\/schema.org\",\"@graph\":[{\"@type\":\"WebPage\",\"@id\":\"https:\\\/\\\/survivornet.ca\\\/fr\\\/apprenez\\\/enjeux-affectant-les-survivants-du-cancer-2\\\/enjeux-affectant-les-survivants-du-cancer\\\/tumeurs-malignes-and-recidives-secondaires\\\/\",\"url\":\"https:\\\/\\\/survivornet.ca\\\/fr\\\/apprenez\\\/enjeux-affectant-les-survivants-du-cancer-2\\\/enjeux-affectant-les-survivants-du-cancer\\\/tumeurs-malignes-and-recidives-secondaires\\\/\",\"name\":\"Tumeurs malignes and r\u00e9cidives secondaires - Canadian Cancer Survivor Network\",\"isPartOf\":{\"@id\":\"https:\\\/\\\/survivornet.ca\\\/#website\"},\"datePublished\":\"2019-06-24T15:33:44+00:00\",\"dateModified\":\"2019-06-28T17:48:05+00:00\",\"breadcrumb\":{\"@id\":\"https:\\\/\\\/survivornet.ca\\\/fr\\\/apprenez\\\/enjeux-affectant-les-survivants-du-cancer-2\\\/enjeux-affectant-les-survivants-du-cancer\\\/tumeurs-malignes-and-recidives-secondaires\\\/#breadcrumb\"},\"inLanguage\":\"fr-FR\",\"potentialAction\":[{\"@type\":\"ReadAction\",\"target\":[\"https:\\\/\\\/survivornet.ca\\\/fr\\\/apprenez\\\/enjeux-affectant-les-survivants-du-cancer-2\\\/enjeux-affectant-les-survivants-du-cancer\\\/tumeurs-malignes-and-recidives-secondaires\\\/\"]}]},{\"@type\":\"BreadcrumbList\",\"@id\":\"https:\\\/\\\/survivornet.ca\\\/fr\\\/apprenez\\\/enjeux-affectant-les-survivants-du-cancer-2\\\/enjeux-affectant-les-survivants-du-cancer\\\/tumeurs-malignes-and-recidives-secondaires\\\/#breadcrumb\",\"itemListElement\":[{\"@type\":\"ListItem\",\"position\":1,\"name\":\"Home\",\"item\":\"https:\\\/\\\/survivornet.ca\\\/fr\\\/\"},{\"@type\":\"ListItem\",\"position\":2,\"name\":\"Apprenez\",\"item\":\"https:\\\/\\\/survivornet.ca\\\/fr\\\/apprenez\\\/\"},{\"@type\":\"ListItem\",\"position\":3,\"name\":\"Enjeux affectant les survivants du cancer\",\"item\":\"https:\\\/\\\/survivornet.ca\\\/fr\\\/apprenez\\\/enjeux-affectant-les-survivants-du-cancer-2\\\/\"},{\"@type\":\"ListItem\",\"position\":4,\"name\":\"Les types d&#8217;enjeux affectant les survivants du cancer\",\"item\":\"https:\\\/\\\/survivornet.ca\\\/fr\\\/apprenez\\\/enjeux-affectant-les-survivants-du-cancer-2\\\/enjeux-affectant-les-survivants-du-cancer\\\/\"},{\"@type\":\"ListItem\",\"position\":5,\"name\":\"Tumeurs malignes and r\u00e9cidives secondaires\"}]},{\"@type\":\"WebSite\",\"@id\":\"https:\\\/\\\/survivornet.ca\\\/#website\",\"url\":\"https:\\\/\\\/survivornet.ca\\\/\",\"name\":\"Canadian Cancer Survivor Network\",\"description\":\"The Canadian Cancer Survivor Network was created by a group of Canadians concerned about cancer.\",\"publisher\":{\"@id\":\"https:\\\/\\\/survivornet.ca\\\/#organization\"},\"potentialAction\":[{\"@type\":\"SearchAction\",\"target\":{\"@type\":\"EntryPoint\",\"urlTemplate\":\"https:\\\/\\\/survivornet.ca\\\/?s={search_term_string}\"},\"query-input\":{\"@type\":\"PropertyValueSpecification\",\"valueRequired\":true,\"valueName\":\"search_term_string\"}}],\"inLanguage\":\"fr-FR\"},{\"@type\":\"Organization\",\"@id\":\"https:\\\/\\\/survivornet.ca\\\/#organization\",\"name\":\"Canadian Cancer Survivor Network\",\"url\":\"https:\\\/\\\/survivornet.ca\\\/\",\"logo\":{\"@type\":\"ImageObject\",\"inLanguage\":\"fr-FR\",\"@id\":\"https:\\\/\\\/survivornet.ca\\\/#\\\/schema\\\/logo\\\/image\\\/\",\"url\":\"http:\\\/\\\/survivornet.ca\\\/wp-content\\\/uploads\\\/2016\\\/12\\\/CCSN_Logo_EN_SQUARE.png\",\"contentUrl\":\"http:\\\/\\\/survivornet.ca\\\/wp-content\\\/uploads\\\/2016\\\/12\\\/CCSN_Logo_EN_SQUARE.png\",\"width\":1209,\"height\":1007,\"caption\":\"Canadian Cancer Survivor Network\"},\"image\":{\"@id\":\"https:\\\/\\\/survivornet.ca\\\/#\\\/schema\\\/logo\\\/image\\\/\"}}]}<\/script>\n<!-- \/ Yoast SEO plugin. -->","yoast_head_json":{"title":"Tumeurs malignes and r\u00e9cidives secondaires - Canadian Cancer Survivor Network","robots":{"index":"index","follow":"follow","max-snippet":"max-snippet:-1","max-image-preview":"max-image-preview:large","max-video-preview":"max-video-preview:-1"},"canonical":"https:\/\/survivornet.ca\/fr\/apprenez\/enjeux-affectant-les-survivants-du-cancer-2\/enjeux-affectant-les-survivants-du-cancer\/tumeurs-malignes-and-recidives-secondaires\/","og_locale":"fr_FR","og_type":"article","og_title":"Tumeurs malignes and r\u00e9cidives secondaires - Canadian Cancer Survivor Network","og_description":"Pr\u00e8s de 1 cancer sur 5 diagnostiqu\u00e9s aujourd&#8217;hui survient chez une personne ayant d\u00e9j\u00e0 re\u00e7u un diagnostic de cancer, et ces cancers secondaires sont une cause importante de morbidit\u00e9 et de mortalit\u00e9","og_url":"https:\/\/survivornet.ca\/fr\/apprenez\/enjeux-affectant-les-survivants-du-cancer-2\/enjeux-affectant-les-survivants-du-cancer\/tumeurs-malignes-and-recidives-secondaires\/","og_site_name":"Canadian Cancer Survivor Network","article_modified_time":"2019-06-28T17:48:05+00:00","twitter_card":"summary_large_image","twitter_misc":{"Dur\u00e9e de lecture estim\u00e9e":"3 minutes"},"schema":{"@context":"https:\/\/schema.org","@graph":[{"@type":"WebPage","@id":"https:\/\/survivornet.ca\/fr\/apprenez\/enjeux-affectant-les-survivants-du-cancer-2\/enjeux-affectant-les-survivants-du-cancer\/tumeurs-malignes-and-recidives-secondaires\/","url":"https:\/\/survivornet.ca\/fr\/apprenez\/enjeux-affectant-les-survivants-du-cancer-2\/enjeux-affectant-les-survivants-du-cancer\/tumeurs-malignes-and-recidives-secondaires\/","name":"Tumeurs malignes and r\u00e9cidives secondaires - Canadian Cancer Survivor Network","isPartOf":{"@id":"https:\/\/survivornet.ca\/#website"},"datePublished":"2019-06-24T15:33:44+00:00","dateModified":"2019-06-28T17:48:05+00:00","breadcrumb":{"@id":"https:\/\/survivornet.ca\/fr\/apprenez\/enjeux-affectant-les-survivants-du-cancer-2\/enjeux-affectant-les-survivants-du-cancer\/tumeurs-malignes-and-recidives-secondaires\/#breadcrumb"},"inLanguage":"fr-FR","potentialAction":[{"@type":"ReadAction","target":["https:\/\/survivornet.ca\/fr\/apprenez\/enjeux-affectant-les-survivants-du-cancer-2\/enjeux-affectant-les-survivants-du-cancer\/tumeurs-malignes-and-recidives-secondaires\/"]}]},{"@type":"BreadcrumbList","@id":"https:\/\/survivornet.ca\/fr\/apprenez\/enjeux-affectant-les-survivants-du-cancer-2\/enjeux-affectant-les-survivants-du-cancer\/tumeurs-malignes-and-recidives-secondaires\/#breadcrumb","itemListElement":[{"@type":"ListItem","position":1,"name":"Home","item":"https:\/\/survivornet.ca\/fr\/"},{"@type":"ListItem","position":2,"name":"Apprenez","item":"https:\/\/survivornet.ca\/fr\/apprenez\/"},{"@type":"ListItem","position":3,"name":"Enjeux affectant les survivants du cancer","item":"https:\/\/survivornet.ca\/fr\/apprenez\/enjeux-affectant-les-survivants-du-cancer-2\/"},{"@type":"ListItem","position":4,"name":"Les types d&#8217;enjeux affectant les survivants du cancer","item":"https:\/\/survivornet.ca\/fr\/apprenez\/enjeux-affectant-les-survivants-du-cancer-2\/enjeux-affectant-les-survivants-du-cancer\/"},{"@type":"ListItem","position":5,"name":"Tumeurs malignes and r\u00e9cidives secondaires"}]},{"@type":"WebSite","@id":"https:\/\/survivornet.ca\/#website","url":"https:\/\/survivornet.ca\/","name":"Canadian Cancer Survivor Network","description":"The Canadian Cancer Survivor Network was created by a group of Canadians concerned about cancer.","publisher":{"@id":"https:\/\/survivornet.ca\/#organization"},"potentialAction":[{"@type":"SearchAction","target":{"@type":"EntryPoint","urlTemplate":"https:\/\/survivornet.ca\/?s={search_term_string}"},"query-input":{"@type":"PropertyValueSpecification","valueRequired":true,"valueName":"search_term_string"}}],"inLanguage":"fr-FR"},{"@type":"Organization","@id":"https:\/\/survivornet.ca\/#organization","name":"Canadian Cancer Survivor Network","url":"https:\/\/survivornet.ca\/","logo":{"@type":"ImageObject","inLanguage":"fr-FR","@id":"https:\/\/survivornet.ca\/#\/schema\/logo\/image\/","url":"http:\/\/survivornet.ca\/wp-content\/uploads\/2016\/12\/CCSN_Logo_EN_SQUARE.png","contentUrl":"http:\/\/survivornet.ca\/wp-content\/uploads\/2016\/12\/CCSN_Logo_EN_SQUARE.png","width":1209,"height":1007,"caption":"Canadian Cancer Survivor Network"},"image":{"@id":"https:\/\/survivornet.ca\/#\/schema\/logo\/image\/"}}]}},"_links":{"self":[{"href":"https:\/\/survivornet.ca\/fr\/wp-json\/wp\/v2\/pages\/12331","targetHints":{"allow":["GET"]}}],"collection":[{"href":"https:\/\/survivornet.ca\/fr\/wp-json\/wp\/v2\/pages"}],"about":[{"href":"https:\/\/survivornet.ca\/fr\/wp-json\/wp\/v2\/types\/page"}],"author":[{"embeddable":true,"href":"https:\/\/survivornet.ca\/fr\/wp-json\/wp\/v2\/users\/2"}],"replies":[{"embeddable":true,"href":"https:\/\/survivornet.ca\/fr\/wp-json\/wp\/v2\/comments?post=12331"}],"version-history":[{"count":0,"href":"https:\/\/survivornet.ca\/fr\/wp-json\/wp\/v2\/pages\/12331\/revisions"}],"up":[{"embeddable":true,"href":"https:\/\/survivornet.ca\/fr\/wp-json\/wp\/v2\/pages\/11966"}],"wp:attachment":[{"href":"https:\/\/survivornet.ca\/fr\/wp-json\/wp\/v2\/media?parent=12331"}],"curies":[{"name":"wp","href":"https:\/\/api.w.org\/{rel}","templated":true}]}}