{"id":12312,"date":"2019-06-21T17:40:05","date_gmt":"2019-06-21T17:40:05","guid":{"rendered":"https:\/\/survivornet.ca\/?page_id=12312\/"},"modified":"2020-08-20T12:03:50","modified_gmt":"2020-08-20T16:03:50","slug":"infertilite","status":"publish","type":"page","link":"https:\/\/survivornet.ca\/fr\/apprenez\/enjeux-affectant-les-survivants-du-cancer-2\/enjeux-affectant-les-survivants-du-cancer\/infertilite\/","title":{"rendered":"Infertilit\u00e9"},"content":{"rendered":"<p>L&#8217;infertilit\u00e9 peut \u00eatre un probl\u00e8me grave pour de nombreux survivants du cancer. Les traitements de chimioth\u00e9rapie et de radioth\u00e9rapie peuvent entra\u00eener une diminution de la fertilit\u00e9. Pour les patientes qui demeurent fertiles apr\u00e8s un traitement anticanc\u00e9reux, la grossesse future comportera un risque beaucoup plus \u00e9lev\u00e9 de complications f\u0153tales et maternelles.<\/p>\n<p>La perte de fertilit\u00e9 peut \u00eatre tr\u00e8s p\u00e9nible pour de nombreux survivants du cancer, et il est donc important de discuter avec votre \u00e9quipe soignante de l&#8217;impact que le traitement du cancer peut avoir sur votre fertilit\u00e9.<\/p>\n<p>Bien qu&#8217;il y ait eu de nombreux d\u00e9veloppements dans le domaine des techniques de reproduction pour les survivants du cancer, il reste essentiel que les professionnels de la sant\u00e9 reconnaissent et discutent de l&#8217;impact possible sur la sant\u00e9 reproductive du patient avant le traitement du cancer, en particulier pour les enfants et les jeunes patients adultes. Cependant, certaines \u00e9tudes ont d\u00e9montr\u00e9 que seul un petit nombre d&#8217;oncologues discuteront des impacts des traitements anticanc\u00e9reux sur la fertilit\u00e9 et encore moins r\u00e9f\u00e9reront des patients en \u00e2ge de procr\u00e9er pour une consultation de pr\u00e9servation de la fertilit\u00e9. Souvent, les m\u00e9decins ne tiennent m\u00eame pas compte des probl\u00e8mes de fertilit\u00e9 futurs lorsqu&#8217;ils traitent des enfants atteints de cancer, ce qui peut \u00eatre p\u00e9nible lorsque les survivantes atteignent un \u00e2ge o\u00f9 elles esp\u00e8rent avoir un enfant.<span id='easy-footnote-1-12312' class='easy-footnote-margin-adjust'><\/span><span class='easy-footnote'><a href='https:\/\/survivornet.ca\/fr\/apprenez\/enjeux-affectant-les-survivants-du-cancer-2\/enjeux-affectant-les-survivants-du-cancer\/infertilite\/#easy-footnote-bottom-1-12312' title='Kort, J. D., Eisenberg, M. L., Millheiser, L. S., &amp;amp; Westphal, L. M. (2013). Fertility issues in cancer survivorship,\u00a0&lt;em&gt;CA: A Cancer Journal for Clinicians&lt;\/em&gt;,\u00a0&lt;em&gt;64&lt;\/em&gt;(2), pp. 118-134. DOI: 10.3322\/caac.21205'><sup>1<\/sup><\/a><\/span> Si les patientes n&#8217;ont pas encore atteint la pubert\u00e9, certaines cliniques de fertilit\u00e9 offrent la possibilit\u00e9 de congeler le tissu ovarien et testiculaire pour le r\u00e9implanter lorsque les patientes sont plus \u00e2g\u00e9es.<span id='easy-footnote-2-12312' class='easy-footnote-margin-adjust'><\/span><span class='easy-footnote'><a href='https:\/\/survivornet.ca\/fr\/apprenez\/enjeux-affectant-les-survivants-du-cancer-2\/enjeux-affectant-les-survivants-du-cancer\/infertilite\/#easy-footnote-bottom-2-12312' title='&lt;a href=&quot;https:\/\/well.blogs.nytimes.com\/2013\/09\/23\/after-childhood-cancer-fertility-is-within-reach-for-many\/&quot;&gt;https:\/\/well.blogs.nytimes.com\/2013\/09\/23\/after-childhood-cancer-fertility-is-within-reach-for-many\/&lt;\/a&gt;'><sup>2<\/sup><\/a><\/span><\/p>\n<p>&nbsp;<\/p>\n<h3><span style=\"text-decoration: underline;\">L&#8217;infertilit\u00e9 chez les femmes<\/span><\/h3>\n<p>Pour qu&#8217;une femme puisse concevoir un enfant, elle a besoin d&#8217;une fonction ovarienne suffisante et d&#8217;un ut\u00e9rus capable d&#8217;accueillir et d&#8217;amener un f\u0153tus \u00e0 terme. Le cancer et les traitements associ\u00e9s peuvent les endommager, affectant ainsi la capacit\u00e9 de reproduction de la \u00a0patiente.<\/p>\n<p>De nombreux traitements contre le cancer affecteront les ovaires, qui sont une partie essentielle de la fertilit\u00e9. Si les ovaires sont endommag\u00e9s, il y aura une diminution de la fertilit\u00e9 ainsi qu&#8217;un risque de m\u00e9nopause pr\u00e9coce.<\/p>\n<p>Les facteurs qui affectent la fertilit\u00e9 chez les survivants du cancer comprennent la chimioth\u00e9rapie et la radioth\u00e9rapie. La plupart des m\u00e9dicaments de chimioth\u00e9rapie endommagent les ovules, ce qui entra\u00eene l&#8217;infertilit\u00e9. Avec la radioth\u00e9rapie, les ovaires absorbent les radiations dirig\u00e9es vers le bassin, ce qui leur cause des dommages.<span id='easy-footnote-3-12312' class='easy-footnote-margin-adjust'><\/span><span class='easy-footnote'><a href='https:\/\/survivornet.ca\/fr\/apprenez\/enjeux-affectant-les-survivants-du-cancer-2\/enjeux-affectant-les-survivants-du-cancer\/infertilite\/#easy-footnote-bottom-3-12312' title='&lt;a href=&quot;https:\/\/www.cancer.org\/treatment\/treatments-and-side-effects\/physical-side-effects\/fertility-and-sexual-side-effects\/fertility-and-women-with-cancer\/how-cancer-treatments-affect-fertility.html&quot;&gt;https:\/\/www.cancer.org\/treatment\/treatments-and-side-effects\/physical-side-effects\/fertility-and-sexual-side-effects\/fertility-and-women-with-cancer\/how-cancer-treatments-affect-fertility.html&lt;\/a&gt;'><sup>3<\/sup><\/a><\/span><\/p>\n<p>La chirurgie est un traitement qui peut avoir un impact tr\u00e8s important sur la fertilit\u00e9. G\u00e9n\u00e9ralement, il existe plusieurs options chirurgicales pour les cancers des organes reproducteurs, chacune affectant la fertilit\u00e9 de mani\u00e8re diff\u00e9rente. Une hyst\u00e9rectomie est une ablation compl\u00e8te de l&#8217;ut\u00e9rus, ce qui signifie que la femme ne peut plus porter un enfant. L&#8217;ablation des ovaires, ou ovariectomie, affecte la capacit\u00e9 d&#8217;une femme \u00e0 devenir enceinte, car elle n&#8217;aura plus d&#8217;ovules. Cependant, selon le stade et la propagation du cancer, il est parfois possible de sauver un ovaire et de pr\u00e9server les ovules. Le maintien d&#8217;au moins un ovaire pr\u00e9vient \u00e9galement les sympt\u00f4mes de la m\u00e9nopause tels que les bouff\u00e9es de chaleur et la s\u00e9cheresse vaginale. Toute intervention chirurgicale qui cause des cicatrices dans les trompes de Fallope emp\u00eachera la femme de devenir enceinte, car les ovules ne pourront plus voyager \u00e0 travers ces trompes pour rencontrer le sperme et \u00eatre f\u00e9cond\u00e9s.<span id='easy-footnote-4-12312' class='easy-footnote-margin-adjust'><\/span><span class='easy-footnote'><a href='https:\/\/survivornet.ca\/fr\/apprenez\/enjeux-affectant-les-survivants-du-cancer-2\/enjeux-affectant-les-survivants-du-cancer\/infertilite\/#easy-footnote-bottom-4-12312' title='&lt;a href=&quot;https:\/\/www.cancer.org\/treatment\/treatments-and-side-effects\/physical-side-effects\/fertility-and-sexual-side-effects\/fertility-and-women-with-cancer\/how-cancer-treatments-affect-fertility.html&quot;&gt;https:\/\/www.cancer.org\/treatment\/treatments-and-side-effects\/physical-side-effects\/fertility-and-sexual-side-effects\/fertility-and-women-with-cancer\/how-cancer-treatments-affect-fertility.html&lt;\/a&gt;'><sup>4<\/sup><\/a><\/span><\/p>\n<p>Il est possible de retirer les ovules des ovaires et de les congeler jusqu&#8217;\u00e0 ce que vous d\u00e9cidiez d&#8217;avoir un enfant. D&#8217;autres options comprennent le traitement de l&#8217;infertilit\u00e9 apr\u00e8s un cancer, l&#8217;adoption ou l&#8217;utilisation d&#8217;un ovule ou d&#8217;un embryon donn\u00e9 pour avoir un enfant (parfois avec l&#8217;aide d&#8217;une m\u00e8re porteuse).<span id='easy-footnote-5-12312' class='easy-footnote-margin-adjust'><\/span><span class='easy-footnote'><a href='https:\/\/survivornet.ca\/fr\/apprenez\/enjeux-affectant-les-survivants-du-cancer-2\/enjeux-affectant-les-survivants-du-cancer\/infertilite\/#easy-footnote-bottom-5-12312' title='Kort, J. D., Eisenberg, M. L., Millheiser, L. S., &amp;amp; Westphal, L. M. (2013). Fertility issues in cancer survivorship,\u00a0&lt;em&gt;CA: A Cancer Journal for Clinicians&lt;\/em&gt;,\u00a0&lt;em&gt;64&lt;\/em&gt;(2), pp. 118-134. DOI: 10.3322\/caac.21205'><sup>5<\/sup><\/a><\/span><\/p>\n<p>&nbsp;<\/p>\n<h3><u>L&#8217;infertilit\u00e9 chez les hommes<\/u><\/h3>\n<p>En raison de la pr\u00e9valence croissante des relations entre les hommes \u00e2g\u00e9s et les jeunes femmes, on ne peut jamais pr\u00e9sumer des aspirations de procr\u00e9ation d&#8217;un homme en fonction de son \u00e2ge. Par cons\u00e9quent, tout comme pour les femmes atteintes d&#8217;un cancer, il est important de discuter de la pr\u00e9servation de la fertilit\u00e9 avec les hommes avant le d\u00e9but du traitement anti \u00a0cancer, tout en insistant sur la s\u00e9curit\u00e9 et la fiabilit\u00e9 de la cryopr\u00e9servation du sperme.<span id='easy-footnote-6-12312' class='easy-footnote-margin-adjust'><\/span><span class='easy-footnote'><a href='https:\/\/survivornet.ca\/fr\/apprenez\/enjeux-affectant-les-survivants-du-cancer-2\/enjeux-affectant-les-survivants-du-cancer\/infertilite\/#easy-footnote-bottom-6-12312' title='Kort, J. D., Eisenberg, M. L., Millheiser, L. S., &amp;amp; Westphal, L. M. (2013). Fertility issues in cancer survivorship,\u00a0&lt;em&gt;CA: A Cancer Journal for Clinicians&lt;\/em&gt;,\u00a0&lt;em&gt;64&lt;\/em&gt;(2), pp. 118-134. DOI: 10.3322\/caac.21205'><sup>6<\/sup><\/a><\/span><\/p>\n<p>Les traitements contre le cancer affecteront la fertilit\u00e9 masculine de diff\u00e9rentes mani\u00e8res. La chimioth\u00e9rapie vise \u00e0 tuer les cellules du corps qui se r\u00e9pliquent rapidement, et comme les cellules du sperme se divisent rapidement, elles sont une cible importante pour les m\u00e9dicaments chimio. Apr\u00e8s la chimioth\u00e9rapie, selon l&#8217;\u00e9tendue des dommages, la production de sperme ralentira ou m\u00eame cessera compl\u00e8tement &#8211; bien que dans certains cas, il faille jusqu&#8217;\u00e0 10 ans pour que la production de sperme reprenne.<span id='easy-footnote-7-12312' class='easy-footnote-margin-adjust'><\/span><span class='easy-footnote'><a href='https:\/\/survivornet.ca\/fr\/apprenez\/enjeux-affectant-les-survivants-du-cancer-2\/enjeux-affectant-les-survivants-du-cancer\/infertilite\/#easy-footnote-bottom-7-12312' title='&lt;a href=&quot;https:\/\/www.cancer.org\/treatment\/treatments-and-side-effects\/physical-side-effects\/fertility-and-sexual-side-effects\/fertility-and-men-with-cancer\/how-cancer-treatments-affect-fertility.html&quot;&gt;https:\/\/www.cancer.org\/treatment\/treatments-and-side-effects\/physical-side-effects\/fertility-and-sexual-side-effects\/fertility-and-men-with-cancer\/how-cancer-treatments-affect-fertility.html&lt;\/a&gt;'><sup>7<\/sup><\/a><\/span><\/p>\n<p>Les radiations du bassin ou des organes reproducteurs peuvent causer la st\u00e9rilit\u00e9 et la dysfonction \u00e9rectile chez les hommes (voir <a href=\"https:\/\/survivornet.ca\/fr\/impuissance\/\">Impuissance<\/a>). De plus, certains types de cancer peuvent affecter la fertilit\u00e9. L&#8217;ablation des testicules, ou orchidectomie, pourrait conserver la fertilit\u00e9 s\u2019il reste un testicule pour continuer la production de sperme. Dans le cas d&#8217;une orchidectomie bilat\u00e9rale, il ne sera pas possible pour le patient d&#8217;avoir des enfants \u00e0 moins d&#8217;avoir conserv\u00e9 du sperme avant la chirurgie. D&#8217;autres interventions chirurgicales, comme l&#8217;ablation de la prostate ou de la vessie, peuvent nuire \u00e0 l&#8217;\u00e9rection ou \u00e0 l&#8217;\u00e9jaculation, mais n&#8217;affecteront pas la production de sperme.<span id='easy-footnote-8-12312' class='easy-footnote-margin-adjust'><\/span><span class='easy-footnote'><a href='https:\/\/survivornet.ca\/fr\/apprenez\/enjeux-affectant-les-survivants-du-cancer-2\/enjeux-affectant-les-survivants-du-cancer\/infertilite\/#easy-footnote-bottom-8-12312' title='&lt;a href=&quot;https:\/\/www.cancer.org\/treatment\/treatments-and-side-effects\/physical-side-effects\/fertility-and-sexual-side-effects\/fertility-and-men-with-cancer\/how-cancer-treatments-affect-fertility.html&quot;&gt;https:\/\/www.cancer.org\/treatment\/treatments-and-side-effects\/physical-side-effects\/fertility-and-sexual-side-effects\/fertility-and-men-with-cancer\/how-cancer-treatments-affect-fertility.html&lt;\/a&gt;'><sup>8<\/sup><\/a><\/span><\/p>\n<p>Tout comme la conservation des ovaires chez les femmes, le sperme peut \u00eatre pr\u00e9lev\u00e9 et congel\u00e9 avant le d\u00e9but du traitement anti canc\u00e9reux afin de pr\u00e9server la fertilit\u00e9.<\/p>\n","protected":false},"excerpt":{"rendered":"<p>L&#8217;infertilit\u00e9 peut \u00eatre un probl\u00e8me grave pour de nombreux survivants du cancer. Les traitements de chimioth\u00e9rapie et de radioth\u00e9rapie peuvent entra\u00eener une diminution de la fertilit\u00e9. Pour les patientes qui demeurent fertiles<\/p>\n","protected":false},"author":2,"featured_media":0,"parent":11966,"menu_order":60,"comment_status":"closed","ping_status":"closed","template":"","meta":{"_acf_changed":false,"footnotes":""},"class_list":["post-12312","page","type-page","status-publish","hentry"],"acf":[],"yoast_head":"<!-- This site is optimized with the Yoast SEO plugin v27.4 - https:\/\/yoast.com\/product\/yoast-seo-wordpress\/ -->\n<title>Infertilit\u00e9 - Canadian Cancer Survivor Network<\/title>\n<meta name=\"robots\" content=\"index, follow, max-snippet:-1, max-image-preview:large, max-video-preview:-1\" \/>\n<link rel=\"canonical\" href=\"https:\/\/survivornet.ca\/fr\/apprenez\/enjeux-affectant-les-survivants-du-cancer-2\/enjeux-affectant-les-survivants-du-cancer\/infertilite\/\" \/>\n<meta property=\"og:locale\" content=\"fr_FR\" \/>\n<meta property=\"og:type\" content=\"article\" \/>\n<meta property=\"og:title\" content=\"Infertilit\u00e9 - Canadian Cancer Survivor Network\" \/>\n<meta property=\"og:description\" content=\"L&#8217;infertilit\u00e9 peut \u00eatre un probl\u00e8me grave pour de nombreux survivants du cancer. Les traitements de chimioth\u00e9rapie et de radioth\u00e9rapie peuvent entra\u00eener une diminution de la fertilit\u00e9. Pour les patientes qui demeurent fertiles\" \/>\n<meta property=\"og:url\" content=\"https:\/\/survivornet.ca\/fr\/apprenez\/enjeux-affectant-les-survivants-du-cancer-2\/enjeux-affectant-les-survivants-du-cancer\/infertilite\/\" \/>\n<meta property=\"og:site_name\" content=\"Canadian Cancer Survivor Network\" \/>\n<meta property=\"article:modified_time\" content=\"2020-08-20T16:03:50+00:00\" \/>\n<meta name=\"twitter:card\" content=\"summary_large_image\" \/>\n<meta name=\"twitter:label1\" content=\"Dur\u00e9e de lecture estim\u00e9e\" \/>\n\t<meta name=\"twitter:data1\" content=\"6 minutes\" \/>\n<script type=\"application\/ld+json\" class=\"yoast-schema-graph\">{\"@context\":\"https:\\\/\\\/schema.org\",\"@graph\":[{\"@type\":\"WebPage\",\"@id\":\"https:\\\/\\\/survivornet.ca\\\/fr\\\/apprenez\\\/enjeux-affectant-les-survivants-du-cancer-2\\\/enjeux-affectant-les-survivants-du-cancer\\\/infertilite\\\/\",\"url\":\"https:\\\/\\\/survivornet.ca\\\/fr\\\/apprenez\\\/enjeux-affectant-les-survivants-du-cancer-2\\\/enjeux-affectant-les-survivants-du-cancer\\\/infertilite\\\/\",\"name\":\"Infertilit\u00e9 - Canadian Cancer Survivor Network\",\"isPartOf\":{\"@id\":\"https:\\\/\\\/survivornet.ca\\\/#website\"},\"datePublished\":\"2019-06-21T17:40:05+00:00\",\"dateModified\":\"2020-08-20T16:03:50+00:00\",\"breadcrumb\":{\"@id\":\"https:\\\/\\\/survivornet.ca\\\/fr\\\/apprenez\\\/enjeux-affectant-les-survivants-du-cancer-2\\\/enjeux-affectant-les-survivants-du-cancer\\\/infertilite\\\/#breadcrumb\"},\"inLanguage\":\"fr-FR\",\"potentialAction\":[{\"@type\":\"ReadAction\",\"target\":[\"https:\\\/\\\/survivornet.ca\\\/fr\\\/apprenez\\\/enjeux-affectant-les-survivants-du-cancer-2\\\/enjeux-affectant-les-survivants-du-cancer\\\/infertilite\\\/\"]}]},{\"@type\":\"BreadcrumbList\",\"@id\":\"https:\\\/\\\/survivornet.ca\\\/fr\\\/apprenez\\\/enjeux-affectant-les-survivants-du-cancer-2\\\/enjeux-affectant-les-survivants-du-cancer\\\/infertilite\\\/#breadcrumb\",\"itemListElement\":[{\"@type\":\"ListItem\",\"position\":1,\"name\":\"Home\",\"item\":\"https:\\\/\\\/survivornet.ca\\\/fr\\\/\"},{\"@type\":\"ListItem\",\"position\":2,\"name\":\"Apprenez\",\"item\":\"https:\\\/\\\/survivornet.ca\\\/fr\\\/apprenez\\\/\"},{\"@type\":\"ListItem\",\"position\":3,\"name\":\"Enjeux affectant les survivants du cancer\",\"item\":\"https:\\\/\\\/survivornet.ca\\\/fr\\\/apprenez\\\/enjeux-affectant-les-survivants-du-cancer-2\\\/\"},{\"@type\":\"ListItem\",\"position\":4,\"name\":\"Les types d&#8217;enjeux affectant les survivants du cancer\",\"item\":\"https:\\\/\\\/survivornet.ca\\\/fr\\\/apprenez\\\/enjeux-affectant-les-survivants-du-cancer-2\\\/enjeux-affectant-les-survivants-du-cancer\\\/\"},{\"@type\":\"ListItem\",\"position\":5,\"name\":\"Infertilit\u00e9\"}]},{\"@type\":\"WebSite\",\"@id\":\"https:\\\/\\\/survivornet.ca\\\/#website\",\"url\":\"https:\\\/\\\/survivornet.ca\\\/\",\"name\":\"Canadian Cancer Survivor Network\",\"description\":\"The Canadian Cancer Survivor Network was created by a group of Canadians concerned about cancer.\",\"publisher\":{\"@id\":\"https:\\\/\\\/survivornet.ca\\\/#organization\"},\"potentialAction\":[{\"@type\":\"SearchAction\",\"target\":{\"@type\":\"EntryPoint\",\"urlTemplate\":\"https:\\\/\\\/survivornet.ca\\\/?s={search_term_string}\"},\"query-input\":{\"@type\":\"PropertyValueSpecification\",\"valueRequired\":true,\"valueName\":\"search_term_string\"}}],\"inLanguage\":\"fr-FR\"},{\"@type\":\"Organization\",\"@id\":\"https:\\\/\\\/survivornet.ca\\\/#organization\",\"name\":\"Canadian Cancer Survivor Network\",\"url\":\"https:\\\/\\\/survivornet.ca\\\/\",\"logo\":{\"@type\":\"ImageObject\",\"inLanguage\":\"fr-FR\",\"@id\":\"https:\\\/\\\/survivornet.ca\\\/#\\\/schema\\\/logo\\\/image\\\/\",\"url\":\"http:\\\/\\\/survivornet.ca\\\/wp-content\\\/uploads\\\/2016\\\/12\\\/CCSN_Logo_EN_SQUARE.png\",\"contentUrl\":\"http:\\\/\\\/survivornet.ca\\\/wp-content\\\/uploads\\\/2016\\\/12\\\/CCSN_Logo_EN_SQUARE.png\",\"width\":1209,\"height\":1007,\"caption\":\"Canadian Cancer Survivor Network\"},\"image\":{\"@id\":\"https:\\\/\\\/survivornet.ca\\\/#\\\/schema\\\/logo\\\/image\\\/\"}}]}<\/script>\n<!-- \/ Yoast SEO plugin. -->","yoast_head_json":{"title":"Infertilit\u00e9 - Canadian Cancer Survivor Network","robots":{"index":"index","follow":"follow","max-snippet":"max-snippet:-1","max-image-preview":"max-image-preview:large","max-video-preview":"max-video-preview:-1"},"canonical":"https:\/\/survivornet.ca\/fr\/apprenez\/enjeux-affectant-les-survivants-du-cancer-2\/enjeux-affectant-les-survivants-du-cancer\/infertilite\/","og_locale":"fr_FR","og_type":"article","og_title":"Infertilit\u00e9 - Canadian Cancer Survivor Network","og_description":"L&#8217;infertilit\u00e9 peut \u00eatre un probl\u00e8me grave pour de nombreux survivants du cancer. Les traitements de chimioth\u00e9rapie et de radioth\u00e9rapie peuvent entra\u00eener une diminution de la fertilit\u00e9. Pour les patientes qui demeurent fertiles","og_url":"https:\/\/survivornet.ca\/fr\/apprenez\/enjeux-affectant-les-survivants-du-cancer-2\/enjeux-affectant-les-survivants-du-cancer\/infertilite\/","og_site_name":"Canadian Cancer Survivor Network","article_modified_time":"2020-08-20T16:03:50+00:00","twitter_card":"summary_large_image","twitter_misc":{"Dur\u00e9e de lecture estim\u00e9e":"6 minutes"},"schema":{"@context":"https:\/\/schema.org","@graph":[{"@type":"WebPage","@id":"https:\/\/survivornet.ca\/fr\/apprenez\/enjeux-affectant-les-survivants-du-cancer-2\/enjeux-affectant-les-survivants-du-cancer\/infertilite\/","url":"https:\/\/survivornet.ca\/fr\/apprenez\/enjeux-affectant-les-survivants-du-cancer-2\/enjeux-affectant-les-survivants-du-cancer\/infertilite\/","name":"Infertilit\u00e9 - Canadian Cancer Survivor Network","isPartOf":{"@id":"https:\/\/survivornet.ca\/#website"},"datePublished":"2019-06-21T17:40:05+00:00","dateModified":"2020-08-20T16:03:50+00:00","breadcrumb":{"@id":"https:\/\/survivornet.ca\/fr\/apprenez\/enjeux-affectant-les-survivants-du-cancer-2\/enjeux-affectant-les-survivants-du-cancer\/infertilite\/#breadcrumb"},"inLanguage":"fr-FR","potentialAction":[{"@type":"ReadAction","target":["https:\/\/survivornet.ca\/fr\/apprenez\/enjeux-affectant-les-survivants-du-cancer-2\/enjeux-affectant-les-survivants-du-cancer\/infertilite\/"]}]},{"@type":"BreadcrumbList","@id":"https:\/\/survivornet.ca\/fr\/apprenez\/enjeux-affectant-les-survivants-du-cancer-2\/enjeux-affectant-les-survivants-du-cancer\/infertilite\/#breadcrumb","itemListElement":[{"@type":"ListItem","position":1,"name":"Home","item":"https:\/\/survivornet.ca\/fr\/"},{"@type":"ListItem","position":2,"name":"Apprenez","item":"https:\/\/survivornet.ca\/fr\/apprenez\/"},{"@type":"ListItem","position":3,"name":"Enjeux affectant les survivants du cancer","item":"https:\/\/survivornet.ca\/fr\/apprenez\/enjeux-affectant-les-survivants-du-cancer-2\/"},{"@type":"ListItem","position":4,"name":"Les types d&#8217;enjeux affectant les survivants du cancer","item":"https:\/\/survivornet.ca\/fr\/apprenez\/enjeux-affectant-les-survivants-du-cancer-2\/enjeux-affectant-les-survivants-du-cancer\/"},{"@type":"ListItem","position":5,"name":"Infertilit\u00e9"}]},{"@type":"WebSite","@id":"https:\/\/survivornet.ca\/#website","url":"https:\/\/survivornet.ca\/","name":"Canadian Cancer Survivor Network","description":"The Canadian Cancer Survivor Network was created by a group of Canadians concerned about cancer.","publisher":{"@id":"https:\/\/survivornet.ca\/#organization"},"potentialAction":[{"@type":"SearchAction","target":{"@type":"EntryPoint","urlTemplate":"https:\/\/survivornet.ca\/?s={search_term_string}"},"query-input":{"@type":"PropertyValueSpecification","valueRequired":true,"valueName":"search_term_string"}}],"inLanguage":"fr-FR"},{"@type":"Organization","@id":"https:\/\/survivornet.ca\/#organization","name":"Canadian Cancer Survivor Network","url":"https:\/\/survivornet.ca\/","logo":{"@type":"ImageObject","inLanguage":"fr-FR","@id":"https:\/\/survivornet.ca\/#\/schema\/logo\/image\/","url":"http:\/\/survivornet.ca\/wp-content\/uploads\/2016\/12\/CCSN_Logo_EN_SQUARE.png","contentUrl":"http:\/\/survivornet.ca\/wp-content\/uploads\/2016\/12\/CCSN_Logo_EN_SQUARE.png","width":1209,"height":1007,"caption":"Canadian Cancer Survivor Network"},"image":{"@id":"https:\/\/survivornet.ca\/#\/schema\/logo\/image\/"}}]}},"_links":{"self":[{"href":"https:\/\/survivornet.ca\/fr\/wp-json\/wp\/v2\/pages\/12312","targetHints":{"allow":["GET"]}}],"collection":[{"href":"https:\/\/survivornet.ca\/fr\/wp-json\/wp\/v2\/pages"}],"about":[{"href":"https:\/\/survivornet.ca\/fr\/wp-json\/wp\/v2\/types\/page"}],"author":[{"embeddable":true,"href":"https:\/\/survivornet.ca\/fr\/wp-json\/wp\/v2\/users\/2"}],"replies":[{"embeddable":true,"href":"https:\/\/survivornet.ca\/fr\/wp-json\/wp\/v2\/comments?post=12312"}],"version-history":[{"count":0,"href":"https:\/\/survivornet.ca\/fr\/wp-json\/wp\/v2\/pages\/12312\/revisions"}],"up":[{"embeddable":true,"href":"https:\/\/survivornet.ca\/fr\/wp-json\/wp\/v2\/pages\/11966"}],"wp:attachment":[{"href":"https:\/\/survivornet.ca\/fr\/wp-json\/wp\/v2\/media?parent=12312"}],"curies":[{"name":"wp","href":"https:\/\/api.w.org\/{rel}","templated":true}]}}