{"id":12309,"date":"2019-06-21T17:34:15","date_gmt":"2019-06-21T17:34:15","guid":{"rendered":"https:\/\/survivornet.ca\/?page_id=12309\/"},"modified":"2020-08-20T11:54:36","modified_gmt":"2020-08-20T15:54:36","slug":"impuissance","status":"publish","type":"page","link":"https:\/\/survivornet.ca\/fr\/apprenez\/enjeux-affectant-les-survivants-du-cancer-2\/enjeux-affectant-les-survivants-du-cancer\/impuissance\/","title":{"rendered":"Impuissance"},"content":{"rendered":"<p>L&#8217;impuissance est l&#8217;un des effets secondaires dus au cancer les plus difficiles \u00e0 vivre pour les hommes. L&#8217;impuissance implique souvent l&#8217;incapacit\u00e9 d&#8217;avoir ou de maintenir une \u00e9rection ou d&#8217;\u00e9jaculer.<\/p>\n<p>La chirurgie pour le traitement du cancer peut affecter les \u00e9rections en enlevant ou en endommageant les nerfs qui en sont responsables. Cependant, m\u00eame si les nerfs ne sont pas endommag\u00e9s pendant la chirurgie, le processus de gu\u00e9rison peut prendre jusqu&#8217;\u00e0 2 ans pour la plupart des hommes. On ne sait pas enti\u00e8rement pourquoi certains hommes ont \u00e0 nouveau des \u00e9rections alors que d&#8217;autres non.<\/p>\n<p>Les causes de l&#8217;impuissance peuvent \u00eatre physiques, psychologiques ou les deux. Les causes physiques comprennent les tumeurs affectant les organes sexuels, la chirurgie pour enlever ces tumeurs, les dommages aux nerfs ou aux vaisseaux sanguins, les changements hormonaux, la radiation au bassin, la fatigue et la douleur. Les fluctuations \u00e9motionnelles peuvent \u00e9galement avoir un impact, y compris des changements \u00e0 l&#8217;image de soi, des troubles de l&#8217;humeur, la peur de la performance sexuelle, la peur de la douleur et des sentiments de g\u00eane.<span id='easy-footnote-1-12309' class='easy-footnote-margin-adjust'><\/span><span class='easy-footnote'><a href='https:\/\/survivornet.ca\/fr\/apprenez\/enjeux-affectant-les-survivants-du-cancer-2\/enjeux-affectant-les-survivants-du-cancer\/impuissance\/#easy-footnote-bottom-1-12309' title='&lt;a href=&quot;https:\/\/www.cancer.org\/treatment\/treatments-and-side-effects\/physical-side-effects\/fertility-and-sexual-side-effects\/sexuality-for-men-with-cancer\/erections-and-treatment.html&quot;&gt;https:\/\/www.cancer.org\/treatment\/treatments-and-side-effects\/physical-side-effects\/fertility-and-sexual-side-effects\/sexuality-for-men-with-cancer\/erections-and-treatment.html&lt;\/a&gt;'><sup>1<\/sup><\/a><\/span><\/p>\n<p>Il existe diff\u00e9rentes techniques qui peuvent aider \u00e0 r\u00e9duire les sympt\u00f4mes physiques :<\/p>\n<ul class=\"content-list\">\n<li>La physioth\u00e9rapie peut aider \u00e0 soulager la douleur en \u00e9tirant les muscles du plancher pelvien.<\/li>\n<li>Des m\u00e9dicaments peuvent \u00eatre prescrits pour augmenter le flux sanguin vers le p\u00e9nis afin de pr\u00e9venir la dysfonction \u00e9rectile.<\/li>\n<li>Dans les cas o\u00f9 les m\u00e9dicaments sont contre-indiqu\u00e9s, des dispositifs et des proth\u00e8ses peuvent \u00eatre implant\u00e9s pour aider \u00e0 traiter la dysfonction \u00e9rectile.<\/li>\n<\/ul>\n<p>Certaines \u00e9tudes sugg\u00e8rent que diff\u00e9rentes m\u00e9thodes pour stimuler une \u00e9rection, commen\u00e7ant dans les semaines ou les mois qui suivent la chirurgie, peuvent aider certains hommes \u00e0 retrouver leur fonction sexuelle, ce que l&#8217;on appelle la r\u00e9habilitation du p\u00e9nis, ou la r\u00e9habilitation \u00e9rectile.<span id='easy-footnote-2-12309' class='easy-footnote-margin-adjust'><\/span><span class='easy-footnote'><a href='https:\/\/survivornet.ca\/fr\/apprenez\/enjeux-affectant-les-survivants-du-cancer-2\/enjeux-affectant-les-survivants-du-cancer\/impuissance\/#easy-footnote-bottom-2-12309' title='&lt;a href=&quot;https:\/\/www.cancer.org\/treatment\/treatments-and-side-effects\/physical-side-effects\/fertility-and-sexual-side-effects\/sexuality-for-men-with-cancer\/erections-and-treatment.html&quot;&gt;https:\/\/www.cancer.org\/treatment\/treatments-and-side-effects\/physical-side-effects\/fertility-and-sexual-side-effects\/sexuality-for-men-with-cancer\/erections-and-treatment.html&lt;\/a&gt;'><sup>2<\/sup><\/a><\/span><\/p>\n<p>Il est important de parler \u00e0 votre m\u00e9decin ou \u00e0 un conseiller de tout probl\u00e8me sexuel que vous subissez, m\u00eame si vous et le professionnel de la sant\u00e9 pourriez \u00eatre h\u00e9sitants \u00e0 en parler. C&#8217;est une question qui peut avoir un impact \u00e0 long terme sur la qualit\u00e9 de vie.<span id='easy-footnote-3-12309' class='easy-footnote-margin-adjust'><\/span><span class='easy-footnote'><a href='https:\/\/survivornet.ca\/fr\/apprenez\/enjeux-affectant-les-survivants-du-cancer-2\/enjeux-affectant-les-survivants-du-cancer\/impuissance\/#easy-footnote-bottom-3-12309' title='&lt;a href=&quot;https:\/\/www.fredhutch.org\/en\/news\/center-news\/2016\/07\/the-sexual-aftermath-of-cancer.html&quot;&gt;https:\/\/www.fredhutch.org\/en\/news\/center-news\/2016\/07\/the-sexual-aftermath-of-cancer.html&lt;\/a&gt;'><sup>3<\/sup><\/a><\/span><\/p>\n","protected":false},"excerpt":{"rendered":"<p>L&#8217;impuissance est l&#8217;un des effets secondaires dus au cancer les plus difficiles \u00e0 vivre pour les hommes. L&#8217;impuissance implique souvent l&#8217;incapacit\u00e9 d&#8217;avoir ou de maintenir une \u00e9rection ou d&#8217;\u00e9jaculer. La chirurgie pour<\/p>\n","protected":false},"author":2,"featured_media":0,"parent":11966,"menu_order":55,"comment_status":"closed","ping_status":"closed","template":"","meta":{"_acf_changed":false,"footnotes":""},"class_list":["post-12309","page","type-page","status-publish","hentry"],"acf":[],"yoast_head":"<!-- This site is optimized with the Yoast SEO plugin v27.4 - https:\/\/yoast.com\/product\/yoast-seo-wordpress\/ -->\n<title>Impuissance - Canadian Cancer Survivor Network<\/title>\n<meta name=\"robots\" content=\"index, follow, max-snippet:-1, max-image-preview:large, max-video-preview:-1\" \/>\n<link rel=\"canonical\" href=\"https:\/\/survivornet.ca\/fr\/apprenez\/enjeux-affectant-les-survivants-du-cancer-2\/enjeux-affectant-les-survivants-du-cancer\/impuissance\/\" \/>\n<meta property=\"og:locale\" content=\"fr_FR\" \/>\n<meta property=\"og:type\" content=\"article\" \/>\n<meta property=\"og:title\" content=\"Impuissance - Canadian Cancer Survivor Network\" \/>\n<meta property=\"og:description\" content=\"L&#8217;impuissance est l&#8217;un des effets secondaires dus au cancer les plus difficiles \u00e0 vivre pour les hommes. L&#8217;impuissance implique souvent l&#8217;incapacit\u00e9 d&#8217;avoir ou de maintenir une \u00e9rection ou d&#8217;\u00e9jaculer. La chirurgie pour\" \/>\n<meta property=\"og:url\" content=\"https:\/\/survivornet.ca\/fr\/apprenez\/enjeux-affectant-les-survivants-du-cancer-2\/enjeux-affectant-les-survivants-du-cancer\/impuissance\/\" \/>\n<meta property=\"og:site_name\" content=\"Canadian Cancer Survivor Network\" \/>\n<meta property=\"article:modified_time\" content=\"2020-08-20T15:54:36+00:00\" \/>\n<meta name=\"twitter:card\" content=\"summary_large_image\" \/>\n<meta name=\"twitter:label1\" content=\"Dur\u00e9e de lecture estim\u00e9e\" \/>\n\t<meta name=\"twitter:data1\" content=\"2 minutes\" \/>\n<script type=\"application\/ld+json\" class=\"yoast-schema-graph\">{\"@context\":\"https:\\\/\\\/schema.org\",\"@graph\":[{\"@type\":\"WebPage\",\"@id\":\"https:\\\/\\\/survivornet.ca\\\/fr\\\/apprenez\\\/enjeux-affectant-les-survivants-du-cancer-2\\\/enjeux-affectant-les-survivants-du-cancer\\\/impuissance\\\/\",\"url\":\"https:\\\/\\\/survivornet.ca\\\/fr\\\/apprenez\\\/enjeux-affectant-les-survivants-du-cancer-2\\\/enjeux-affectant-les-survivants-du-cancer\\\/impuissance\\\/\",\"name\":\"Impuissance - Canadian Cancer Survivor Network\",\"isPartOf\":{\"@id\":\"https:\\\/\\\/survivornet.ca\\\/#website\"},\"datePublished\":\"2019-06-21T17:34:15+00:00\",\"dateModified\":\"2020-08-20T15:54:36+00:00\",\"breadcrumb\":{\"@id\":\"https:\\\/\\\/survivornet.ca\\\/fr\\\/apprenez\\\/enjeux-affectant-les-survivants-du-cancer-2\\\/enjeux-affectant-les-survivants-du-cancer\\\/impuissance\\\/#breadcrumb\"},\"inLanguage\":\"fr-FR\",\"potentialAction\":[{\"@type\":\"ReadAction\",\"target\":[\"https:\\\/\\\/survivornet.ca\\\/fr\\\/apprenez\\\/enjeux-affectant-les-survivants-du-cancer-2\\\/enjeux-affectant-les-survivants-du-cancer\\\/impuissance\\\/\"]}]},{\"@type\":\"BreadcrumbList\",\"@id\":\"https:\\\/\\\/survivornet.ca\\\/fr\\\/apprenez\\\/enjeux-affectant-les-survivants-du-cancer-2\\\/enjeux-affectant-les-survivants-du-cancer\\\/impuissance\\\/#breadcrumb\",\"itemListElement\":[{\"@type\":\"ListItem\",\"position\":1,\"name\":\"Home\",\"item\":\"https:\\\/\\\/survivornet.ca\\\/fr\\\/\"},{\"@type\":\"ListItem\",\"position\":2,\"name\":\"Apprenez\",\"item\":\"https:\\\/\\\/survivornet.ca\\\/fr\\\/apprenez\\\/\"},{\"@type\":\"ListItem\",\"position\":3,\"name\":\"Enjeux affectant les survivants du cancer\",\"item\":\"https:\\\/\\\/survivornet.ca\\\/fr\\\/apprenez\\\/enjeux-affectant-les-survivants-du-cancer-2\\\/\"},{\"@type\":\"ListItem\",\"position\":4,\"name\":\"Les types d&#8217;enjeux affectant les survivants du cancer\",\"item\":\"https:\\\/\\\/survivornet.ca\\\/fr\\\/apprenez\\\/enjeux-affectant-les-survivants-du-cancer-2\\\/enjeux-affectant-les-survivants-du-cancer\\\/\"},{\"@type\":\"ListItem\",\"position\":5,\"name\":\"Impuissance\"}]},{\"@type\":\"WebSite\",\"@id\":\"https:\\\/\\\/survivornet.ca\\\/#website\",\"url\":\"https:\\\/\\\/survivornet.ca\\\/\",\"name\":\"Canadian Cancer Survivor Network\",\"description\":\"The Canadian Cancer Survivor Network was created by a group of Canadians concerned about cancer.\",\"publisher\":{\"@id\":\"https:\\\/\\\/survivornet.ca\\\/#organization\"},\"potentialAction\":[{\"@type\":\"SearchAction\",\"target\":{\"@type\":\"EntryPoint\",\"urlTemplate\":\"https:\\\/\\\/survivornet.ca\\\/?s={search_term_string}\"},\"query-input\":{\"@type\":\"PropertyValueSpecification\",\"valueRequired\":true,\"valueName\":\"search_term_string\"}}],\"inLanguage\":\"fr-FR\"},{\"@type\":\"Organization\",\"@id\":\"https:\\\/\\\/survivornet.ca\\\/#organization\",\"name\":\"Canadian Cancer Survivor Network\",\"url\":\"https:\\\/\\\/survivornet.ca\\\/\",\"logo\":{\"@type\":\"ImageObject\",\"inLanguage\":\"fr-FR\",\"@id\":\"https:\\\/\\\/survivornet.ca\\\/#\\\/schema\\\/logo\\\/image\\\/\",\"url\":\"http:\\\/\\\/survivornet.ca\\\/wp-content\\\/uploads\\\/2016\\\/12\\\/CCSN_Logo_EN_SQUARE.png\",\"contentUrl\":\"http:\\\/\\\/survivornet.ca\\\/wp-content\\\/uploads\\\/2016\\\/12\\\/CCSN_Logo_EN_SQUARE.png\",\"width\":1209,\"height\":1007,\"caption\":\"Canadian Cancer Survivor Network\"},\"image\":{\"@id\":\"https:\\\/\\\/survivornet.ca\\\/#\\\/schema\\\/logo\\\/image\\\/\"}}]}<\/script>\n<!-- \/ Yoast SEO plugin. -->","yoast_head_json":{"title":"Impuissance - Canadian Cancer Survivor Network","robots":{"index":"index","follow":"follow","max-snippet":"max-snippet:-1","max-image-preview":"max-image-preview:large","max-video-preview":"max-video-preview:-1"},"canonical":"https:\/\/survivornet.ca\/fr\/apprenez\/enjeux-affectant-les-survivants-du-cancer-2\/enjeux-affectant-les-survivants-du-cancer\/impuissance\/","og_locale":"fr_FR","og_type":"article","og_title":"Impuissance - Canadian Cancer Survivor Network","og_description":"L&#8217;impuissance est l&#8217;un des effets secondaires dus au cancer les plus difficiles \u00e0 vivre pour les hommes. L&#8217;impuissance implique souvent l&#8217;incapacit\u00e9 d&#8217;avoir ou de maintenir une \u00e9rection ou d&#8217;\u00e9jaculer. La chirurgie pour","og_url":"https:\/\/survivornet.ca\/fr\/apprenez\/enjeux-affectant-les-survivants-du-cancer-2\/enjeux-affectant-les-survivants-du-cancer\/impuissance\/","og_site_name":"Canadian Cancer Survivor Network","article_modified_time":"2020-08-20T15:54:36+00:00","twitter_card":"summary_large_image","twitter_misc":{"Dur\u00e9e de lecture estim\u00e9e":"2 minutes"},"schema":{"@context":"https:\/\/schema.org","@graph":[{"@type":"WebPage","@id":"https:\/\/survivornet.ca\/fr\/apprenez\/enjeux-affectant-les-survivants-du-cancer-2\/enjeux-affectant-les-survivants-du-cancer\/impuissance\/","url":"https:\/\/survivornet.ca\/fr\/apprenez\/enjeux-affectant-les-survivants-du-cancer-2\/enjeux-affectant-les-survivants-du-cancer\/impuissance\/","name":"Impuissance - Canadian Cancer Survivor Network","isPartOf":{"@id":"https:\/\/survivornet.ca\/#website"},"datePublished":"2019-06-21T17:34:15+00:00","dateModified":"2020-08-20T15:54:36+00:00","breadcrumb":{"@id":"https:\/\/survivornet.ca\/fr\/apprenez\/enjeux-affectant-les-survivants-du-cancer-2\/enjeux-affectant-les-survivants-du-cancer\/impuissance\/#breadcrumb"},"inLanguage":"fr-FR","potentialAction":[{"@type":"ReadAction","target":["https:\/\/survivornet.ca\/fr\/apprenez\/enjeux-affectant-les-survivants-du-cancer-2\/enjeux-affectant-les-survivants-du-cancer\/impuissance\/"]}]},{"@type":"BreadcrumbList","@id":"https:\/\/survivornet.ca\/fr\/apprenez\/enjeux-affectant-les-survivants-du-cancer-2\/enjeux-affectant-les-survivants-du-cancer\/impuissance\/#breadcrumb","itemListElement":[{"@type":"ListItem","position":1,"name":"Home","item":"https:\/\/survivornet.ca\/fr\/"},{"@type":"ListItem","position":2,"name":"Apprenez","item":"https:\/\/survivornet.ca\/fr\/apprenez\/"},{"@type":"ListItem","position":3,"name":"Enjeux affectant les survivants du cancer","item":"https:\/\/survivornet.ca\/fr\/apprenez\/enjeux-affectant-les-survivants-du-cancer-2\/"},{"@type":"ListItem","position":4,"name":"Les types d&#8217;enjeux affectant les survivants du cancer","item":"https:\/\/survivornet.ca\/fr\/apprenez\/enjeux-affectant-les-survivants-du-cancer-2\/enjeux-affectant-les-survivants-du-cancer\/"},{"@type":"ListItem","position":5,"name":"Impuissance"}]},{"@type":"WebSite","@id":"https:\/\/survivornet.ca\/#website","url":"https:\/\/survivornet.ca\/","name":"Canadian Cancer Survivor Network","description":"The Canadian Cancer Survivor Network was created by a group of Canadians concerned about cancer.","publisher":{"@id":"https:\/\/survivornet.ca\/#organization"},"potentialAction":[{"@type":"SearchAction","target":{"@type":"EntryPoint","urlTemplate":"https:\/\/survivornet.ca\/?s={search_term_string}"},"query-input":{"@type":"PropertyValueSpecification","valueRequired":true,"valueName":"search_term_string"}}],"inLanguage":"fr-FR"},{"@type":"Organization","@id":"https:\/\/survivornet.ca\/#organization","name":"Canadian Cancer Survivor Network","url":"https:\/\/survivornet.ca\/","logo":{"@type":"ImageObject","inLanguage":"fr-FR","@id":"https:\/\/survivornet.ca\/#\/schema\/logo\/image\/","url":"http:\/\/survivornet.ca\/wp-content\/uploads\/2016\/12\/CCSN_Logo_EN_SQUARE.png","contentUrl":"http:\/\/survivornet.ca\/wp-content\/uploads\/2016\/12\/CCSN_Logo_EN_SQUARE.png","width":1209,"height":1007,"caption":"Canadian Cancer Survivor Network"},"image":{"@id":"https:\/\/survivornet.ca\/#\/schema\/logo\/image\/"}}]}},"_links":{"self":[{"href":"https:\/\/survivornet.ca\/fr\/wp-json\/wp\/v2\/pages\/12309","targetHints":{"allow":["GET"]}}],"collection":[{"href":"https:\/\/survivornet.ca\/fr\/wp-json\/wp\/v2\/pages"}],"about":[{"href":"https:\/\/survivornet.ca\/fr\/wp-json\/wp\/v2\/types\/page"}],"author":[{"embeddable":true,"href":"https:\/\/survivornet.ca\/fr\/wp-json\/wp\/v2\/users\/2"}],"replies":[{"embeddable":true,"href":"https:\/\/survivornet.ca\/fr\/wp-json\/wp\/v2\/comments?post=12309"}],"version-history":[{"count":0,"href":"https:\/\/survivornet.ca\/fr\/wp-json\/wp\/v2\/pages\/12309\/revisions"}],"up":[{"embeddable":true,"href":"https:\/\/survivornet.ca\/fr\/wp-json\/wp\/v2\/pages\/11966"}],"wp:attachment":[{"href":"https:\/\/survivornet.ca\/fr\/wp-json\/wp\/v2\/media?parent=12309"}],"curies":[{"name":"wp","href":"https:\/\/api.w.org\/{rel}","templated":true}]}}