{"id":12306,"date":"2019-06-21T17:25:33","date_gmt":"2019-06-21T17:25:33","guid":{"rendered":"https:\/\/survivornet.ca\/?page_id=12306\/"},"modified":"2020-08-20T11:53:04","modified_gmt":"2020-08-20T15:53:04","slug":"perte-de-cheveux-alopecie","status":"publish","type":"page","link":"https:\/\/survivornet.ca\/fr\/apprenez\/enjeux-affectant-les-survivants-du-cancer-2\/enjeux-affectant-les-survivants-du-cancer\/perte-de-cheveux-alopecie\/","title":{"rendered":"Perte de cheveux (alop\u00e9cie)"},"content":{"rendered":"<p>La perte de cheveux, aussi appel\u00e9e l&#8217;alop\u00e9cie, peut \u00eatre un effet secondaire de la chimioth\u00e9rapie, de la th\u00e9rapie cibl\u00e9e, de la radioth\u00e9rapie ou des greffes de moelle osseuse ou de cellules souches. Ces traitements peuvent causer la perte de cheveux en endommageant les cellules qui les aident \u00e0 pousser. La perte de cheveux peut se produire dans tout le corps, y compris la t\u00eate, le visage, les bras, les jambes, les aisselles et la r\u00e9gion pubienne. Les cheveux peuvent tomber lentement, en sections ou enti\u00e8rement. Les cheveux d&#8217;une personne peuvent aussi simplement s\u2019amincir imperceptiblement, et ils peuvent devenir plus ternes ou plus secs. La perte de cheveux li\u00e9e au traitement anti cancer est habituellement temporaire. La plupart du temps, les cheveux repoussent, m\u00eame s&#8217;ils restent fins.<\/p>\n<p>Le fait d\u2019apprendre \u00e0 g\u00e9rer la perte de cheveux apr\u00e8s le traitement peut vous aider \u00e0 faire face \u00e0 cet effet secondaire. Pour de nombreuses personnes, la perte de cheveux due \u00e0 un traitement contre le cancer est plus qu&#8217;un simple changement d&#8217;apparence physique. La perte de vos cheveux peut \u00eatre une exp\u00e9rience difficile \u00e9motionnellement, qui affecte votre image de soi et votre qualit\u00e9 de vie. Il est important de parler de vos \u00e9motions avec votre r\u00e9seau de soutien, comme un conseiller, un membre de la famille ou un ami.<span id='easy-footnote-1-12306' class='easy-footnote-margin-adjust'><\/span><span class='easy-footnote'><a href='https:\/\/survivornet.ca\/fr\/apprenez\/enjeux-affectant-les-survivants-du-cancer-2\/enjeux-affectant-les-survivants-du-cancer\/perte-de-cheveux-alopecie\/#easy-footnote-bottom-1-12306' title='&lt;a href=&quot;https:\/\/www.cancer.net\/coping-with-cancer\/physical-emotional-and-social-effects-cancer\/managing-physical-side-effects\/hair-loss-or-alopecia&quot;&gt;https:\/\/www.cancer.net\/coping-with-cancer\/physical-emotional-and-social-effects-cancer\/managing-physical-side-effects\/hair-loss-or-alopecia&lt;\/a&gt;'><sup>1<\/sup><\/a><\/span><\/p>\n<p>Vous pouvez porter un foulard, un turban ou un chapeau si vous \u00eates sensible \u00e0 la perte de vos cheveux, et cela vous gardera la t\u00eate au chaud. Si vous envisagez d&#8217;acheter une perruque ou un postiche, essayez d&#8217;en acheter un avant que vos cheveux ne tombent, ce qui vous permettra de mieux les assortir \u00e0 vos propres cheveux.<\/p>\n<p>Habituellement, les cheveux commencent \u00e0 repousser normalement un mois ou deux apr\u00e8s la fin du traitement; de plus, leur \u00e9paisseur et leur couleur peuvent \u00eatre l\u00e9g\u00e8rement modifi\u00e9es. Lorsque les cheveux repoussent, ils pourraient aussi \u00eatre moins forts qu\u2019auparavant et les cheveux faibles sont plus susceptibles de se casser. Les traitements chimiques des nouveaux cheveux, tels que les teintures et les permanentes, ne sont recommand\u00e9s qu&#8217;apr\u00e8s 3 coupes de cheveux. Discutez-en avec votre groupe de soins de sant\u00e9 pour savoir quand il est possible d&#8217;utiliser ces produits \u00e0 nouveau.<span id='easy-footnote-2-12306' class='easy-footnote-margin-adjust'><\/span><span class='easy-footnote'><a href='https:\/\/survivornet.ca\/fr\/apprenez\/enjeux-affectant-les-survivants-du-cancer-2\/enjeux-affectant-les-survivants-du-cancer\/perte-de-cheveux-alopecie\/#easy-footnote-bottom-2-12306' title='&lt;a href=&quot;https:\/\/www.cancer.ca\/en\/cancer-information\/diagnosis-and-treatment\/managing-side-effects\/hair-loss\/?region=on&quot;&gt;https:\/\/www.cancer.ca\/en\/cancer-information\/diagnosis-and-treatment\/managing-side-effects\/hair-loss\/?region=on&lt;\/a&gt;'><sup>2<\/sup><\/a><\/span><\/p>\n","protected":false},"excerpt":{"rendered":"<p>La perte de cheveux, aussi appel\u00e9e l&#8217;alop\u00e9cie, peut \u00eatre un effet secondaire de la chimioth\u00e9rapie, de la th\u00e9rapie cibl\u00e9e, de la radioth\u00e9rapie ou des greffes de moelle osseuse ou de cellules souches.<\/p>\n","protected":false},"author":2,"featured_media":0,"parent":11966,"menu_order":50,"comment_status":"closed","ping_status":"closed","template":"","meta":{"_acf_changed":false,"footnotes":""},"class_list":["post-12306","page","type-page","status-publish","hentry"],"acf":[],"yoast_head":"<!-- This site is optimized with the Yoast SEO plugin v27.4 - https:\/\/yoast.com\/product\/yoast-seo-wordpress\/ -->\n<title>Perte de cheveux (alop\u00e9cie) - Canadian Cancer Survivor Network<\/title>\n<meta name=\"robots\" content=\"index, follow, max-snippet:-1, max-image-preview:large, max-video-preview:-1\" \/>\n<link rel=\"canonical\" href=\"https:\/\/survivornet.ca\/fr\/apprenez\/enjeux-affectant-les-survivants-du-cancer-2\/enjeux-affectant-les-survivants-du-cancer\/perte-de-cheveux-alopecie\/\" \/>\n<meta property=\"og:locale\" content=\"fr_FR\" \/>\n<meta property=\"og:type\" content=\"article\" \/>\n<meta property=\"og:title\" content=\"Perte de cheveux (alop\u00e9cie) - Canadian Cancer Survivor Network\" \/>\n<meta property=\"og:description\" content=\"La perte de cheveux, aussi appel\u00e9e l&#8217;alop\u00e9cie, peut \u00eatre un effet secondaire de la chimioth\u00e9rapie, de la th\u00e9rapie cibl\u00e9e, de la radioth\u00e9rapie ou des greffes de moelle osseuse ou de cellules souches.\" \/>\n<meta property=\"og:url\" content=\"https:\/\/survivornet.ca\/fr\/apprenez\/enjeux-affectant-les-survivants-du-cancer-2\/enjeux-affectant-les-survivants-du-cancer\/perte-de-cheveux-alopecie\/\" \/>\n<meta property=\"og:site_name\" content=\"Canadian Cancer Survivor Network\" \/>\n<meta property=\"article:modified_time\" content=\"2020-08-20T15:53:04+00:00\" \/>\n<meta name=\"twitter:card\" content=\"summary_large_image\" \/>\n<meta name=\"twitter:label1\" content=\"Dur\u00e9e de lecture estim\u00e9e\" \/>\n\t<meta name=\"twitter:data1\" content=\"2 minutes\" \/>\n<script type=\"application\/ld+json\" class=\"yoast-schema-graph\">{\"@context\":\"https:\\\/\\\/schema.org\",\"@graph\":[{\"@type\":\"WebPage\",\"@id\":\"https:\\\/\\\/survivornet.ca\\\/fr\\\/apprenez\\\/enjeux-affectant-les-survivants-du-cancer-2\\\/enjeux-affectant-les-survivants-du-cancer\\\/perte-de-cheveux-alopecie\\\/\",\"url\":\"https:\\\/\\\/survivornet.ca\\\/fr\\\/apprenez\\\/enjeux-affectant-les-survivants-du-cancer-2\\\/enjeux-affectant-les-survivants-du-cancer\\\/perte-de-cheveux-alopecie\\\/\",\"name\":\"Perte de cheveux (alop\u00e9cie) - Canadian Cancer Survivor Network\",\"isPartOf\":{\"@id\":\"https:\\\/\\\/survivornet.ca\\\/#website\"},\"datePublished\":\"2019-06-21T17:25:33+00:00\",\"dateModified\":\"2020-08-20T15:53:04+00:00\",\"breadcrumb\":{\"@id\":\"https:\\\/\\\/survivornet.ca\\\/fr\\\/apprenez\\\/enjeux-affectant-les-survivants-du-cancer-2\\\/enjeux-affectant-les-survivants-du-cancer\\\/perte-de-cheveux-alopecie\\\/#breadcrumb\"},\"inLanguage\":\"fr-FR\",\"potentialAction\":[{\"@type\":\"ReadAction\",\"target\":[\"https:\\\/\\\/survivornet.ca\\\/fr\\\/apprenez\\\/enjeux-affectant-les-survivants-du-cancer-2\\\/enjeux-affectant-les-survivants-du-cancer\\\/perte-de-cheveux-alopecie\\\/\"]}]},{\"@type\":\"BreadcrumbList\",\"@id\":\"https:\\\/\\\/survivornet.ca\\\/fr\\\/apprenez\\\/enjeux-affectant-les-survivants-du-cancer-2\\\/enjeux-affectant-les-survivants-du-cancer\\\/perte-de-cheveux-alopecie\\\/#breadcrumb\",\"itemListElement\":[{\"@type\":\"ListItem\",\"position\":1,\"name\":\"Home\",\"item\":\"https:\\\/\\\/survivornet.ca\\\/fr\\\/\"},{\"@type\":\"ListItem\",\"position\":2,\"name\":\"Apprenez\",\"item\":\"https:\\\/\\\/survivornet.ca\\\/fr\\\/apprenez\\\/\"},{\"@type\":\"ListItem\",\"position\":3,\"name\":\"Enjeux affectant les survivants du cancer\",\"item\":\"https:\\\/\\\/survivornet.ca\\\/fr\\\/apprenez\\\/enjeux-affectant-les-survivants-du-cancer-2\\\/\"},{\"@type\":\"ListItem\",\"position\":4,\"name\":\"Les types d&#8217;enjeux affectant les survivants du cancer\",\"item\":\"https:\\\/\\\/survivornet.ca\\\/fr\\\/apprenez\\\/enjeux-affectant-les-survivants-du-cancer-2\\\/enjeux-affectant-les-survivants-du-cancer\\\/\"},{\"@type\":\"ListItem\",\"position\":5,\"name\":\"Perte de cheveux (alop\u00e9cie)\"}]},{\"@type\":\"WebSite\",\"@id\":\"https:\\\/\\\/survivornet.ca\\\/#website\",\"url\":\"https:\\\/\\\/survivornet.ca\\\/\",\"name\":\"Canadian Cancer Survivor Network\",\"description\":\"The Canadian Cancer Survivor Network was created by a group of Canadians concerned about cancer.\",\"publisher\":{\"@id\":\"https:\\\/\\\/survivornet.ca\\\/#organization\"},\"potentialAction\":[{\"@type\":\"SearchAction\",\"target\":{\"@type\":\"EntryPoint\",\"urlTemplate\":\"https:\\\/\\\/survivornet.ca\\\/?s={search_term_string}\"},\"query-input\":{\"@type\":\"PropertyValueSpecification\",\"valueRequired\":true,\"valueName\":\"search_term_string\"}}],\"inLanguage\":\"fr-FR\"},{\"@type\":\"Organization\",\"@id\":\"https:\\\/\\\/survivornet.ca\\\/#organization\",\"name\":\"Canadian Cancer Survivor Network\",\"url\":\"https:\\\/\\\/survivornet.ca\\\/\",\"logo\":{\"@type\":\"ImageObject\",\"inLanguage\":\"fr-FR\",\"@id\":\"https:\\\/\\\/survivornet.ca\\\/#\\\/schema\\\/logo\\\/image\\\/\",\"url\":\"http:\\\/\\\/survivornet.ca\\\/wp-content\\\/uploads\\\/2016\\\/12\\\/CCSN_Logo_EN_SQUARE.png\",\"contentUrl\":\"http:\\\/\\\/survivornet.ca\\\/wp-content\\\/uploads\\\/2016\\\/12\\\/CCSN_Logo_EN_SQUARE.png\",\"width\":1209,\"height\":1007,\"caption\":\"Canadian Cancer Survivor Network\"},\"image\":{\"@id\":\"https:\\\/\\\/survivornet.ca\\\/#\\\/schema\\\/logo\\\/image\\\/\"}}]}<\/script>\n<!-- \/ Yoast SEO plugin. -->","yoast_head_json":{"title":"Perte de cheveux (alop\u00e9cie) - Canadian Cancer Survivor Network","robots":{"index":"index","follow":"follow","max-snippet":"max-snippet:-1","max-image-preview":"max-image-preview:large","max-video-preview":"max-video-preview:-1"},"canonical":"https:\/\/survivornet.ca\/fr\/apprenez\/enjeux-affectant-les-survivants-du-cancer-2\/enjeux-affectant-les-survivants-du-cancer\/perte-de-cheveux-alopecie\/","og_locale":"fr_FR","og_type":"article","og_title":"Perte de cheveux (alop\u00e9cie) - Canadian Cancer Survivor Network","og_description":"La perte de cheveux, aussi appel\u00e9e l&#8217;alop\u00e9cie, peut \u00eatre un effet secondaire de la chimioth\u00e9rapie, de la th\u00e9rapie cibl\u00e9e, de la radioth\u00e9rapie ou des greffes de moelle osseuse ou de cellules souches.","og_url":"https:\/\/survivornet.ca\/fr\/apprenez\/enjeux-affectant-les-survivants-du-cancer-2\/enjeux-affectant-les-survivants-du-cancer\/perte-de-cheveux-alopecie\/","og_site_name":"Canadian Cancer Survivor Network","article_modified_time":"2020-08-20T15:53:04+00:00","twitter_card":"summary_large_image","twitter_misc":{"Dur\u00e9e de lecture estim\u00e9e":"2 minutes"},"schema":{"@context":"https:\/\/schema.org","@graph":[{"@type":"WebPage","@id":"https:\/\/survivornet.ca\/fr\/apprenez\/enjeux-affectant-les-survivants-du-cancer-2\/enjeux-affectant-les-survivants-du-cancer\/perte-de-cheveux-alopecie\/","url":"https:\/\/survivornet.ca\/fr\/apprenez\/enjeux-affectant-les-survivants-du-cancer-2\/enjeux-affectant-les-survivants-du-cancer\/perte-de-cheveux-alopecie\/","name":"Perte de cheveux (alop\u00e9cie) - Canadian Cancer Survivor Network","isPartOf":{"@id":"https:\/\/survivornet.ca\/#website"},"datePublished":"2019-06-21T17:25:33+00:00","dateModified":"2020-08-20T15:53:04+00:00","breadcrumb":{"@id":"https:\/\/survivornet.ca\/fr\/apprenez\/enjeux-affectant-les-survivants-du-cancer-2\/enjeux-affectant-les-survivants-du-cancer\/perte-de-cheveux-alopecie\/#breadcrumb"},"inLanguage":"fr-FR","potentialAction":[{"@type":"ReadAction","target":["https:\/\/survivornet.ca\/fr\/apprenez\/enjeux-affectant-les-survivants-du-cancer-2\/enjeux-affectant-les-survivants-du-cancer\/perte-de-cheveux-alopecie\/"]}]},{"@type":"BreadcrumbList","@id":"https:\/\/survivornet.ca\/fr\/apprenez\/enjeux-affectant-les-survivants-du-cancer-2\/enjeux-affectant-les-survivants-du-cancer\/perte-de-cheveux-alopecie\/#breadcrumb","itemListElement":[{"@type":"ListItem","position":1,"name":"Home","item":"https:\/\/survivornet.ca\/fr\/"},{"@type":"ListItem","position":2,"name":"Apprenez","item":"https:\/\/survivornet.ca\/fr\/apprenez\/"},{"@type":"ListItem","position":3,"name":"Enjeux affectant les survivants du cancer","item":"https:\/\/survivornet.ca\/fr\/apprenez\/enjeux-affectant-les-survivants-du-cancer-2\/"},{"@type":"ListItem","position":4,"name":"Les types d&#8217;enjeux affectant les survivants du cancer","item":"https:\/\/survivornet.ca\/fr\/apprenez\/enjeux-affectant-les-survivants-du-cancer-2\/enjeux-affectant-les-survivants-du-cancer\/"},{"@type":"ListItem","position":5,"name":"Perte de cheveux (alop\u00e9cie)"}]},{"@type":"WebSite","@id":"https:\/\/survivornet.ca\/#website","url":"https:\/\/survivornet.ca\/","name":"Canadian Cancer Survivor Network","description":"The Canadian Cancer Survivor Network was created by a group of Canadians concerned about cancer.","publisher":{"@id":"https:\/\/survivornet.ca\/#organization"},"potentialAction":[{"@type":"SearchAction","target":{"@type":"EntryPoint","urlTemplate":"https:\/\/survivornet.ca\/?s={search_term_string}"},"query-input":{"@type":"PropertyValueSpecification","valueRequired":true,"valueName":"search_term_string"}}],"inLanguage":"fr-FR"},{"@type":"Organization","@id":"https:\/\/survivornet.ca\/#organization","name":"Canadian Cancer Survivor Network","url":"https:\/\/survivornet.ca\/","logo":{"@type":"ImageObject","inLanguage":"fr-FR","@id":"https:\/\/survivornet.ca\/#\/schema\/logo\/image\/","url":"http:\/\/survivornet.ca\/wp-content\/uploads\/2016\/12\/CCSN_Logo_EN_SQUARE.png","contentUrl":"http:\/\/survivornet.ca\/wp-content\/uploads\/2016\/12\/CCSN_Logo_EN_SQUARE.png","width":1209,"height":1007,"caption":"Canadian Cancer Survivor Network"},"image":{"@id":"https:\/\/survivornet.ca\/#\/schema\/logo\/image\/"}}]}},"_links":{"self":[{"href":"https:\/\/survivornet.ca\/fr\/wp-json\/wp\/v2\/pages\/12306","targetHints":{"allow":["GET"]}}],"collection":[{"href":"https:\/\/survivornet.ca\/fr\/wp-json\/wp\/v2\/pages"}],"about":[{"href":"https:\/\/survivornet.ca\/fr\/wp-json\/wp\/v2\/types\/page"}],"author":[{"embeddable":true,"href":"https:\/\/survivornet.ca\/fr\/wp-json\/wp\/v2\/users\/2"}],"replies":[{"embeddable":true,"href":"https:\/\/survivornet.ca\/fr\/wp-json\/wp\/v2\/comments?post=12306"}],"version-history":[{"count":0,"href":"https:\/\/survivornet.ca\/fr\/wp-json\/wp\/v2\/pages\/12306\/revisions"}],"up":[{"embeddable":true,"href":"https:\/\/survivornet.ca\/fr\/wp-json\/wp\/v2\/pages\/11966"}],"wp:attachment":[{"href":"https:\/\/survivornet.ca\/fr\/wp-json\/wp\/v2\/media?parent=12306"}],"curies":[{"name":"wp","href":"https:\/\/api.w.org\/{rel}","templated":true}]}}