{"id":12269,"date":"2019-06-21T14:00:58","date_gmt":"2019-06-21T14:00:58","guid":{"rendered":"https:\/\/survivornet.ca\/?page_id=12269\/"},"modified":"2019-06-28T17:48:31","modified_gmt":"2019-06-28T17:48:31","slug":"trouble-de-stress-post-traumatique-sspt","status":"publish","type":"page","link":"https:\/\/survivornet.ca\/fr\/apprenez\/enjeux-affectant-les-survivants-du-cancer-2\/enjeux-affectant-les-survivants-du-cancer\/trouble-de-stress-post-traumatique-sspt\/","title":{"rendered":"Trouble de stress post-traumatique (SSPT)"},"content":{"rendered":"<p>Le syndrome de stress post-traumatique (SSPT) peut affecter les survivants du cancer et m\u00eame leurs aidants. Une \u00e9tude a r\u00e9v\u00e9l\u00e9 que 6 mois apr\u00e8s le diagnostic, 1 survivant du cancer sur 5 pr\u00e9sentait des sympt\u00f4mes du SSPT, bien que ce nombre diminue \u00e0 mesure que le temps passe apr\u00e8s le diagnostic et les traitements. [1]<\/p>\n<p>Le diagnostic et le traitement du cancer peuvent \u00eatre une exp\u00e9rience tr\u00e8s stressante, et ce stress peut se poursuivre pour les survivants, surtout lorsqu&#8217;ils vivent avec une peur constante de r\u00e9cidive.<\/p>\n<p>Les visites \u00e0 l&#8217;h\u00f4pital ou chez le m\u00e9decin pour des rendez-vous de suivi routiniers peuvent \u00eatre un d\u00e9clencheur de certains sympt\u00f4mes du SSPT, mais le fait de manquer ces rendez-vous pose un risque pour la sant\u00e9 des survivants. D&#8217;autres signes du SSPT peuvent inclure : [1] [2]<\/p>\n<ul class=\"content-list\">\n<li>Des cauchemars et des flashbacks \u00e0 propos de l&#8217;exp\u00e9rience du cancer, le fait d\u2019y penser de fa\u00e7on obsessionnelle.<\/li>\n<li>De la difficult\u00e9 \u00e0 dormir, \u00e0 se concentrer ou de mauvaises habitudes de sommeil.<\/li>\n<li>Une perte d&#8217;int\u00e9r\u00eat pour les activit\u00e9s que vous avez aim\u00e9es auparavant.<\/li>\n<li>Des pens\u00e9es ind\u00e9sirables ou effrayantes.<\/li>\n<li>Une difficult\u00e9 \u00e0 ressentir des \u00e9motions ou des sentiments d&#8217;anxi\u00e9t\u00e9 extr\u00eame, de peur, d&#8217;impuissance et d&#8217;irritabilit\u00e9.<\/li>\n<\/ul>\n<p>Le cancer est souvent qualifi\u00e9 de <em>bataille<\/em>, et les patients peuvent se sentir oblig\u00e9s d&#8217;adopter une <em>mentalit\u00e9 de guerrier<\/em>, en restant positifs et optimistes. Le fait de chercher de l&#8217;aide pour des probl\u00e8mes \u00e9motionnels peut \u00eatre consid\u00e9r\u00e9 comme une reconnaissance de sa propre faiblesse, mais il faut \u00eatre plus conscient du fait qu&#8217;il n&#8217;y a rien de mal \u00e0 obtenir de l&#8217;aide pour g\u00e9rer les effets secondaires \u00e9motionnels que le cancer peut parfois avoir, comme la d\u00e9pression, l&#8217;anxi\u00e9t\u00e9 et le SSPT. [1]<\/p>\n<p>Un diagnostic de SSPT peut \u00eatre pos\u00e9 lorsque les sympt\u00f4mes persistent plus de 30 jours. Certains des m\u00e9canismes d&#8217;adaptation qui peuvent \u00eatre discut\u00e9s dans la th\u00e9rapie pour r\u00e9duire au minimum l&#8217;impact du SSPT incluent : [3]<\/p>\n<ul class=\"content-list\">\n<li>D\u00e9velopper des comp\u00e9tences en r\u00e9solution de probl\u00e8mes.<\/li>\n<li>Changer les pens\u00e9es et les comportements obsessionnels.<\/li>\n<li>Cesser d&#8217;\u00e9viter les situations.<\/li>\n<li>G\u00e9rer le stress.<\/li>\n<\/ul>\n<p>De nombreux survivants du cancer ont dit qu&#8217;ils trouvaient les groupes de soutien particuli\u00e8rement utiles, car ils ont la chance de rencontrer d&#8217;autres personnes qui ont v\u00e9cu des exp\u00e9riences similaires et qui vivent peut-\u00eatre aussi avec le SSPT. Malheureusement, ce n&#8217;est peut-\u00eatre pas une possibilit\u00e9 pour les patients atteints d&#8217;un cancer rare. Il est toujours important de consulter un professionnel si vos sympt\u00f4mes affectent votre vie quotidienne.<\/p>\n<p>&nbsp;<\/p>\n<p>&nbsp;<\/p>\n<p>&nbsp;<\/p>\n<p>[1]\u00a0<a href=\"https:\/\/www.gatewaycr.org\/gateway-blog\/posts\/2018\/january\/1-in-5-cancer-survivors-live-with-post-traumatic-stress-disorder-ptsd\/\">https:\/\/www.gatewaycr.org\/gateway-blog\/posts\/2018\/january\/1-in-5-cancer-survivors-live-with-post-traumatic-stress-disorder-ptsd\/<\/a><\/p>\n<p>[2]\u00a0<a href=\"https:\/\/www.cancer.net\/survivorship\/life-after-cancer\/post-traumatic-stress-disorder-and-cancer\">https:\/\/www.cancer.net\/survivorship\/life-after-cancer\/post-traumatic-stress-disorder-and-cancer<\/a><\/p>\n<p>[3]\u00a0<a href=\"http:\/\/www.cancer.ca\/en\/cancer-information\/cancer-journey\/living-with-cancer\/stress\/?region=on\">http:\/\/www.cancer.ca\/en\/cancer-information\/cancer-journey\/living-with-cancer\/stress\/<\/a><\/p>\n","protected":false},"excerpt":{"rendered":"<p>Le syndrome de stress post-traumatique (SSPT) peut affecter les survivants du cancer et m\u00eame leurs aidants. Une \u00e9tude a r\u00e9v\u00e9l\u00e9 que 6 mois apr\u00e8s le diagnostic, 1 survivant du cancer sur 5<\/p>\n","protected":false},"author":2,"featured_media":0,"parent":11966,"menu_order":85,"comment_status":"closed","ping_status":"closed","template":"","meta":{"_acf_changed":false,"footnotes":""},"class_list":["post-12269","page","type-page","status-publish","hentry"],"acf":[],"yoast_head":"<!-- This site is optimized with the Yoast SEO plugin v27.4 - https:\/\/yoast.com\/product\/yoast-seo-wordpress\/ -->\n<title>Trouble de stress post-traumatique (SSPT) - Canadian Cancer Survivor Network<\/title>\n<meta name=\"robots\" content=\"index, follow, max-snippet:-1, max-image-preview:large, max-video-preview:-1\" \/>\n<link rel=\"canonical\" href=\"https:\/\/survivornet.ca\/fr\/apprenez\/enjeux-affectant-les-survivants-du-cancer-2\/enjeux-affectant-les-survivants-du-cancer\/trouble-de-stress-post-traumatique-sspt\/\" \/>\n<meta property=\"og:locale\" content=\"fr_FR\" \/>\n<meta property=\"og:type\" content=\"article\" \/>\n<meta property=\"og:title\" content=\"Trouble de stress post-traumatique (SSPT) - Canadian Cancer Survivor Network\" \/>\n<meta property=\"og:description\" content=\"Le syndrome de stress post-traumatique (SSPT) peut affecter les survivants du cancer et m\u00eame leurs aidants. Une \u00e9tude a r\u00e9v\u00e9l\u00e9 que 6 mois apr\u00e8s le diagnostic, 1 survivant du cancer sur 5\" \/>\n<meta property=\"og:url\" content=\"https:\/\/survivornet.ca\/fr\/apprenez\/enjeux-affectant-les-survivants-du-cancer-2\/enjeux-affectant-les-survivants-du-cancer\/trouble-de-stress-post-traumatique-sspt\/\" \/>\n<meta property=\"og:site_name\" content=\"Canadian Cancer Survivor Network\" \/>\n<meta property=\"article:modified_time\" content=\"2019-06-28T17:48:31+00:00\" \/>\n<meta name=\"twitter:card\" content=\"summary_large_image\" \/>\n<meta name=\"twitter:label1\" content=\"Dur\u00e9e de lecture estim\u00e9e\" \/>\n\t<meta name=\"twitter:data1\" content=\"2 minutes\" \/>\n<script type=\"application\/ld+json\" class=\"yoast-schema-graph\">{\"@context\":\"https:\\\/\\\/schema.org\",\"@graph\":[{\"@type\":\"WebPage\",\"@id\":\"https:\\\/\\\/survivornet.ca\\\/fr\\\/apprenez\\\/enjeux-affectant-les-survivants-du-cancer-2\\\/enjeux-affectant-les-survivants-du-cancer\\\/trouble-de-stress-post-traumatique-sspt\\\/\",\"url\":\"https:\\\/\\\/survivornet.ca\\\/fr\\\/apprenez\\\/enjeux-affectant-les-survivants-du-cancer-2\\\/enjeux-affectant-les-survivants-du-cancer\\\/trouble-de-stress-post-traumatique-sspt\\\/\",\"name\":\"Trouble de stress post-traumatique (SSPT) - Canadian Cancer Survivor Network\",\"isPartOf\":{\"@id\":\"https:\\\/\\\/survivornet.ca\\\/#website\"},\"datePublished\":\"2019-06-21T14:00:58+00:00\",\"dateModified\":\"2019-06-28T17:48:31+00:00\",\"breadcrumb\":{\"@id\":\"https:\\\/\\\/survivornet.ca\\\/fr\\\/apprenez\\\/enjeux-affectant-les-survivants-du-cancer-2\\\/enjeux-affectant-les-survivants-du-cancer\\\/trouble-de-stress-post-traumatique-sspt\\\/#breadcrumb\"},\"inLanguage\":\"fr-FR\",\"potentialAction\":[{\"@type\":\"ReadAction\",\"target\":[\"https:\\\/\\\/survivornet.ca\\\/fr\\\/apprenez\\\/enjeux-affectant-les-survivants-du-cancer-2\\\/enjeux-affectant-les-survivants-du-cancer\\\/trouble-de-stress-post-traumatique-sspt\\\/\"]}]},{\"@type\":\"BreadcrumbList\",\"@id\":\"https:\\\/\\\/survivornet.ca\\\/fr\\\/apprenez\\\/enjeux-affectant-les-survivants-du-cancer-2\\\/enjeux-affectant-les-survivants-du-cancer\\\/trouble-de-stress-post-traumatique-sspt\\\/#breadcrumb\",\"itemListElement\":[{\"@type\":\"ListItem\",\"position\":1,\"name\":\"Home\",\"item\":\"https:\\\/\\\/survivornet.ca\\\/fr\\\/\"},{\"@type\":\"ListItem\",\"position\":2,\"name\":\"Apprenez\",\"item\":\"https:\\\/\\\/survivornet.ca\\\/fr\\\/apprenez\\\/\"},{\"@type\":\"ListItem\",\"position\":3,\"name\":\"Enjeux affectant les survivants du cancer\",\"item\":\"https:\\\/\\\/survivornet.ca\\\/fr\\\/apprenez\\\/enjeux-affectant-les-survivants-du-cancer-2\\\/\"},{\"@type\":\"ListItem\",\"position\":4,\"name\":\"Les types d&#8217;enjeux affectant les survivants du cancer\",\"item\":\"https:\\\/\\\/survivornet.ca\\\/fr\\\/apprenez\\\/enjeux-affectant-les-survivants-du-cancer-2\\\/enjeux-affectant-les-survivants-du-cancer\\\/\"},{\"@type\":\"ListItem\",\"position\":5,\"name\":\"Trouble de stress post-traumatique (SSPT)\"}]},{\"@type\":\"WebSite\",\"@id\":\"https:\\\/\\\/survivornet.ca\\\/#website\",\"url\":\"https:\\\/\\\/survivornet.ca\\\/\",\"name\":\"Canadian Cancer Survivor Network\",\"description\":\"The Canadian Cancer Survivor Network was created by a group of Canadians concerned about cancer.\",\"publisher\":{\"@id\":\"https:\\\/\\\/survivornet.ca\\\/#organization\"},\"potentialAction\":[{\"@type\":\"SearchAction\",\"target\":{\"@type\":\"EntryPoint\",\"urlTemplate\":\"https:\\\/\\\/survivornet.ca\\\/?s={search_term_string}\"},\"query-input\":{\"@type\":\"PropertyValueSpecification\",\"valueRequired\":true,\"valueName\":\"search_term_string\"}}],\"inLanguage\":\"fr-FR\"},{\"@type\":\"Organization\",\"@id\":\"https:\\\/\\\/survivornet.ca\\\/#organization\",\"name\":\"Canadian Cancer Survivor Network\",\"url\":\"https:\\\/\\\/survivornet.ca\\\/\",\"logo\":{\"@type\":\"ImageObject\",\"inLanguage\":\"fr-FR\",\"@id\":\"https:\\\/\\\/survivornet.ca\\\/#\\\/schema\\\/logo\\\/image\\\/\",\"url\":\"http:\\\/\\\/survivornet.ca\\\/wp-content\\\/uploads\\\/2016\\\/12\\\/CCSN_Logo_EN_SQUARE.png\",\"contentUrl\":\"http:\\\/\\\/survivornet.ca\\\/wp-content\\\/uploads\\\/2016\\\/12\\\/CCSN_Logo_EN_SQUARE.png\",\"width\":1209,\"height\":1007,\"caption\":\"Canadian Cancer Survivor Network\"},\"image\":{\"@id\":\"https:\\\/\\\/survivornet.ca\\\/#\\\/schema\\\/logo\\\/image\\\/\"}}]}<\/script>\n<!-- \/ Yoast SEO plugin. -->","yoast_head_json":{"title":"Trouble de stress post-traumatique (SSPT) - Canadian Cancer Survivor Network","robots":{"index":"index","follow":"follow","max-snippet":"max-snippet:-1","max-image-preview":"max-image-preview:large","max-video-preview":"max-video-preview:-1"},"canonical":"https:\/\/survivornet.ca\/fr\/apprenez\/enjeux-affectant-les-survivants-du-cancer-2\/enjeux-affectant-les-survivants-du-cancer\/trouble-de-stress-post-traumatique-sspt\/","og_locale":"fr_FR","og_type":"article","og_title":"Trouble de stress post-traumatique (SSPT) - Canadian Cancer Survivor Network","og_description":"Le syndrome de stress post-traumatique (SSPT) peut affecter les survivants du cancer et m\u00eame leurs aidants. Une \u00e9tude a r\u00e9v\u00e9l\u00e9 que 6 mois apr\u00e8s le diagnostic, 1 survivant du cancer sur 5","og_url":"https:\/\/survivornet.ca\/fr\/apprenez\/enjeux-affectant-les-survivants-du-cancer-2\/enjeux-affectant-les-survivants-du-cancer\/trouble-de-stress-post-traumatique-sspt\/","og_site_name":"Canadian Cancer Survivor Network","article_modified_time":"2019-06-28T17:48:31+00:00","twitter_card":"summary_large_image","twitter_misc":{"Dur\u00e9e de lecture estim\u00e9e":"2 minutes"},"schema":{"@context":"https:\/\/schema.org","@graph":[{"@type":"WebPage","@id":"https:\/\/survivornet.ca\/fr\/apprenez\/enjeux-affectant-les-survivants-du-cancer-2\/enjeux-affectant-les-survivants-du-cancer\/trouble-de-stress-post-traumatique-sspt\/","url":"https:\/\/survivornet.ca\/fr\/apprenez\/enjeux-affectant-les-survivants-du-cancer-2\/enjeux-affectant-les-survivants-du-cancer\/trouble-de-stress-post-traumatique-sspt\/","name":"Trouble de stress post-traumatique (SSPT) - Canadian Cancer Survivor Network","isPartOf":{"@id":"https:\/\/survivornet.ca\/#website"},"datePublished":"2019-06-21T14:00:58+00:00","dateModified":"2019-06-28T17:48:31+00:00","breadcrumb":{"@id":"https:\/\/survivornet.ca\/fr\/apprenez\/enjeux-affectant-les-survivants-du-cancer-2\/enjeux-affectant-les-survivants-du-cancer\/trouble-de-stress-post-traumatique-sspt\/#breadcrumb"},"inLanguage":"fr-FR","potentialAction":[{"@type":"ReadAction","target":["https:\/\/survivornet.ca\/fr\/apprenez\/enjeux-affectant-les-survivants-du-cancer-2\/enjeux-affectant-les-survivants-du-cancer\/trouble-de-stress-post-traumatique-sspt\/"]}]},{"@type":"BreadcrumbList","@id":"https:\/\/survivornet.ca\/fr\/apprenez\/enjeux-affectant-les-survivants-du-cancer-2\/enjeux-affectant-les-survivants-du-cancer\/trouble-de-stress-post-traumatique-sspt\/#breadcrumb","itemListElement":[{"@type":"ListItem","position":1,"name":"Home","item":"https:\/\/survivornet.ca\/fr\/"},{"@type":"ListItem","position":2,"name":"Apprenez","item":"https:\/\/survivornet.ca\/fr\/apprenez\/"},{"@type":"ListItem","position":3,"name":"Enjeux affectant les survivants du cancer","item":"https:\/\/survivornet.ca\/fr\/apprenez\/enjeux-affectant-les-survivants-du-cancer-2\/"},{"@type":"ListItem","position":4,"name":"Les types d&#8217;enjeux affectant les survivants du cancer","item":"https:\/\/survivornet.ca\/fr\/apprenez\/enjeux-affectant-les-survivants-du-cancer-2\/enjeux-affectant-les-survivants-du-cancer\/"},{"@type":"ListItem","position":5,"name":"Trouble de stress post-traumatique (SSPT)"}]},{"@type":"WebSite","@id":"https:\/\/survivornet.ca\/#website","url":"https:\/\/survivornet.ca\/","name":"Canadian Cancer Survivor Network","description":"The Canadian Cancer Survivor Network was created by a group of Canadians concerned about cancer.","publisher":{"@id":"https:\/\/survivornet.ca\/#organization"},"potentialAction":[{"@type":"SearchAction","target":{"@type":"EntryPoint","urlTemplate":"https:\/\/survivornet.ca\/?s={search_term_string}"},"query-input":{"@type":"PropertyValueSpecification","valueRequired":true,"valueName":"search_term_string"}}],"inLanguage":"fr-FR"},{"@type":"Organization","@id":"https:\/\/survivornet.ca\/#organization","name":"Canadian Cancer Survivor Network","url":"https:\/\/survivornet.ca\/","logo":{"@type":"ImageObject","inLanguage":"fr-FR","@id":"https:\/\/survivornet.ca\/#\/schema\/logo\/image\/","url":"http:\/\/survivornet.ca\/wp-content\/uploads\/2016\/12\/CCSN_Logo_EN_SQUARE.png","contentUrl":"http:\/\/survivornet.ca\/wp-content\/uploads\/2016\/12\/CCSN_Logo_EN_SQUARE.png","width":1209,"height":1007,"caption":"Canadian Cancer Survivor Network"},"image":{"@id":"https:\/\/survivornet.ca\/#\/schema\/logo\/image\/"}}]}},"_links":{"self":[{"href":"https:\/\/survivornet.ca\/fr\/wp-json\/wp\/v2\/pages\/12269","targetHints":{"allow":["GET"]}}],"collection":[{"href":"https:\/\/survivornet.ca\/fr\/wp-json\/wp\/v2\/pages"}],"about":[{"href":"https:\/\/survivornet.ca\/fr\/wp-json\/wp\/v2\/types\/page"}],"author":[{"embeddable":true,"href":"https:\/\/survivornet.ca\/fr\/wp-json\/wp\/v2\/users\/2"}],"replies":[{"embeddable":true,"href":"https:\/\/survivornet.ca\/fr\/wp-json\/wp\/v2\/comments?post=12269"}],"version-history":[{"count":0,"href":"https:\/\/survivornet.ca\/fr\/wp-json\/wp\/v2\/pages\/12269\/revisions"}],"up":[{"embeddable":true,"href":"https:\/\/survivornet.ca\/fr\/wp-json\/wp\/v2\/pages\/11966"}],"wp:attachment":[{"href":"https:\/\/survivornet.ca\/fr\/wp-json\/wp\/v2\/media?parent=12269"}],"curies":[{"name":"wp","href":"https:\/\/api.w.org\/{rel}","templated":true}]}}