{"id":12263,"date":"2019-06-21T13:46:40","date_gmt":"2019-06-21T13:46:40","guid":{"rendered":"https:\/\/survivornet.ca\/?page_id=12263\/"},"modified":"2019-06-21T18:21:30","modified_gmt":"2019-06-21T18:21:30","slug":"stomie","status":"publish","type":"page","link":"https:\/\/survivornet.ca\/fr\/apprenez\/enjeux-affectant-les-survivants-du-cancer-2\/enjeux-affectant-les-survivants-du-cancer\/stomie\/","title":{"rendered":"Stomie"},"content":{"rendered":"<p>Une stomie est une intervention chirurgicale qui cr\u00e9e une ouverture (stomie) sur la peau de l&#8217;abdomen pour permettre l&#8217;\u00e9limination des mati\u00e8res r\u00e9siduelles (urine et selles), ou sur la gorge pour aider \u00e0 la respiration. Il existe de nombreux types de cancer qui peuvent n\u00e9cessiter une stomie, comme les cancers de l&#8217;intestin, des voies urinaires ou de la t\u00eate et du cou. Une stomie peut \u00e9galement \u00eatre n\u00e9cessaire lorsque la tumeur ou le traitement implique une obstruction ou une interruption des voies normales. [1]<\/p>\n<p>Il existe diff\u00e9rents types de stomies : [2]<\/p>\n<ul class=\"content-list\">\n<li><strong>Colostomie<\/strong> : Ouverture chirurgicale du gros intestin ou du c\u00f4lon \u00e0 l&#8217;abdomen pour permettre aux selles de passer \u00e0 l&#8217;ext\u00e9rieur du corps.<\/li>\n<li><strong>Il\u00e9ostomie<\/strong> : Une ouverture dans l&#8217;il\u00e9on, une partie de l&#8217;intestin gr\u00eale, vers l&#8217;abdomen. Le contenu de l&#8217;intestin gr\u00eale peut passer \u00e0 l&#8217;ext\u00e9rieur du corps.<\/li>\n<li><strong>Urostomie<\/strong> : Une ouverture dans le syst\u00e8me urinaire o\u00f9 l&#8217;urine peut s&#8217;\u00e9couler vers l&#8217;ext\u00e9rieur.<\/li>\n<li><strong>Gastrostomie<\/strong> : Ouverture de l&#8217;estomac vers l&#8217;ext\u00e9rieur du corps, pour permettre l&#8217;alimentation.<\/li>\n<li><strong>Trach\u00e9otomie<\/strong> : Ouverture \u00e0 partir de la trach\u00e9e pour prot\u00e9ger les voies respiratoires et permettre \u00e0 l&#8217;air d&#8217;atteindre les poumons.<\/li>\n<\/ul>\n<p>&nbsp;<\/p>\n<p>Une stomie est en fait l&#8217;ouverture de la paroi abdominale ou de la gorge cr\u00e9\u00e9e par les proc\u00e9dures d&#8217;ostomie et qui n\u00e9cessite un entretien quotidien. Une infirmi\u00e8re stomoth\u00e9rapeute peut fournir l\u2019information initiale avant et apr\u00e8s la chirurgie, qui comprend les consignes sur la gestion quotidienne de la stomie, sur les modifications au r\u00e9gime alimentaire, les exercices, les relations sociales et matrimoniales. Il est possible pour une personne ayant une stomie de mener une vie normale, bien qu&#8217;il faille un certain temps pour s&#8217;habituer \u00e0 cela. Voici quelques ajustements qui pourraient vous aider : [2]<\/p>\n<ul class=\"content-list\">\n<li>Colostomie : \u00c9viter les aliments qui causaient des gaz avant votre op\u00e9ration, comme les haricots, le chou et les aliments \u00e9pic\u00e9s.<\/li>\n<li>Il\u00e9ostomie : M\u00e2chez tr\u00e8s bien les aliments pour \u00e9viter les crampes ou les difficult\u00e9s \u00e0 passer \u00e0 travers la stomie.<\/li>\n<li>Urostomie : Certains m\u00e9dicaments peuvent causer des calculs urinaires, et si vous prenez une pilule liquide, sachez que votre poche devra \u00eatre vid\u00e9e plus souvent.<\/li>\n<li>Les v\u00eatements amples peuvent \u00eatre plus confortables \u00e0 porter au-dessus de la poche, mais de nombreux survivants portent des maillots de bain ou des v\u00eatements ajust\u00e9s sans aucune difficult\u00e9. La meilleure r\u00e8gle est de porter des v\u00eatements qui vous mettent \u00e0 l&#8217;aise.<\/li>\n<li>L&#8217;eau n\u2019affectera pas une stomie &#8211; le bain, la douche et la natation sont tous les trois acceptables.<\/li>\n<\/ul>\n<p>Pour plus d&#8217;information, veuillez consulter <a href=\"http:\/\/www.stomie.ca\/fr\/information\/\">le Centre de stomie du Qu\u00e9bec<\/a>.<\/p>\n<p>&nbsp;<\/p>\n<p>&nbsp;<\/p>\n<p>[1]\u00a0<a href=\"http:\/\/www.cancer.ca\/en\/cancer-information\/diagnosis-and-treatment\/rehabilitation\/living-with-an-ostomy\/?region=on\">http:\/\/www.cancer.ca\/en\/cancer-information\/diagnosis-and-treatment\/rehabilitation\/living-with-an-ostomy\/<\/a><\/p>\n<p>[2]\u00a0<a href=\"https:\/\/www.livestrong.org\/we-can-help\/finishing-treatment\/ostomies\">https:\/\/www.livestrong.org\/we-can-help\/finishing-treatment\/ostomies<\/a><\/p>\n","protected":false},"excerpt":{"rendered":"<p>Une stomie est une intervention chirurgicale qui cr\u00e9e une ouverture (stomie) sur la peau de l&#8217;abdomen pour permettre l&#8217;\u00e9limination des mati\u00e8res r\u00e9siduelles (urine et selles), ou sur la gorge pour aider \u00e0<\/p>\n","protected":false},"author":2,"featured_media":0,"parent":11966,"menu_order":75,"comment_status":"closed","ping_status":"closed","template":"","meta":{"_acf_changed":false,"footnotes":""},"class_list":["post-12263","page","type-page","status-publish","hentry"],"acf":[],"yoast_head":"<!-- This site is optimized with the Yoast SEO plugin v27.4 - https:\/\/yoast.com\/product\/yoast-seo-wordpress\/ -->\n<title>Stomie - Canadian Cancer Survivor Network<\/title>\n<meta name=\"robots\" content=\"index, follow, max-snippet:-1, max-image-preview:large, max-video-preview:-1\" \/>\n<link rel=\"canonical\" href=\"https:\/\/survivornet.ca\/fr\/apprenez\/enjeux-affectant-les-survivants-du-cancer-2\/enjeux-affectant-les-survivants-du-cancer\/stomie\/\" \/>\n<meta property=\"og:locale\" content=\"fr_FR\" \/>\n<meta property=\"og:type\" content=\"article\" \/>\n<meta property=\"og:title\" content=\"Stomie - Canadian Cancer Survivor Network\" \/>\n<meta property=\"og:description\" content=\"Une stomie est une intervention chirurgicale qui cr\u00e9e une ouverture (stomie) sur la peau de l&#8217;abdomen pour permettre l&#8217;\u00e9limination des mati\u00e8res r\u00e9siduelles (urine et selles), ou sur la gorge pour aider \u00e0\" \/>\n<meta property=\"og:url\" content=\"https:\/\/survivornet.ca\/fr\/apprenez\/enjeux-affectant-les-survivants-du-cancer-2\/enjeux-affectant-les-survivants-du-cancer\/stomie\/\" \/>\n<meta property=\"og:site_name\" content=\"Canadian Cancer Survivor Network\" \/>\n<meta property=\"article:modified_time\" content=\"2019-06-21T18:21:30+00:00\" \/>\n<meta name=\"twitter:card\" content=\"summary_large_image\" \/>\n<meta name=\"twitter:label1\" content=\"Dur\u00e9e de lecture estim\u00e9e\" \/>\n\t<meta name=\"twitter:data1\" content=\"2 minutes\" \/>\n<script type=\"application\/ld+json\" class=\"yoast-schema-graph\">{\"@context\":\"https:\\\/\\\/schema.org\",\"@graph\":[{\"@type\":\"WebPage\",\"@id\":\"https:\\\/\\\/survivornet.ca\\\/fr\\\/apprenez\\\/enjeux-affectant-les-survivants-du-cancer-2\\\/enjeux-affectant-les-survivants-du-cancer\\\/stomie\\\/\",\"url\":\"https:\\\/\\\/survivornet.ca\\\/fr\\\/apprenez\\\/enjeux-affectant-les-survivants-du-cancer-2\\\/enjeux-affectant-les-survivants-du-cancer\\\/stomie\\\/\",\"name\":\"Stomie - Canadian Cancer Survivor Network\",\"isPartOf\":{\"@id\":\"https:\\\/\\\/survivornet.ca\\\/#website\"},\"datePublished\":\"2019-06-21T13:46:40+00:00\",\"dateModified\":\"2019-06-21T18:21:30+00:00\",\"breadcrumb\":{\"@id\":\"https:\\\/\\\/survivornet.ca\\\/fr\\\/apprenez\\\/enjeux-affectant-les-survivants-du-cancer-2\\\/enjeux-affectant-les-survivants-du-cancer\\\/stomie\\\/#breadcrumb\"},\"inLanguage\":\"fr-FR\",\"potentialAction\":[{\"@type\":\"ReadAction\",\"target\":[\"https:\\\/\\\/survivornet.ca\\\/fr\\\/apprenez\\\/enjeux-affectant-les-survivants-du-cancer-2\\\/enjeux-affectant-les-survivants-du-cancer\\\/stomie\\\/\"]}]},{\"@type\":\"BreadcrumbList\",\"@id\":\"https:\\\/\\\/survivornet.ca\\\/fr\\\/apprenez\\\/enjeux-affectant-les-survivants-du-cancer-2\\\/enjeux-affectant-les-survivants-du-cancer\\\/stomie\\\/#breadcrumb\",\"itemListElement\":[{\"@type\":\"ListItem\",\"position\":1,\"name\":\"Home\",\"item\":\"https:\\\/\\\/survivornet.ca\\\/fr\\\/\"},{\"@type\":\"ListItem\",\"position\":2,\"name\":\"Apprenez\",\"item\":\"https:\\\/\\\/survivornet.ca\\\/fr\\\/apprenez\\\/\"},{\"@type\":\"ListItem\",\"position\":3,\"name\":\"Enjeux affectant les survivants du cancer\",\"item\":\"https:\\\/\\\/survivornet.ca\\\/fr\\\/apprenez\\\/enjeux-affectant-les-survivants-du-cancer-2\\\/\"},{\"@type\":\"ListItem\",\"position\":4,\"name\":\"Les types d&#8217;enjeux affectant les survivants du cancer\",\"item\":\"https:\\\/\\\/survivornet.ca\\\/fr\\\/apprenez\\\/enjeux-affectant-les-survivants-du-cancer-2\\\/enjeux-affectant-les-survivants-du-cancer\\\/\"},{\"@type\":\"ListItem\",\"position\":5,\"name\":\"Stomie\"}]},{\"@type\":\"WebSite\",\"@id\":\"https:\\\/\\\/survivornet.ca\\\/#website\",\"url\":\"https:\\\/\\\/survivornet.ca\\\/\",\"name\":\"Canadian Cancer Survivor Network\",\"description\":\"The Canadian Cancer Survivor Network was created by a group of Canadians concerned about cancer.\",\"publisher\":{\"@id\":\"https:\\\/\\\/survivornet.ca\\\/#organization\"},\"potentialAction\":[{\"@type\":\"SearchAction\",\"target\":{\"@type\":\"EntryPoint\",\"urlTemplate\":\"https:\\\/\\\/survivornet.ca\\\/?s={search_term_string}\"},\"query-input\":{\"@type\":\"PropertyValueSpecification\",\"valueRequired\":true,\"valueName\":\"search_term_string\"}}],\"inLanguage\":\"fr-FR\"},{\"@type\":\"Organization\",\"@id\":\"https:\\\/\\\/survivornet.ca\\\/#organization\",\"name\":\"Canadian Cancer Survivor Network\",\"url\":\"https:\\\/\\\/survivornet.ca\\\/\",\"logo\":{\"@type\":\"ImageObject\",\"inLanguage\":\"fr-FR\",\"@id\":\"https:\\\/\\\/survivornet.ca\\\/#\\\/schema\\\/logo\\\/image\\\/\",\"url\":\"http:\\\/\\\/survivornet.ca\\\/wp-content\\\/uploads\\\/2016\\\/12\\\/CCSN_Logo_EN_SQUARE.png\",\"contentUrl\":\"http:\\\/\\\/survivornet.ca\\\/wp-content\\\/uploads\\\/2016\\\/12\\\/CCSN_Logo_EN_SQUARE.png\",\"width\":1209,\"height\":1007,\"caption\":\"Canadian Cancer Survivor Network\"},\"image\":{\"@id\":\"https:\\\/\\\/survivornet.ca\\\/#\\\/schema\\\/logo\\\/image\\\/\"}}]}<\/script>\n<!-- \/ Yoast SEO plugin. -->","yoast_head_json":{"title":"Stomie - Canadian Cancer Survivor Network","robots":{"index":"index","follow":"follow","max-snippet":"max-snippet:-1","max-image-preview":"max-image-preview:large","max-video-preview":"max-video-preview:-1"},"canonical":"https:\/\/survivornet.ca\/fr\/apprenez\/enjeux-affectant-les-survivants-du-cancer-2\/enjeux-affectant-les-survivants-du-cancer\/stomie\/","og_locale":"fr_FR","og_type":"article","og_title":"Stomie - Canadian Cancer Survivor Network","og_description":"Une stomie est une intervention chirurgicale qui cr\u00e9e une ouverture (stomie) sur la peau de l&#8217;abdomen pour permettre l&#8217;\u00e9limination des mati\u00e8res r\u00e9siduelles (urine et selles), ou sur la gorge pour aider \u00e0","og_url":"https:\/\/survivornet.ca\/fr\/apprenez\/enjeux-affectant-les-survivants-du-cancer-2\/enjeux-affectant-les-survivants-du-cancer\/stomie\/","og_site_name":"Canadian Cancer Survivor Network","article_modified_time":"2019-06-21T18:21:30+00:00","twitter_card":"summary_large_image","twitter_misc":{"Dur\u00e9e de lecture estim\u00e9e":"2 minutes"},"schema":{"@context":"https:\/\/schema.org","@graph":[{"@type":"WebPage","@id":"https:\/\/survivornet.ca\/fr\/apprenez\/enjeux-affectant-les-survivants-du-cancer-2\/enjeux-affectant-les-survivants-du-cancer\/stomie\/","url":"https:\/\/survivornet.ca\/fr\/apprenez\/enjeux-affectant-les-survivants-du-cancer-2\/enjeux-affectant-les-survivants-du-cancer\/stomie\/","name":"Stomie - Canadian Cancer Survivor Network","isPartOf":{"@id":"https:\/\/survivornet.ca\/#website"},"datePublished":"2019-06-21T13:46:40+00:00","dateModified":"2019-06-21T18:21:30+00:00","breadcrumb":{"@id":"https:\/\/survivornet.ca\/fr\/apprenez\/enjeux-affectant-les-survivants-du-cancer-2\/enjeux-affectant-les-survivants-du-cancer\/stomie\/#breadcrumb"},"inLanguage":"fr-FR","potentialAction":[{"@type":"ReadAction","target":["https:\/\/survivornet.ca\/fr\/apprenez\/enjeux-affectant-les-survivants-du-cancer-2\/enjeux-affectant-les-survivants-du-cancer\/stomie\/"]}]},{"@type":"BreadcrumbList","@id":"https:\/\/survivornet.ca\/fr\/apprenez\/enjeux-affectant-les-survivants-du-cancer-2\/enjeux-affectant-les-survivants-du-cancer\/stomie\/#breadcrumb","itemListElement":[{"@type":"ListItem","position":1,"name":"Home","item":"https:\/\/survivornet.ca\/fr\/"},{"@type":"ListItem","position":2,"name":"Apprenez","item":"https:\/\/survivornet.ca\/fr\/apprenez\/"},{"@type":"ListItem","position":3,"name":"Enjeux affectant les survivants du cancer","item":"https:\/\/survivornet.ca\/fr\/apprenez\/enjeux-affectant-les-survivants-du-cancer-2\/"},{"@type":"ListItem","position":4,"name":"Les types d&#8217;enjeux affectant les survivants du cancer","item":"https:\/\/survivornet.ca\/fr\/apprenez\/enjeux-affectant-les-survivants-du-cancer-2\/enjeux-affectant-les-survivants-du-cancer\/"},{"@type":"ListItem","position":5,"name":"Stomie"}]},{"@type":"WebSite","@id":"https:\/\/survivornet.ca\/#website","url":"https:\/\/survivornet.ca\/","name":"Canadian Cancer Survivor Network","description":"The Canadian Cancer Survivor Network was created by a group of Canadians concerned about cancer.","publisher":{"@id":"https:\/\/survivornet.ca\/#organization"},"potentialAction":[{"@type":"SearchAction","target":{"@type":"EntryPoint","urlTemplate":"https:\/\/survivornet.ca\/?s={search_term_string}"},"query-input":{"@type":"PropertyValueSpecification","valueRequired":true,"valueName":"search_term_string"}}],"inLanguage":"fr-FR"},{"@type":"Organization","@id":"https:\/\/survivornet.ca\/#organization","name":"Canadian Cancer Survivor Network","url":"https:\/\/survivornet.ca\/","logo":{"@type":"ImageObject","inLanguage":"fr-FR","@id":"https:\/\/survivornet.ca\/#\/schema\/logo\/image\/","url":"http:\/\/survivornet.ca\/wp-content\/uploads\/2016\/12\/CCSN_Logo_EN_SQUARE.png","contentUrl":"http:\/\/survivornet.ca\/wp-content\/uploads\/2016\/12\/CCSN_Logo_EN_SQUARE.png","width":1209,"height":1007,"caption":"Canadian Cancer Survivor Network"},"image":{"@id":"https:\/\/survivornet.ca\/#\/schema\/logo\/image\/"}}]}},"_links":{"self":[{"href":"https:\/\/survivornet.ca\/fr\/wp-json\/wp\/v2\/pages\/12263","targetHints":{"allow":["GET"]}}],"collection":[{"href":"https:\/\/survivornet.ca\/fr\/wp-json\/wp\/v2\/pages"}],"about":[{"href":"https:\/\/survivornet.ca\/fr\/wp-json\/wp\/v2\/types\/page"}],"author":[{"embeddable":true,"href":"https:\/\/survivornet.ca\/fr\/wp-json\/wp\/v2\/users\/2"}],"replies":[{"embeddable":true,"href":"https:\/\/survivornet.ca\/fr\/wp-json\/wp\/v2\/comments?post=12263"}],"version-history":[{"count":0,"href":"https:\/\/survivornet.ca\/fr\/wp-json\/wp\/v2\/pages\/12263\/revisions"}],"up":[{"embeddable":true,"href":"https:\/\/survivornet.ca\/fr\/wp-json\/wp\/v2\/pages\/11966"}],"wp:attachment":[{"href":"https:\/\/survivornet.ca\/fr\/wp-json\/wp\/v2\/media?parent=12263"}],"curies":[{"name":"wp","href":"https:\/\/api.w.org\/{rel}","templated":true}]}}