{"id":12184,"date":"2019-06-19T13:55:50","date_gmt":"2019-06-19T13:55:50","guid":{"rendered":"https:\/\/survivornet.ca\/?page_id=12184\/"},"modified":"2020-08-20T11:34:35","modified_gmt":"2020-08-20T15:34:35","slug":"defiguration-et-amputation","status":"publish","type":"page","link":"https:\/\/survivornet.ca\/fr\/apprenez\/enjeux-affectant-les-survivants-du-cancer-2\/enjeux-affectant-les-survivants-du-cancer\/defiguration-et-amputation\/","title":{"rendered":"D\u00e9figuration et amputation"},"content":{"rendered":"\r\n<p>La d\u00e9figuration et les amputations peuvent survenir apr\u00e8s de nombreuses chirurgies du cancer, en particulier celles qui touchent la t\u00eate, le cou et les membres.<\/p>\r\n\r\n\r\n\r\n<p>Les d\u00e9figurations r\u00e9sultant de cancers de la t\u00eate et du cou peuvent avoir un impact extr\u00eame sur la vie d&#8217;une personne. En fait, les survivants du cancer de la t\u00eate et du cou ont un taux de suicide plus \u00e9lev\u00e9 que la plupart des survivants d&#8217;autres types de cancer, ce qui indique le besoin de soutien en sant\u00e9 mentale pour ce groupe.<span id='easy-footnote-1-12184' class='easy-footnote-margin-adjust'><\/span><span class='easy-footnote'><a href='https:\/\/survivornet.ca\/fr\/apprenez\/enjeux-affectant-les-survivants-du-cancer-2\/enjeux-affectant-les-survivants-du-cancer\/defiguration-et-amputation\/#easy-footnote-bottom-1-12184' title='&lt;a href=&quot;https:\/\/news.stlpublicradio.org\/health-science-environment\/2018-11-12\/debt-disfigurement-place-survivors-of-these-types-of-cancer-at-higher-risk-of-suicide&quot;&gt;https:\/\/news.stlpublicradio.org\/health-science-environment\/2018-11-12\/debt-disfigurement-place-survivors-of-these-types-of-cancer-at-higher-risk-of-suicide&lt;\/a&gt;'><sup>1<\/sup><\/a><\/span><\/p>\r\n\r\n\r\n\r\n<p>Le traitement principal des cancers de la t\u00eate et du cou est la chirurgie, qui peut causer des dommages importants ou l&#8217;ablation compl\u00e8te de certaines structures faciales. Si cette chirurgie est suivie d&#8217;une radioth\u00e9rapie, il peut y avoir des br\u00fblures et des plaies sur le visage. Pour les survivants du cancer de la t\u00eate et du cou, des preuves de leur maladie et de son traitement seront souvent visibles sur leur visage. Beaucoup de survivants ont de la difficult\u00e9 \u00e0 manger, \u00e0 boire ou \u00e0 parler avec d\u00e9figuration faciale permanente.<span id='easy-footnote-2-12184' class='easy-footnote-margin-adjust'><\/span><span class='easy-footnote'><a href='https:\/\/survivornet.ca\/fr\/apprenez\/enjeux-affectant-les-survivants-du-cancer-2\/enjeux-affectant-les-survivants-du-cancer\/defiguration-et-amputation\/#easy-footnote-bottom-2-12184' title='&lt;a href=&quot;https:\/\/thancguide.org\/articles\/the-journey\/&quot;&gt;https:\/\/thancguide.org\/articles\/the-journey\/&lt;\/a&gt;'><sup>2<\/sup><\/a><\/span><\/p>\r\n\r\n\r\n\r\n<p>Ces traitements peuvent avoir un grand impact sur votre estime de soi et votre image corporelle ainsi que sur la fa\u00e7on dont vous vous sentez et dont vous pensez \u00e0 vous-m\u00eame, \u00a0qui peut causer une d\u00e9tresse consid\u00e9rable. Vous pouvez avoir peur de sortir, avoir peur du rejet ou vous sentir en col\u00e8re ou boulevers\u00e9 m\u00eame si les effets du traitement ne se manifestent pas autant que vous le pensez.<\/p>\r\n\r\n\r\n\r\n<p>Voici certains des d\u00e9fis associ\u00e9s \u00e0 ces th\u00e9rapies:<\/p>\r\n\r\n\r\n\r\n<ul class=\"content-list wp-block-list\">\r\n<li>La s\u00e9cheresse de la bouche, qui peut rendre la consommation de boissons ou de nourriture difficile et peut \u00e9galement causer des caries et des plaies dans votre bouche.<\/li>\r\n<li>Des difficult\u00e9s de d\u00e9glutition peuvent survenir si les structures de votre bouche sont affaiblies et vous pourriez avoir besoin des services d&#8217;un orthophoniste pour vous aider \u00e0 am\u00e9liorer votre fonctionnement.<\/li>\r\n<li>Si vous avez de la difficult\u00e9 \u00e0 m\u00e2cher ou \u00e0 avaler de la nourriture ordinaire, il se peut que vous ne receviez pas assez de nourriture. Certaines personnes ont besoin d&#8217;une sonde d&#8217;alimentation ins\u00e9r\u00e9e dans la paroi abdominale pour fournir des aliments nutritifs \u00a0directement dans l&#8217;estomac.<\/li>\r\n<\/ul>\r\n\r\n\r\n\r\n<p>Les tumeurs des membres peuvent parfois \u00eatre enlev\u00e9es compl\u00e8tement. Cependant, dans certains cas, cela n&#8217;est pas possible et le traitement du cancer entra\u00eene l&#8217;amputation. Les amputations gu\u00e9rissent assez rapidement par rapport aux reconstructions et pourtant elles ont un grand impact sur l&#8217;estime de soi et l&#8217;image corporelle. Elles ont \u00e9galement des cons\u00e9quences en termes de mobilit\u00e9 et de fonctionnement.<\/p>\r\n\r\n\r\n\r\n<p>Une personne amput\u00e9e a offert des conseils utiles pour surmonter l\u2019amputation d&#8217;un membre :<span id='easy-footnote-3-12184' class='easy-footnote-margin-adjust'><\/span><span class='easy-footnote'><a href='https:\/\/survivornet.ca\/fr\/apprenez\/enjeux-affectant-les-survivants-du-cancer-2\/enjeux-affectant-les-survivants-du-cancer\/defiguration-et-amputation\/#easy-footnote-bottom-3-12184' title='&lt;a href=&quot;https:\/\/blog.dana-farber.org\/insight\/2017\/02\/meeting-two-challenges-tips-for-dealing-with-a-cancer-related-amputation\/&quot;&gt;https:\/\/blog.dana-farber.org\/insight\/2017\/02\/meeting-two-challenges-tips-for-dealing-with-a-cancer-related-amputation\/&lt;\/a&gt;'><sup>3<\/sup><\/a><\/span><\/p>\r\n\r\n\r\n\r\n<ul class=\"content-list wp-block-list\">\r\n<li>D\u00e9veloppez les muscles dont vous aurez besoin pour compenser votre amputation avant de subir une intervention chirurgicale, car ils s&#8217;atrophieront un peu pendant la convalescence.<\/li>\r\n<li>Pr\u00e9parez-vous mentalement &#8211; lorsque vous vous r\u00e9veillez apr\u00e8s l&#8217;op\u00e9ration, vous \u00eates imm\u00e9diatement confront\u00e9 \u00e0 une nouvelle vie.<\/li>\r\n<li>Rappelez-vous que vous pouvez le faire, mais aussi pourquoi vous le faites &#8211; pour survivre \u00e0 votre cancer.<\/li>\r\n<li>Combattez la douleur fant\u00f4me en appliquant une pression sur le moignon pour convaincre votre cerveau que c&#8217;est tout ce qui reste.<\/li>\r\n<li>Choisissez votre proth\u00e9siste avec soin, car il s&#8217;agira d&#8217;une relation cruciale \u2013 il sera votre meilleur d\u00e9fenseur dans votre cheminement vers les soins et le r\u00e9tablissement.<\/li>\r\n<li>Choisissez votre proth\u00e9siste avec soin, car il s&#8217;agira d&#8217;une relation cruciale \u2013 il sera votre meilleur d\u00e9fenseur dans votre cheminement vers les soins et le r\u00e9tablissement.<\/li>\r\n<li>Participez \u00e0 un groupe de soutien &#8211; les personnes ayant v\u00e9cu des exp\u00e9riences similaires peuvent comprendre la perte, la peur et les d\u00e9fis auxquels vous faites face.<\/li>\r\n<li>Communiquez avec un conseiller &#8211; la r\u00e9adaptation mentale est tout aussi importante que la r\u00e9adaptation physique, et il est important de demander de l&#8217;aide lorsque vous en avez besoin.<\/li>\r\n<li>Faites preuve de patience et de pers\u00e9v\u00e9rance &#8211; vous devrez probablement r\u00e9apprendre \u00e0 accomplir de nombreuses t\u00e2ches famili\u00e8res, mais il est important de pers\u00e9v\u00e9rer et de demander de l&#8217;aide si n\u00e9cessaire.<\/li>\r\n<li>Trouvez les c\u00f4t\u00e9s positifs de votre situation &#8211; cela peut aider les gens autour de vous \u00e0 se sentir plus \u00e0 l&#8217;aise tout en vous aidant \u00e0 vous sentir mieux.<\/li>\r\n<\/ul>\r\n\r\n\r\n\r\n<p>Les amput\u00e9s auront probablement besoin de physioth\u00e9rapie et de proth\u00e8ses qui peuvent \u00eatre ajust\u00e9es au moignon. Dans la plupart des cas, gr\u00e2ce \u00e0 la r\u00e9adaptation et au soutien, les patients pourront reprendre une vie normale apr\u00e8s une amputation.<span id='easy-footnote-4-12184' class='easy-footnote-margin-adjust'><\/span><span class='easy-footnote'><a href='https:\/\/survivornet.ca\/fr\/apprenez\/enjeux-affectant-les-survivants-du-cancer-2\/enjeux-affectant-les-survivants-du-cancer\/defiguration-et-amputation\/#easy-footnote-bottom-4-12184' title='&lt;a href=&quot;https:\/\/news.stlpublicradio.org\/health-science-environment\/2018-11-12\/debt-disfigurement-place-survivors-of-these-types-of-cancer-at-higher-risk-of-suicide&quot;&gt;https:\/\/news.stlpublicradio.org\/health-science-environment\/2018-11-12\/debt-disfigurement-place-survivors-of-these-types-of-cancer-at-higher-risk-of-suicide&lt;\/a&gt;'><sup>4<\/sup><\/a><\/span><\/p>\r\n\r\n\r\n","protected":false},"excerpt":{"rendered":"<p>La d\u00e9figuration et les amputations peuvent survenir apr\u00e8s de nombreuses chirurgies du cancer, en particulier celles qui touchent la t\u00eate, le cou et les membres. Les d\u00e9figurations r\u00e9sultant de cancers de la<\/p>\n","protected":false},"author":2,"featured_media":0,"parent":11966,"menu_order":35,"comment_status":"closed","ping_status":"closed","template":"","meta":{"_acf_changed":false,"footnotes":""},"class_list":["post-12184","page","type-page","status-publish","hentry"],"acf":[],"yoast_head":"<!-- This site is optimized with the Yoast SEO plugin v27.4 - https:\/\/yoast.com\/product\/yoast-seo-wordpress\/ -->\n<title>D\u00e9figuration et amputation - Canadian Cancer Survivor Network<\/title>\n<meta name=\"robots\" content=\"index, follow, max-snippet:-1, max-image-preview:large, max-video-preview:-1\" \/>\n<link rel=\"canonical\" href=\"https:\/\/survivornet.ca\/fr\/apprenez\/enjeux-affectant-les-survivants-du-cancer-2\/enjeux-affectant-les-survivants-du-cancer\/defiguration-et-amputation\/\" \/>\n<meta property=\"og:locale\" content=\"fr_FR\" \/>\n<meta property=\"og:type\" content=\"article\" \/>\n<meta property=\"og:title\" content=\"D\u00e9figuration et amputation - Canadian Cancer Survivor Network\" \/>\n<meta property=\"og:description\" content=\"La d\u00e9figuration et les amputations peuvent survenir apr\u00e8s de nombreuses chirurgies du cancer, en particulier celles qui touchent la t\u00eate, le cou et les membres. Les d\u00e9figurations r\u00e9sultant de cancers de la\" \/>\n<meta property=\"og:url\" content=\"https:\/\/survivornet.ca\/fr\/apprenez\/enjeux-affectant-les-survivants-du-cancer-2\/enjeux-affectant-les-survivants-du-cancer\/defiguration-et-amputation\/\" \/>\n<meta property=\"og:site_name\" content=\"Canadian Cancer Survivor Network\" \/>\n<meta property=\"article:modified_time\" content=\"2020-08-20T15:34:35+00:00\" \/>\n<meta name=\"twitter:card\" content=\"summary_large_image\" \/>\n<meta name=\"twitter:label1\" content=\"Dur\u00e9e de lecture estim\u00e9e\" \/>\n\t<meta name=\"twitter:data1\" content=\"4 minutes\" \/>\n<script type=\"application\/ld+json\" class=\"yoast-schema-graph\">{\"@context\":\"https:\\\/\\\/schema.org\",\"@graph\":[{\"@type\":\"WebPage\",\"@id\":\"https:\\\/\\\/survivornet.ca\\\/fr\\\/apprenez\\\/enjeux-affectant-les-survivants-du-cancer-2\\\/enjeux-affectant-les-survivants-du-cancer\\\/defiguration-et-amputation\\\/\",\"url\":\"https:\\\/\\\/survivornet.ca\\\/fr\\\/apprenez\\\/enjeux-affectant-les-survivants-du-cancer-2\\\/enjeux-affectant-les-survivants-du-cancer\\\/defiguration-et-amputation\\\/\",\"name\":\"D\u00e9figuration et amputation - Canadian Cancer Survivor Network\",\"isPartOf\":{\"@id\":\"https:\\\/\\\/survivornet.ca\\\/#website\"},\"datePublished\":\"2019-06-19T13:55:50+00:00\",\"dateModified\":\"2020-08-20T15:34:35+00:00\",\"breadcrumb\":{\"@id\":\"https:\\\/\\\/survivornet.ca\\\/fr\\\/apprenez\\\/enjeux-affectant-les-survivants-du-cancer-2\\\/enjeux-affectant-les-survivants-du-cancer\\\/defiguration-et-amputation\\\/#breadcrumb\"},\"inLanguage\":\"fr-FR\",\"potentialAction\":[{\"@type\":\"ReadAction\",\"target\":[\"https:\\\/\\\/survivornet.ca\\\/fr\\\/apprenez\\\/enjeux-affectant-les-survivants-du-cancer-2\\\/enjeux-affectant-les-survivants-du-cancer\\\/defiguration-et-amputation\\\/\"]}]},{\"@type\":\"BreadcrumbList\",\"@id\":\"https:\\\/\\\/survivornet.ca\\\/fr\\\/apprenez\\\/enjeux-affectant-les-survivants-du-cancer-2\\\/enjeux-affectant-les-survivants-du-cancer\\\/defiguration-et-amputation\\\/#breadcrumb\",\"itemListElement\":[{\"@type\":\"ListItem\",\"position\":1,\"name\":\"Home\",\"item\":\"https:\\\/\\\/survivornet.ca\\\/fr\\\/\"},{\"@type\":\"ListItem\",\"position\":2,\"name\":\"Apprenez\",\"item\":\"https:\\\/\\\/survivornet.ca\\\/fr\\\/apprenez\\\/\"},{\"@type\":\"ListItem\",\"position\":3,\"name\":\"Enjeux affectant les survivants du cancer\",\"item\":\"https:\\\/\\\/survivornet.ca\\\/fr\\\/apprenez\\\/enjeux-affectant-les-survivants-du-cancer-2\\\/\"},{\"@type\":\"ListItem\",\"position\":4,\"name\":\"Les types d&#8217;enjeux affectant les survivants du cancer\",\"item\":\"https:\\\/\\\/survivornet.ca\\\/fr\\\/apprenez\\\/enjeux-affectant-les-survivants-du-cancer-2\\\/enjeux-affectant-les-survivants-du-cancer\\\/\"},{\"@type\":\"ListItem\",\"position\":5,\"name\":\"D\u00e9figuration et amputation\"}]},{\"@type\":\"WebSite\",\"@id\":\"https:\\\/\\\/survivornet.ca\\\/#website\",\"url\":\"https:\\\/\\\/survivornet.ca\\\/\",\"name\":\"Canadian Cancer Survivor Network\",\"description\":\"The Canadian Cancer Survivor Network was created by a group of Canadians concerned about cancer.\",\"publisher\":{\"@id\":\"https:\\\/\\\/survivornet.ca\\\/#organization\"},\"potentialAction\":[{\"@type\":\"SearchAction\",\"target\":{\"@type\":\"EntryPoint\",\"urlTemplate\":\"https:\\\/\\\/survivornet.ca\\\/?s={search_term_string}\"},\"query-input\":{\"@type\":\"PropertyValueSpecification\",\"valueRequired\":true,\"valueName\":\"search_term_string\"}}],\"inLanguage\":\"fr-FR\"},{\"@type\":\"Organization\",\"@id\":\"https:\\\/\\\/survivornet.ca\\\/#organization\",\"name\":\"Canadian Cancer Survivor Network\",\"url\":\"https:\\\/\\\/survivornet.ca\\\/\",\"logo\":{\"@type\":\"ImageObject\",\"inLanguage\":\"fr-FR\",\"@id\":\"https:\\\/\\\/survivornet.ca\\\/#\\\/schema\\\/logo\\\/image\\\/\",\"url\":\"http:\\\/\\\/survivornet.ca\\\/wp-content\\\/uploads\\\/2016\\\/12\\\/CCSN_Logo_EN_SQUARE.png\",\"contentUrl\":\"http:\\\/\\\/survivornet.ca\\\/wp-content\\\/uploads\\\/2016\\\/12\\\/CCSN_Logo_EN_SQUARE.png\",\"width\":1209,\"height\":1007,\"caption\":\"Canadian Cancer Survivor Network\"},\"image\":{\"@id\":\"https:\\\/\\\/survivornet.ca\\\/#\\\/schema\\\/logo\\\/image\\\/\"}}]}<\/script>\n<!-- \/ Yoast SEO plugin. -->","yoast_head_json":{"title":"D\u00e9figuration et amputation - Canadian Cancer Survivor Network","robots":{"index":"index","follow":"follow","max-snippet":"max-snippet:-1","max-image-preview":"max-image-preview:large","max-video-preview":"max-video-preview:-1"},"canonical":"https:\/\/survivornet.ca\/fr\/apprenez\/enjeux-affectant-les-survivants-du-cancer-2\/enjeux-affectant-les-survivants-du-cancer\/defiguration-et-amputation\/","og_locale":"fr_FR","og_type":"article","og_title":"D\u00e9figuration et amputation - Canadian Cancer Survivor Network","og_description":"La d\u00e9figuration et les amputations peuvent survenir apr\u00e8s de nombreuses chirurgies du cancer, en particulier celles qui touchent la t\u00eate, le cou et les membres. Les d\u00e9figurations r\u00e9sultant de cancers de la","og_url":"https:\/\/survivornet.ca\/fr\/apprenez\/enjeux-affectant-les-survivants-du-cancer-2\/enjeux-affectant-les-survivants-du-cancer\/defiguration-et-amputation\/","og_site_name":"Canadian Cancer Survivor Network","article_modified_time":"2020-08-20T15:34:35+00:00","twitter_card":"summary_large_image","twitter_misc":{"Dur\u00e9e de lecture estim\u00e9e":"4 minutes"},"schema":{"@context":"https:\/\/schema.org","@graph":[{"@type":"WebPage","@id":"https:\/\/survivornet.ca\/fr\/apprenez\/enjeux-affectant-les-survivants-du-cancer-2\/enjeux-affectant-les-survivants-du-cancer\/defiguration-et-amputation\/","url":"https:\/\/survivornet.ca\/fr\/apprenez\/enjeux-affectant-les-survivants-du-cancer-2\/enjeux-affectant-les-survivants-du-cancer\/defiguration-et-amputation\/","name":"D\u00e9figuration et amputation - Canadian Cancer Survivor Network","isPartOf":{"@id":"https:\/\/survivornet.ca\/#website"},"datePublished":"2019-06-19T13:55:50+00:00","dateModified":"2020-08-20T15:34:35+00:00","breadcrumb":{"@id":"https:\/\/survivornet.ca\/fr\/apprenez\/enjeux-affectant-les-survivants-du-cancer-2\/enjeux-affectant-les-survivants-du-cancer\/defiguration-et-amputation\/#breadcrumb"},"inLanguage":"fr-FR","potentialAction":[{"@type":"ReadAction","target":["https:\/\/survivornet.ca\/fr\/apprenez\/enjeux-affectant-les-survivants-du-cancer-2\/enjeux-affectant-les-survivants-du-cancer\/defiguration-et-amputation\/"]}]},{"@type":"BreadcrumbList","@id":"https:\/\/survivornet.ca\/fr\/apprenez\/enjeux-affectant-les-survivants-du-cancer-2\/enjeux-affectant-les-survivants-du-cancer\/defiguration-et-amputation\/#breadcrumb","itemListElement":[{"@type":"ListItem","position":1,"name":"Home","item":"https:\/\/survivornet.ca\/fr\/"},{"@type":"ListItem","position":2,"name":"Apprenez","item":"https:\/\/survivornet.ca\/fr\/apprenez\/"},{"@type":"ListItem","position":3,"name":"Enjeux affectant les survivants du cancer","item":"https:\/\/survivornet.ca\/fr\/apprenez\/enjeux-affectant-les-survivants-du-cancer-2\/"},{"@type":"ListItem","position":4,"name":"Les types d&#8217;enjeux affectant les survivants du cancer","item":"https:\/\/survivornet.ca\/fr\/apprenez\/enjeux-affectant-les-survivants-du-cancer-2\/enjeux-affectant-les-survivants-du-cancer\/"},{"@type":"ListItem","position":5,"name":"D\u00e9figuration et amputation"}]},{"@type":"WebSite","@id":"https:\/\/survivornet.ca\/#website","url":"https:\/\/survivornet.ca\/","name":"Canadian Cancer Survivor Network","description":"The Canadian Cancer Survivor Network was created by a group of Canadians concerned about cancer.","publisher":{"@id":"https:\/\/survivornet.ca\/#organization"},"potentialAction":[{"@type":"SearchAction","target":{"@type":"EntryPoint","urlTemplate":"https:\/\/survivornet.ca\/?s={search_term_string}"},"query-input":{"@type":"PropertyValueSpecification","valueRequired":true,"valueName":"search_term_string"}}],"inLanguage":"fr-FR"},{"@type":"Organization","@id":"https:\/\/survivornet.ca\/#organization","name":"Canadian Cancer Survivor Network","url":"https:\/\/survivornet.ca\/","logo":{"@type":"ImageObject","inLanguage":"fr-FR","@id":"https:\/\/survivornet.ca\/#\/schema\/logo\/image\/","url":"http:\/\/survivornet.ca\/wp-content\/uploads\/2016\/12\/CCSN_Logo_EN_SQUARE.png","contentUrl":"http:\/\/survivornet.ca\/wp-content\/uploads\/2016\/12\/CCSN_Logo_EN_SQUARE.png","width":1209,"height":1007,"caption":"Canadian Cancer Survivor Network"},"image":{"@id":"https:\/\/survivornet.ca\/#\/schema\/logo\/image\/"}}]}},"_links":{"self":[{"href":"https:\/\/survivornet.ca\/fr\/wp-json\/wp\/v2\/pages\/12184","targetHints":{"allow":["GET"]}}],"collection":[{"href":"https:\/\/survivornet.ca\/fr\/wp-json\/wp\/v2\/pages"}],"about":[{"href":"https:\/\/survivornet.ca\/fr\/wp-json\/wp\/v2\/types\/page"}],"author":[{"embeddable":true,"href":"https:\/\/survivornet.ca\/fr\/wp-json\/wp\/v2\/users\/2"}],"replies":[{"embeddable":true,"href":"https:\/\/survivornet.ca\/fr\/wp-json\/wp\/v2\/comments?post=12184"}],"version-history":[{"count":0,"href":"https:\/\/survivornet.ca\/fr\/wp-json\/wp\/v2\/pages\/12184\/revisions"}],"up":[{"embeddable":true,"href":"https:\/\/survivornet.ca\/fr\/wp-json\/wp\/v2\/pages\/11966"}],"wp:attachment":[{"href":"https:\/\/survivornet.ca\/fr\/wp-json\/wp\/v2\/media?parent=12184"}],"curies":[{"name":"wp","href":"https:\/\/api.w.org\/{rel}","templated":true}]}}