{"id":12016,"date":"2019-06-06T15:16:13","date_gmt":"2019-06-06T15:16:13","guid":{"rendered":"https:\/\/survivornet.ca\/?page_id=12016\/"},"modified":"2020-08-20T11:28:45","modified_gmt":"2020-08-20T15:28:45","slug":"deconditionnement","status":"publish","type":"page","link":"https:\/\/survivornet.ca\/fr\/apprenez\/enjeux-affectant-les-survivants-du-cancer-2\/enjeux-affectant-les-survivants-du-cancer\/deconditionnement\/","title":{"rendered":"D\u00e9conditionnement"},"content":{"rendered":"\r\n<p>L&#8217;une des complications les plus fr\u00e9quentes du traitement du cancer est le d\u00e9conditionnement, un terme souvent utilis\u00e9 en ergoth\u00e9rapie pour d\u00e9crire les r\u00e9sultats de l&#8217;adaptation du corps \u00e0 l&#8217;immobilit\u00e9 pendant une longue p\u00e9riode.<\/p>\r\n\r\n\r\n\r\n<p>Un effet secondaire important du d\u00e9conditionnement est la perte musculaire, qui inclut le c\u0153ur. En plus de s\u2019affaiblir,\u00a0 les muscles raccourcissent, ce qui cause des probl\u00e8mes de sant\u00e9 articulaire et de posture. La douleur, l&#8217;arthrite et l&#8217;ost\u00e9oporose peuvent en \u00eatre les cons\u00e9quences \u00e9ventuelles.<\/p>\r\n\r\n\r\n\r\n<p>Le syst\u00e8me respiratoire est \u00e9galement affect\u00e9 par le d\u00e9conditionnement li\u00e9 au cancer, en particulier chez les patients en bonne sant\u00e9 \u00e0 qui l&#8217;on prescrit un alitement. Cela peut entra\u00eener un affaiblissement des muscles respiratoires et une accumulation de liquide, ce qui peut causer un essoufflement et une infection.<\/p>\r\n\r\n\r\n\r\n<p>Le d\u00e9conditionnement peut \u00e9galement affecter votre syst\u00e8me cardiovasculaire, augmentant le risque de thrombose veineuse profonde (TVP), qui peut \u00eatre une maladie potentiellement mortelle si le caillot atteint le c\u0153ur, les poumons ou le cerveau.<\/p>\r\n\r\n\r\n\r\n<p>Des niveaux d&#8217;activit\u00e9 mod\u00e9r\u00e9s (30 minutes par jour) ont \u00e9t\u00e9 associ\u00e9s \u00e0 des taux de survie au cancer plus \u00e9lev\u00e9s, alors que les effets du d\u00e9conditionnement peuvent vraiment mettre la vie en danger.<\/p>\r\n\r\n\r\n\r\n<p>C&#8217;est pourquoi la r\u00e9adaptation peut \u00eatre un \u00e9l\u00e9ment cl\u00e9 de votre victoire sur le cancer. Elle peut comprendre un entra\u00eenement de force et d&#8217;endurance, un entra\u00eenement cardiorespiratoire et des \u00e9tirements. Elle peut \u00e9galement proposer des exercices de respiration profonde et am\u00e9liorer la flexibilit\u00e9 de la cage thoracique afin d&#8217;am\u00e9liorer la fonction respiratoire. De plus, l&#8217;activit\u00e9 physique prescrite dans le cadre de la r\u00e9adaptation augmentera le d\u00e9bit sanguin et r\u00e9duira le risque de TVP.<span id='easy-footnote-1-12016' class='easy-footnote-margin-adjust'><\/span><span class='easy-footnote'><a href='https:\/\/survivornet.ca\/fr\/apprenez\/enjeux-affectant-les-survivants-du-cancer-2\/enjeux-affectant-les-survivants-du-cancer\/deconditionnement\/#easy-footnote-bottom-1-12016' title='https:\/\/patch.com\/virginia\/ashburn\/cancer-related-deconditioning-serious-issue-consider'><sup>1<\/sup><\/a><\/span><\/p>\r\n\r\n\r\n\r\n<p>Si vous n&#8217;avez pas \u00e9t\u00e9 r\u00e9f\u00e9r\u00e9 \u00e0 un centre de r\u00e9adaptation pour les patients atteints de cancer, parlez-en \u00e0 votre m\u00e9decin pour voir si la r\u00e9adaptation pourrait vous aider.<\/p>\r\n\r\n\r\n\r\n<p><!--EndFragment--><\/p>","protected":false},"excerpt":{"rendered":"<p>L&#8217;une des complications les plus fr\u00e9quentes du traitement du cancer est le d\u00e9conditionnement, un terme souvent utilis\u00e9 en ergoth\u00e9rapie pour d\u00e9crire les r\u00e9sultats de l&#8217;adaptation du corps \u00e0 l&#8217;immobilit\u00e9 pendant une longue<\/p>\n","protected":false},"author":2,"featured_media":0,"parent":11966,"menu_order":25,"comment_status":"closed","ping_status":"closed","template":"","meta":{"_acf_changed":false,"footnotes":""},"class_list":["post-12016","page","type-page","status-publish","hentry"],"acf":[],"yoast_head":"<!-- This site is optimized with the Yoast SEO plugin v27.4 - https:\/\/yoast.com\/product\/yoast-seo-wordpress\/ -->\n<title>D\u00e9conditionnement - Canadian Cancer Survivor Network<\/title>\n<meta name=\"robots\" content=\"index, follow, max-snippet:-1, max-image-preview:large, max-video-preview:-1\" \/>\n<link rel=\"canonical\" href=\"https:\/\/survivornet.ca\/fr\/apprenez\/enjeux-affectant-les-survivants-du-cancer-2\/enjeux-affectant-les-survivants-du-cancer\/deconditionnement\/\" \/>\n<meta property=\"og:locale\" content=\"fr_FR\" \/>\n<meta property=\"og:type\" content=\"article\" \/>\n<meta property=\"og:title\" content=\"D\u00e9conditionnement - Canadian Cancer Survivor Network\" \/>\n<meta property=\"og:description\" content=\"L&#8217;une des complications les plus fr\u00e9quentes du traitement du cancer est le d\u00e9conditionnement, un terme souvent utilis\u00e9 en ergoth\u00e9rapie pour d\u00e9crire les r\u00e9sultats de l&#8217;adaptation du corps \u00e0 l&#8217;immobilit\u00e9 pendant une longue\" \/>\n<meta property=\"og:url\" content=\"https:\/\/survivornet.ca\/fr\/apprenez\/enjeux-affectant-les-survivants-du-cancer-2\/enjeux-affectant-les-survivants-du-cancer\/deconditionnement\/\" \/>\n<meta property=\"og:site_name\" content=\"Canadian Cancer Survivor Network\" \/>\n<meta property=\"article:modified_time\" content=\"2020-08-20T15:28:45+00:00\" \/>\n<meta name=\"twitter:card\" content=\"summary_large_image\" \/>\n<meta name=\"twitter:label1\" content=\"Dur\u00e9e de lecture estim\u00e9e\" \/>\n\t<meta name=\"twitter:data1\" content=\"2 minutes\" \/>\n<script type=\"application\/ld+json\" class=\"yoast-schema-graph\">{\"@context\":\"https:\\\/\\\/schema.org\",\"@graph\":[{\"@type\":\"WebPage\",\"@id\":\"https:\\\/\\\/survivornet.ca\\\/fr\\\/apprenez\\\/enjeux-affectant-les-survivants-du-cancer-2\\\/enjeux-affectant-les-survivants-du-cancer\\\/deconditionnement\\\/\",\"url\":\"https:\\\/\\\/survivornet.ca\\\/fr\\\/apprenez\\\/enjeux-affectant-les-survivants-du-cancer-2\\\/enjeux-affectant-les-survivants-du-cancer\\\/deconditionnement\\\/\",\"name\":\"D\u00e9conditionnement - Canadian Cancer Survivor Network\",\"isPartOf\":{\"@id\":\"https:\\\/\\\/survivornet.ca\\\/#website\"},\"datePublished\":\"2019-06-06T15:16:13+00:00\",\"dateModified\":\"2020-08-20T15:28:45+00:00\",\"breadcrumb\":{\"@id\":\"https:\\\/\\\/survivornet.ca\\\/fr\\\/apprenez\\\/enjeux-affectant-les-survivants-du-cancer-2\\\/enjeux-affectant-les-survivants-du-cancer\\\/deconditionnement\\\/#breadcrumb\"},\"inLanguage\":\"fr-FR\",\"potentialAction\":[{\"@type\":\"ReadAction\",\"target\":[\"https:\\\/\\\/survivornet.ca\\\/fr\\\/apprenez\\\/enjeux-affectant-les-survivants-du-cancer-2\\\/enjeux-affectant-les-survivants-du-cancer\\\/deconditionnement\\\/\"]}]},{\"@type\":\"BreadcrumbList\",\"@id\":\"https:\\\/\\\/survivornet.ca\\\/fr\\\/apprenez\\\/enjeux-affectant-les-survivants-du-cancer-2\\\/enjeux-affectant-les-survivants-du-cancer\\\/deconditionnement\\\/#breadcrumb\",\"itemListElement\":[{\"@type\":\"ListItem\",\"position\":1,\"name\":\"Home\",\"item\":\"https:\\\/\\\/survivornet.ca\\\/fr\\\/\"},{\"@type\":\"ListItem\",\"position\":2,\"name\":\"Apprenez\",\"item\":\"https:\\\/\\\/survivornet.ca\\\/fr\\\/apprenez\\\/\"},{\"@type\":\"ListItem\",\"position\":3,\"name\":\"Enjeux affectant les survivants du cancer\",\"item\":\"https:\\\/\\\/survivornet.ca\\\/fr\\\/apprenez\\\/enjeux-affectant-les-survivants-du-cancer-2\\\/\"},{\"@type\":\"ListItem\",\"position\":4,\"name\":\"Les types d&#8217;enjeux affectant les survivants du cancer\",\"item\":\"https:\\\/\\\/survivornet.ca\\\/fr\\\/apprenez\\\/enjeux-affectant-les-survivants-du-cancer-2\\\/enjeux-affectant-les-survivants-du-cancer\\\/\"},{\"@type\":\"ListItem\",\"position\":5,\"name\":\"D\u00e9conditionnement\"}]},{\"@type\":\"WebSite\",\"@id\":\"https:\\\/\\\/survivornet.ca\\\/#website\",\"url\":\"https:\\\/\\\/survivornet.ca\\\/\",\"name\":\"Canadian Cancer Survivor Network\",\"description\":\"The Canadian Cancer Survivor Network was created by a group of Canadians concerned about cancer.\",\"publisher\":{\"@id\":\"https:\\\/\\\/survivornet.ca\\\/#organization\"},\"potentialAction\":[{\"@type\":\"SearchAction\",\"target\":{\"@type\":\"EntryPoint\",\"urlTemplate\":\"https:\\\/\\\/survivornet.ca\\\/?s={search_term_string}\"},\"query-input\":{\"@type\":\"PropertyValueSpecification\",\"valueRequired\":true,\"valueName\":\"search_term_string\"}}],\"inLanguage\":\"fr-FR\"},{\"@type\":\"Organization\",\"@id\":\"https:\\\/\\\/survivornet.ca\\\/#organization\",\"name\":\"Canadian Cancer Survivor Network\",\"url\":\"https:\\\/\\\/survivornet.ca\\\/\",\"logo\":{\"@type\":\"ImageObject\",\"inLanguage\":\"fr-FR\",\"@id\":\"https:\\\/\\\/survivornet.ca\\\/#\\\/schema\\\/logo\\\/image\\\/\",\"url\":\"http:\\\/\\\/survivornet.ca\\\/wp-content\\\/uploads\\\/2016\\\/12\\\/CCSN_Logo_EN_SQUARE.png\",\"contentUrl\":\"http:\\\/\\\/survivornet.ca\\\/wp-content\\\/uploads\\\/2016\\\/12\\\/CCSN_Logo_EN_SQUARE.png\",\"width\":1209,\"height\":1007,\"caption\":\"Canadian Cancer Survivor Network\"},\"image\":{\"@id\":\"https:\\\/\\\/survivornet.ca\\\/#\\\/schema\\\/logo\\\/image\\\/\"}}]}<\/script>\n<!-- \/ Yoast SEO plugin. -->","yoast_head_json":{"title":"D\u00e9conditionnement - Canadian Cancer Survivor Network","robots":{"index":"index","follow":"follow","max-snippet":"max-snippet:-1","max-image-preview":"max-image-preview:large","max-video-preview":"max-video-preview:-1"},"canonical":"https:\/\/survivornet.ca\/fr\/apprenez\/enjeux-affectant-les-survivants-du-cancer-2\/enjeux-affectant-les-survivants-du-cancer\/deconditionnement\/","og_locale":"fr_FR","og_type":"article","og_title":"D\u00e9conditionnement - Canadian Cancer Survivor Network","og_description":"L&#8217;une des complications les plus fr\u00e9quentes du traitement du cancer est le d\u00e9conditionnement, un terme souvent utilis\u00e9 en ergoth\u00e9rapie pour d\u00e9crire les r\u00e9sultats de l&#8217;adaptation du corps \u00e0 l&#8217;immobilit\u00e9 pendant une longue","og_url":"https:\/\/survivornet.ca\/fr\/apprenez\/enjeux-affectant-les-survivants-du-cancer-2\/enjeux-affectant-les-survivants-du-cancer\/deconditionnement\/","og_site_name":"Canadian Cancer Survivor Network","article_modified_time":"2020-08-20T15:28:45+00:00","twitter_card":"summary_large_image","twitter_misc":{"Dur\u00e9e de lecture estim\u00e9e":"2 minutes"},"schema":{"@context":"https:\/\/schema.org","@graph":[{"@type":"WebPage","@id":"https:\/\/survivornet.ca\/fr\/apprenez\/enjeux-affectant-les-survivants-du-cancer-2\/enjeux-affectant-les-survivants-du-cancer\/deconditionnement\/","url":"https:\/\/survivornet.ca\/fr\/apprenez\/enjeux-affectant-les-survivants-du-cancer-2\/enjeux-affectant-les-survivants-du-cancer\/deconditionnement\/","name":"D\u00e9conditionnement - Canadian Cancer Survivor Network","isPartOf":{"@id":"https:\/\/survivornet.ca\/#website"},"datePublished":"2019-06-06T15:16:13+00:00","dateModified":"2020-08-20T15:28:45+00:00","breadcrumb":{"@id":"https:\/\/survivornet.ca\/fr\/apprenez\/enjeux-affectant-les-survivants-du-cancer-2\/enjeux-affectant-les-survivants-du-cancer\/deconditionnement\/#breadcrumb"},"inLanguage":"fr-FR","potentialAction":[{"@type":"ReadAction","target":["https:\/\/survivornet.ca\/fr\/apprenez\/enjeux-affectant-les-survivants-du-cancer-2\/enjeux-affectant-les-survivants-du-cancer\/deconditionnement\/"]}]},{"@type":"BreadcrumbList","@id":"https:\/\/survivornet.ca\/fr\/apprenez\/enjeux-affectant-les-survivants-du-cancer-2\/enjeux-affectant-les-survivants-du-cancer\/deconditionnement\/#breadcrumb","itemListElement":[{"@type":"ListItem","position":1,"name":"Home","item":"https:\/\/survivornet.ca\/fr\/"},{"@type":"ListItem","position":2,"name":"Apprenez","item":"https:\/\/survivornet.ca\/fr\/apprenez\/"},{"@type":"ListItem","position":3,"name":"Enjeux affectant les survivants du cancer","item":"https:\/\/survivornet.ca\/fr\/apprenez\/enjeux-affectant-les-survivants-du-cancer-2\/"},{"@type":"ListItem","position":4,"name":"Les types d&#8217;enjeux affectant les survivants du cancer","item":"https:\/\/survivornet.ca\/fr\/apprenez\/enjeux-affectant-les-survivants-du-cancer-2\/enjeux-affectant-les-survivants-du-cancer\/"},{"@type":"ListItem","position":5,"name":"D\u00e9conditionnement"}]},{"@type":"WebSite","@id":"https:\/\/survivornet.ca\/#website","url":"https:\/\/survivornet.ca\/","name":"Canadian Cancer Survivor Network","description":"The Canadian Cancer Survivor Network was created by a group of Canadians concerned about cancer.","publisher":{"@id":"https:\/\/survivornet.ca\/#organization"},"potentialAction":[{"@type":"SearchAction","target":{"@type":"EntryPoint","urlTemplate":"https:\/\/survivornet.ca\/?s={search_term_string}"},"query-input":{"@type":"PropertyValueSpecification","valueRequired":true,"valueName":"search_term_string"}}],"inLanguage":"fr-FR"},{"@type":"Organization","@id":"https:\/\/survivornet.ca\/#organization","name":"Canadian Cancer Survivor Network","url":"https:\/\/survivornet.ca\/","logo":{"@type":"ImageObject","inLanguage":"fr-FR","@id":"https:\/\/survivornet.ca\/#\/schema\/logo\/image\/","url":"http:\/\/survivornet.ca\/wp-content\/uploads\/2016\/12\/CCSN_Logo_EN_SQUARE.png","contentUrl":"http:\/\/survivornet.ca\/wp-content\/uploads\/2016\/12\/CCSN_Logo_EN_SQUARE.png","width":1209,"height":1007,"caption":"Canadian Cancer Survivor Network"},"image":{"@id":"https:\/\/survivornet.ca\/#\/schema\/logo\/image\/"}}]}},"_links":{"self":[{"href":"https:\/\/survivornet.ca\/fr\/wp-json\/wp\/v2\/pages\/12016","targetHints":{"allow":["GET"]}}],"collection":[{"href":"https:\/\/survivornet.ca\/fr\/wp-json\/wp\/v2\/pages"}],"about":[{"href":"https:\/\/survivornet.ca\/fr\/wp-json\/wp\/v2\/types\/page"}],"author":[{"embeddable":true,"href":"https:\/\/survivornet.ca\/fr\/wp-json\/wp\/v2\/users\/2"}],"replies":[{"embeddable":true,"href":"https:\/\/survivornet.ca\/fr\/wp-json\/wp\/v2\/comments?post=12016"}],"version-history":[{"count":0,"href":"https:\/\/survivornet.ca\/fr\/wp-json\/wp\/v2\/pages\/12016\/revisions"}],"up":[{"embeddable":true,"href":"https:\/\/survivornet.ca\/fr\/wp-json\/wp\/v2\/pages\/11966"}],"wp:attachment":[{"href":"https:\/\/survivornet.ca\/fr\/wp-json\/wp\/v2\/media?parent=12016"}],"curies":[{"name":"wp","href":"https:\/\/api.w.org\/{rel}","templated":true}]}}