{"id":11996,"date":"2019-06-06T14:31:14","date_gmt":"2019-06-06T14:31:14","guid":{"rendered":"https:\/\/survivornet.ca\/?page_id=11996\/"},"modified":"2020-08-20T11:27:47","modified_gmt":"2020-08-20T15:27:47","slug":"effets-cardiovasculaires","status":"publish","type":"page","link":"https:\/\/survivornet.ca\/fr\/apprenez\/enjeux-affectant-les-survivants-du-cancer-2\/enjeux-affectant-les-survivants-du-cancer\/effets-cardiovasculaires\/","title":{"rendered":"Effets cardiovasculaires"},"content":{"rendered":"\r\n<p>Les maladies cardiovasculaires et le cancer partagent des facteurs de risque similaires, notamment l&#8217;ob\u00e9sit\u00e9, la s\u00e9dentarit\u00e9, le tabagisme et l&#8217;inflammation chronique. Les facteurs de risque cardiovasculaire peuvent accro\u00eetre pendant le traitement du cancer et entra\u00eener une augmentation du risque de maladie cardiovasculaire chez les survivants. Les survivants du cancer, en particulier ceux qui ont subi une chimioth\u00e9rapie ou une radioth\u00e9rapie, pr\u00e9sentent des taux plus \u00e9lev\u00e9s de maladies cardiaques et d&#8217;accidents vasculaires c\u00e9r\u00e9braux.<span id='easy-footnote-1-11996' class='easy-footnote-margin-adjust'><\/span><span class='easy-footnote'><a href='https:\/\/survivornet.ca\/fr\/apprenez\/enjeux-affectant-les-survivants-du-cancer-2\/enjeux-affectant-les-survivants-du-cancer\/effets-cardiovasculaires\/#easy-footnote-bottom-1-11996' title='&lt;a href=&quot;https:\/\/www.cancer.net\/survivorship\/long-term-side-effects-cancer-treatment&quot;&gt;https:\/\/www.cancer.net\/survivorship\/long-term-side-effects-cancer-treatment&lt;\/a&gt;'><sup>1<\/sup><\/a><\/span><\/p>\r\n\r\n\r\n\r\n<p>Une diminution de la capacit\u00e9 cardiovasculaire et des maladies cardiaques <strong>peuvent<\/strong> survenir en raison des dommages caus\u00e9s au muscle cardiaque par les traitements de chimioth\u00e9rapie. La radioth\u00e9rapie de la poitrine peut \u00e9galement causer des dommages au c\u0153ur. Ces effets secondaires (cardiotoxicit\u00e9) sont plus r\u00e9pandus chez les enfants et les personnes \u00e2g\u00e9es, chez ceux qui souffrent d&#8217;une affection cardiaque pr\u00e9existante et chez ceux qui sont trait\u00e9s par une th\u00e9rapie combin\u00e9e. Les maladies cardiaques courantes qui peuvent se d\u00e9velopper sont :<\/p>\r\n\r\n\r\n\r\n<ul class=\"content-list wp-block-list\">\r\n<li>Une insuffisance cardiaque congestive, qui est un affaiblissement du muscle cardiaque, qui peut causer un essoufflement, des \u00e9tourdissements et une enflure des mains ou des pieds.<\/li>\r\n<li>Les maladies cardiaques des art\u00e8res coronaires ont tendance \u00e0 survenir plus souvent en cas de radiations de la poitrine ; les sympt\u00f4mes sont l\u2019essoufflement et la douleur thoracique.<\/li>\r\n<li>Un rythme cardiaque irr\u00e9gulier ou arythmie, qui peut entra\u00eener des \u00e9tourdissements, des douleurs thoraciques et un essoufflement.<\/li>\r\n<li>L&#8217;hypertension art\u00e9rielle ou l&#8217;hypertension peut survenir d&#8217;elles-m\u00eame ou en m\u00eame temps qu&#8217;une insuffisance cardiaque congestive.<span id='easy-footnote-2-11996' class='easy-footnote-margin-adjust'><\/span><span class='easy-footnote'><a href='https:\/\/survivornet.ca\/fr\/apprenez\/enjeux-affectant-les-survivants-du-cancer-2\/enjeux-affectant-les-survivants-du-cancer\/effets-cardiovasculaires\/#easy-footnote-bottom-2-11996' title='&lt;a href=&quot;https:\/\/www.cancer.net\/survivorship\/long-term-side-effects-cancer-treatment&quot;&gt;https:\/\/www.cancer.net\/survivorship\/long-term-side-effects-cancer-treatment&lt;\/a&gt;'><sup>2<\/sup><\/a><\/span><\/li>\r\n<\/ul>\r\n\r\n\r\n","protected":false},"excerpt":{"rendered":"<p>Les maladies cardiovasculaires et le cancer partagent des facteurs de risque similaires, notamment l&#8217;ob\u00e9sit\u00e9, la s\u00e9dentarit\u00e9, le tabagisme et l&#8217;inflammation chronique. Les facteurs de risque cardiovasculaire peuvent accro\u00eetre pendant le traitement du<\/p>\n","protected":false},"author":2,"featured_media":0,"parent":11966,"menu_order":20,"comment_status":"closed","ping_status":"closed","template":"","meta":{"_acf_changed":false,"footnotes":""},"class_list":["post-11996","page","type-page","status-publish","hentry"],"acf":[],"yoast_head":"<!-- This site is optimized with the Yoast SEO plugin v27.4 - https:\/\/yoast.com\/product\/yoast-seo-wordpress\/ -->\n<title>Effets cardiovasculaires - Canadian Cancer Survivor Network<\/title>\n<meta name=\"robots\" content=\"index, follow, max-snippet:-1, max-image-preview:large, max-video-preview:-1\" \/>\n<link rel=\"canonical\" href=\"https:\/\/survivornet.ca\/fr\/apprenez\/enjeux-affectant-les-survivants-du-cancer-2\/enjeux-affectant-les-survivants-du-cancer\/effets-cardiovasculaires\/\" \/>\n<meta property=\"og:locale\" content=\"fr_FR\" \/>\n<meta property=\"og:type\" content=\"article\" \/>\n<meta property=\"og:title\" content=\"Effets cardiovasculaires - Canadian Cancer Survivor Network\" \/>\n<meta property=\"og:description\" content=\"Les maladies cardiovasculaires et le cancer partagent des facteurs de risque similaires, notamment l&#8217;ob\u00e9sit\u00e9, la s\u00e9dentarit\u00e9, le tabagisme et l&#8217;inflammation chronique. Les facteurs de risque cardiovasculaire peuvent accro\u00eetre pendant le traitement du\" \/>\n<meta property=\"og:url\" content=\"https:\/\/survivornet.ca\/fr\/apprenez\/enjeux-affectant-les-survivants-du-cancer-2\/enjeux-affectant-les-survivants-du-cancer\/effets-cardiovasculaires\/\" \/>\n<meta property=\"og:site_name\" content=\"Canadian Cancer Survivor Network\" \/>\n<meta property=\"article:modified_time\" content=\"2020-08-20T15:27:47+00:00\" \/>\n<meta name=\"twitter:card\" content=\"summary_large_image\" \/>\n<meta name=\"twitter:label1\" content=\"Dur\u00e9e de lecture estim\u00e9e\" \/>\n\t<meta name=\"twitter:data1\" content=\"1 minute\" \/>\n<script type=\"application\/ld+json\" class=\"yoast-schema-graph\">{\"@context\":\"https:\\\/\\\/schema.org\",\"@graph\":[{\"@type\":\"WebPage\",\"@id\":\"https:\\\/\\\/survivornet.ca\\\/fr\\\/apprenez\\\/enjeux-affectant-les-survivants-du-cancer-2\\\/enjeux-affectant-les-survivants-du-cancer\\\/effets-cardiovasculaires\\\/\",\"url\":\"https:\\\/\\\/survivornet.ca\\\/fr\\\/apprenez\\\/enjeux-affectant-les-survivants-du-cancer-2\\\/enjeux-affectant-les-survivants-du-cancer\\\/effets-cardiovasculaires\\\/\",\"name\":\"Effets cardiovasculaires - Canadian Cancer Survivor Network\",\"isPartOf\":{\"@id\":\"https:\\\/\\\/survivornet.ca\\\/#website\"},\"datePublished\":\"2019-06-06T14:31:14+00:00\",\"dateModified\":\"2020-08-20T15:27:47+00:00\",\"breadcrumb\":{\"@id\":\"https:\\\/\\\/survivornet.ca\\\/fr\\\/apprenez\\\/enjeux-affectant-les-survivants-du-cancer-2\\\/enjeux-affectant-les-survivants-du-cancer\\\/effets-cardiovasculaires\\\/#breadcrumb\"},\"inLanguage\":\"fr-FR\",\"potentialAction\":[{\"@type\":\"ReadAction\",\"target\":[\"https:\\\/\\\/survivornet.ca\\\/fr\\\/apprenez\\\/enjeux-affectant-les-survivants-du-cancer-2\\\/enjeux-affectant-les-survivants-du-cancer\\\/effets-cardiovasculaires\\\/\"]}]},{\"@type\":\"BreadcrumbList\",\"@id\":\"https:\\\/\\\/survivornet.ca\\\/fr\\\/apprenez\\\/enjeux-affectant-les-survivants-du-cancer-2\\\/enjeux-affectant-les-survivants-du-cancer\\\/effets-cardiovasculaires\\\/#breadcrumb\",\"itemListElement\":[{\"@type\":\"ListItem\",\"position\":1,\"name\":\"Home\",\"item\":\"https:\\\/\\\/survivornet.ca\\\/fr\\\/\"},{\"@type\":\"ListItem\",\"position\":2,\"name\":\"Apprenez\",\"item\":\"https:\\\/\\\/survivornet.ca\\\/fr\\\/apprenez\\\/\"},{\"@type\":\"ListItem\",\"position\":3,\"name\":\"Enjeux affectant les survivants du cancer\",\"item\":\"https:\\\/\\\/survivornet.ca\\\/fr\\\/apprenez\\\/enjeux-affectant-les-survivants-du-cancer-2\\\/\"},{\"@type\":\"ListItem\",\"position\":4,\"name\":\"Les types d&#8217;enjeux affectant les survivants du cancer\",\"item\":\"https:\\\/\\\/survivornet.ca\\\/fr\\\/apprenez\\\/enjeux-affectant-les-survivants-du-cancer-2\\\/enjeux-affectant-les-survivants-du-cancer\\\/\"},{\"@type\":\"ListItem\",\"position\":5,\"name\":\"Effets cardiovasculaires\"}]},{\"@type\":\"WebSite\",\"@id\":\"https:\\\/\\\/survivornet.ca\\\/#website\",\"url\":\"https:\\\/\\\/survivornet.ca\\\/\",\"name\":\"Canadian Cancer Survivor Network\",\"description\":\"The Canadian Cancer Survivor Network was created by a group of Canadians concerned about cancer.\",\"publisher\":{\"@id\":\"https:\\\/\\\/survivornet.ca\\\/#organization\"},\"potentialAction\":[{\"@type\":\"SearchAction\",\"target\":{\"@type\":\"EntryPoint\",\"urlTemplate\":\"https:\\\/\\\/survivornet.ca\\\/?s={search_term_string}\"},\"query-input\":{\"@type\":\"PropertyValueSpecification\",\"valueRequired\":true,\"valueName\":\"search_term_string\"}}],\"inLanguage\":\"fr-FR\"},{\"@type\":\"Organization\",\"@id\":\"https:\\\/\\\/survivornet.ca\\\/#organization\",\"name\":\"Canadian Cancer Survivor Network\",\"url\":\"https:\\\/\\\/survivornet.ca\\\/\",\"logo\":{\"@type\":\"ImageObject\",\"inLanguage\":\"fr-FR\",\"@id\":\"https:\\\/\\\/survivornet.ca\\\/#\\\/schema\\\/logo\\\/image\\\/\",\"url\":\"http:\\\/\\\/survivornet.ca\\\/wp-content\\\/uploads\\\/2016\\\/12\\\/CCSN_Logo_EN_SQUARE.png\",\"contentUrl\":\"http:\\\/\\\/survivornet.ca\\\/wp-content\\\/uploads\\\/2016\\\/12\\\/CCSN_Logo_EN_SQUARE.png\",\"width\":1209,\"height\":1007,\"caption\":\"Canadian Cancer Survivor Network\"},\"image\":{\"@id\":\"https:\\\/\\\/survivornet.ca\\\/#\\\/schema\\\/logo\\\/image\\\/\"}}]}<\/script>\n<!-- \/ Yoast SEO plugin. -->","yoast_head_json":{"title":"Effets cardiovasculaires - Canadian Cancer Survivor Network","robots":{"index":"index","follow":"follow","max-snippet":"max-snippet:-1","max-image-preview":"max-image-preview:large","max-video-preview":"max-video-preview:-1"},"canonical":"https:\/\/survivornet.ca\/fr\/apprenez\/enjeux-affectant-les-survivants-du-cancer-2\/enjeux-affectant-les-survivants-du-cancer\/effets-cardiovasculaires\/","og_locale":"fr_FR","og_type":"article","og_title":"Effets cardiovasculaires - Canadian Cancer Survivor Network","og_description":"Les maladies cardiovasculaires et le cancer partagent des facteurs de risque similaires, notamment l&#8217;ob\u00e9sit\u00e9, la s\u00e9dentarit\u00e9, le tabagisme et l&#8217;inflammation chronique. Les facteurs de risque cardiovasculaire peuvent accro\u00eetre pendant le traitement du","og_url":"https:\/\/survivornet.ca\/fr\/apprenez\/enjeux-affectant-les-survivants-du-cancer-2\/enjeux-affectant-les-survivants-du-cancer\/effets-cardiovasculaires\/","og_site_name":"Canadian Cancer Survivor Network","article_modified_time":"2020-08-20T15:27:47+00:00","twitter_card":"summary_large_image","twitter_misc":{"Dur\u00e9e de lecture estim\u00e9e":"1 minute"},"schema":{"@context":"https:\/\/schema.org","@graph":[{"@type":"WebPage","@id":"https:\/\/survivornet.ca\/fr\/apprenez\/enjeux-affectant-les-survivants-du-cancer-2\/enjeux-affectant-les-survivants-du-cancer\/effets-cardiovasculaires\/","url":"https:\/\/survivornet.ca\/fr\/apprenez\/enjeux-affectant-les-survivants-du-cancer-2\/enjeux-affectant-les-survivants-du-cancer\/effets-cardiovasculaires\/","name":"Effets cardiovasculaires - Canadian Cancer Survivor Network","isPartOf":{"@id":"https:\/\/survivornet.ca\/#website"},"datePublished":"2019-06-06T14:31:14+00:00","dateModified":"2020-08-20T15:27:47+00:00","breadcrumb":{"@id":"https:\/\/survivornet.ca\/fr\/apprenez\/enjeux-affectant-les-survivants-du-cancer-2\/enjeux-affectant-les-survivants-du-cancer\/effets-cardiovasculaires\/#breadcrumb"},"inLanguage":"fr-FR","potentialAction":[{"@type":"ReadAction","target":["https:\/\/survivornet.ca\/fr\/apprenez\/enjeux-affectant-les-survivants-du-cancer-2\/enjeux-affectant-les-survivants-du-cancer\/effets-cardiovasculaires\/"]}]},{"@type":"BreadcrumbList","@id":"https:\/\/survivornet.ca\/fr\/apprenez\/enjeux-affectant-les-survivants-du-cancer-2\/enjeux-affectant-les-survivants-du-cancer\/effets-cardiovasculaires\/#breadcrumb","itemListElement":[{"@type":"ListItem","position":1,"name":"Home","item":"https:\/\/survivornet.ca\/fr\/"},{"@type":"ListItem","position":2,"name":"Apprenez","item":"https:\/\/survivornet.ca\/fr\/apprenez\/"},{"@type":"ListItem","position":3,"name":"Enjeux affectant les survivants du cancer","item":"https:\/\/survivornet.ca\/fr\/apprenez\/enjeux-affectant-les-survivants-du-cancer-2\/"},{"@type":"ListItem","position":4,"name":"Les types d&#8217;enjeux affectant les survivants du cancer","item":"https:\/\/survivornet.ca\/fr\/apprenez\/enjeux-affectant-les-survivants-du-cancer-2\/enjeux-affectant-les-survivants-du-cancer\/"},{"@type":"ListItem","position":5,"name":"Effets cardiovasculaires"}]},{"@type":"WebSite","@id":"https:\/\/survivornet.ca\/#website","url":"https:\/\/survivornet.ca\/","name":"Canadian Cancer Survivor Network","description":"The Canadian Cancer Survivor Network was created by a group of Canadians concerned about cancer.","publisher":{"@id":"https:\/\/survivornet.ca\/#organization"},"potentialAction":[{"@type":"SearchAction","target":{"@type":"EntryPoint","urlTemplate":"https:\/\/survivornet.ca\/?s={search_term_string}"},"query-input":{"@type":"PropertyValueSpecification","valueRequired":true,"valueName":"search_term_string"}}],"inLanguage":"fr-FR"},{"@type":"Organization","@id":"https:\/\/survivornet.ca\/#organization","name":"Canadian Cancer Survivor Network","url":"https:\/\/survivornet.ca\/","logo":{"@type":"ImageObject","inLanguage":"fr-FR","@id":"https:\/\/survivornet.ca\/#\/schema\/logo\/image\/","url":"http:\/\/survivornet.ca\/wp-content\/uploads\/2016\/12\/CCSN_Logo_EN_SQUARE.png","contentUrl":"http:\/\/survivornet.ca\/wp-content\/uploads\/2016\/12\/CCSN_Logo_EN_SQUARE.png","width":1209,"height":1007,"caption":"Canadian Cancer Survivor Network"},"image":{"@id":"https:\/\/survivornet.ca\/#\/schema\/logo\/image\/"}}]}},"_links":{"self":[{"href":"https:\/\/survivornet.ca\/fr\/wp-json\/wp\/v2\/pages\/11996","targetHints":{"allow":["GET"]}}],"collection":[{"href":"https:\/\/survivornet.ca\/fr\/wp-json\/wp\/v2\/pages"}],"about":[{"href":"https:\/\/survivornet.ca\/fr\/wp-json\/wp\/v2\/types\/page"}],"author":[{"embeddable":true,"href":"https:\/\/survivornet.ca\/fr\/wp-json\/wp\/v2\/users\/2"}],"replies":[{"embeddable":true,"href":"https:\/\/survivornet.ca\/fr\/wp-json\/wp\/v2\/comments?post=11996"}],"version-history":[{"count":0,"href":"https:\/\/survivornet.ca\/fr\/wp-json\/wp\/v2\/pages\/11996\/revisions"}],"up":[{"embeddable":true,"href":"https:\/\/survivornet.ca\/fr\/wp-json\/wp\/v2\/pages\/11966"}],"wp:attachment":[{"href":"https:\/\/survivornet.ca\/fr\/wp-json\/wp\/v2\/media?parent=11996"}],"curies":[{"name":"wp","href":"https:\/\/api.w.org\/{rel}","templated":true}]}}