{"id":11966,"date":"2019-06-05T17:29:36","date_gmt":"2019-06-05T17:29:36","guid":{"rendered":"https:\/\/survivornet.ca\/?page_id=11966\/"},"modified":"2019-06-24T17:19:00","modified_gmt":"2019-06-24T17:19:00","slug":"enjeux-affectant-les-survivants-du-cancer","status":"publish","type":"page","link":"https:\/\/survivornet.ca\/fr\/apprenez\/enjeux-affectant-les-survivants-du-cancer-2\/enjeux-affectant-les-survivants-du-cancer\/","title":{"rendered":"Les types d&#8217;enjeux affectant les survivants du cancer"},"content":{"rendered":"\r\n<p>Les survivants du cancer souffrent des effets secondaires du cancer et de son traitement. Ces effets secondaires peuvent se manifester pendant le traitement et parfois longtemps apr\u00e8s. La r\u00e9adaptation sp\u00e9cialis\u00e9e traite ces sympt\u00f4mes \u00e0 court et \u00e0 long terme. Chaque type de cancer a des sympt\u00f4mes ou des effets diff\u00e9rents sur le corps.<\/p>\r\n\r\n\r\n\r\n<p>Cette section d\u00e9crit les probl\u00e8mes qui peuvent survenir pendant ou apr\u00e8s le traitement du cancer. Si vous pensez que nous avons n\u00e9blig\u00e9 un sujet important, n&#8217;h\u00e9sitez pas \u00e0 <a href=\"https:\/\/survivornet.ca\/fr\/reliez-vous\/contactez-nous\/\">nous contacter<\/a> pour que nous puissions l&#8217;ajouter.<\/p>\r\n\r\n\r\n\r\n<ul class=\"content-list wp-block-list\">\r\n<li><a href=\"https:\/\/survivornet.ca\/fr\/apprenez\/enjeux-affectant-les-survivants-du-cancer-2\/enjeux-affectant-les-survivants-du-cancer\/anorexie\/\">Anorexie<\/a><\/li>\r\n<li><a href=\"https:\/\/survivornet.ca\/fr\/apprenez\/enjeux-affectant-les-survivants-du-cancer-2\/enjeux-affectant-les-survivants-du-cancer\/deconditionnement\/\">D\u00e9conditionnement<\/a><\/li>\r\n<li><a href=\"https:\/\/survivornet.ca\/defiguration-et-amputation\/\">D\u00e9figuration et amputation<\/a><\/li>\r\n<li><a href=\"https:\/\/survivornet.ca\/fr\/apprenez\/enjeux-affectant-les-survivants-du-cancer-2\/enjeux-affectant-les-survivants-du-cancer\/diabete\/\">Diab\u00e8te<\/a><\/li>\r\n<li><a href=\"https:\/\/survivornet.ca\/fr\/douleur\/\">Douleur<\/a><\/li>\r\n<li><a href=\"https:\/\/survivornet.ca\/fr\/6-dysfonction-cognitive-a-la-suite-dune-chimiotherapie\/\">Dysfonction cognitive \u00e0 la suite d\u2019une chimioth\u00e9rapie<\/a><\/li>\r\n<li><a href=\"https:\/\/survivornet.ca\/fr\/apprenez\/enjeux-affectant-les-survivants-du-cancer-2\/enjeux-affectant-les-survivants-du-cancer\/effets-cardiovasculaires\/\">Effets cardiovasculaires<\/a><\/li>\r\n<li><a href=\"https:\/\/survivornet.ca\/fr\/fatigue\/\">Fatigue<\/a><\/li>\r\n<li><a href=\"https:\/\/survivornet.ca\/fr\/fonctionnement-et-mobilite\/\">Fonctionnement and mobilit\u00e9<\/a><\/li>\r\n<li><a href=\"https:\/\/survivornet.ca\/fr\/impuissance\/\">Impuissance<\/a><\/li>\r\n<li><a href=\"https:\/\/survivornet.ca\/fr\/apprenez\/enjeux-affectant-les-survivants-du-cancer-2\/enjeux-affectant-les-survivants-du-cancer\/incontinence-urinaire\/\">Incontinence urinaire<\/a><\/li>\r\n<li><a href=\"https:\/\/survivornet.ca\/fr\/infertilite\/\">Infertilit\u00e9<\/a><\/li>\r\n<li><a href=\"https:\/\/survivornet.ca\/fr\/apprenez\/enjeux-affectant-les-survivants-du-cancer-2\/enjeux-affectant-les-survivants-du-cancer\/lymphoedeme\/\">Lymphoed\u00e8me<\/a><\/li>\r\n<li><a href=\"https:\/\/survivornet.ca\/fr\/stomie\/\">Stomie<\/a><\/li>\r\n<li><a href=\"https:\/\/survivornet.ca\/fr\/trouble-a-avaler-et-parler\/\">Trouble \u00e0 avaler et parler<\/a><\/li>\r\n<li><a href=\"https:\/\/survivornet.ca\/fr\/troubles-de-lhumeur\/\">Troubles de l&#8217;humeur<\/a><\/li>\r\n<li><a href=\"https:\/\/survivornet.ca\/fr\/trouble-de-stress-post-traumatique-sspt\/\">Trouble de stress post-traumatique (SSPT)<\/a><\/li>\r\n<li><a href=\"https:\/\/survivornet.ca\/fr\/tumeurs-malignes-and-recidives-secondaires\/\">Tumeurs malignes and r\u00e9cidives secondaires<\/a><\/li>\r\n<li><a href=\"https:\/\/survivornet.ca\/fr\/perte-de-cheveux-alopecie\/\">Perte de cheveux (alop\u00e9cie)<\/a><\/li>\r\n<li><a href=\"https:\/\/survivornet.ca\/fr\/apprenez\/enjeux-affectant-les-survivants-du-cancer-2\/enjeux-affectant-les-survivants-du-cancer\/perte-osseuse\/\">Perte osseuse<\/a><\/li>\r\n<li><a href=\"https:\/\/survivornet.ca\/fr\/incontinence-urinaire\/\">Productivit\u00e9 au travail<\/a><\/li>\r\n<\/ul>\r\n","protected":false},"excerpt":{"rendered":"<p>Les survivants du cancer souffrent des effets secondaires du cancer et de son traitement. Ces effets secondaires peuvent se manifester pendant le traitement et parfois longtemps apr\u00e8s. La r\u00e9adaptation sp\u00e9cialis\u00e9e traite ces<\/p>\n","protected":false},"author":2,"featured_media":0,"parent":11940,"menu_order":10,"comment_status":"closed","ping_status":"closed","template":"","meta":{"_acf_changed":false,"footnotes":""},"class_list":["post-11966","page","type-page","status-publish","hentry"],"acf":[],"yoast_head":"<!-- This site is optimized with the Yoast SEO plugin v27.4 - https:\/\/yoast.com\/product\/yoast-seo-wordpress\/ -->\n<title>Les types d&#039;enjeux affectant les survivants du cancer - Canadian Cancer Survivor Network<\/title>\n<meta name=\"robots\" content=\"index, follow, max-snippet:-1, max-image-preview:large, max-video-preview:-1\" \/>\n<link rel=\"canonical\" href=\"https:\/\/survivornet.ca\/fr\/apprenez\/enjeux-affectant-les-survivants-du-cancer-2\/enjeux-affectant-les-survivants-du-cancer\/\" \/>\n<meta property=\"og:locale\" content=\"fr_FR\" \/>\n<meta property=\"og:type\" content=\"article\" \/>\n<meta property=\"og:title\" content=\"Les types d&#039;enjeux affectant les survivants du cancer - Canadian Cancer Survivor Network\" \/>\n<meta property=\"og:description\" content=\"Les survivants du cancer souffrent des effets secondaires du cancer et de son traitement. Ces effets secondaires peuvent se manifester pendant le traitement et parfois longtemps apr\u00e8s. La r\u00e9adaptation sp\u00e9cialis\u00e9e traite ces\" \/>\n<meta property=\"og:url\" content=\"https:\/\/survivornet.ca\/fr\/apprenez\/enjeux-affectant-les-survivants-du-cancer-2\/enjeux-affectant-les-survivants-du-cancer\/\" \/>\n<meta property=\"og:site_name\" content=\"Canadian Cancer Survivor Network\" \/>\n<meta property=\"article:modified_time\" content=\"2019-06-24T17:19:00+00:00\" \/>\n<meta name=\"twitter:card\" content=\"summary_large_image\" \/>\n<meta name=\"twitter:label1\" content=\"Dur\u00e9e de lecture estim\u00e9e\" \/>\n\t<meta name=\"twitter:data1\" content=\"1 minute\" \/>\n<script type=\"application\/ld+json\" class=\"yoast-schema-graph\">{\"@context\":\"https:\\\/\\\/schema.org\",\"@graph\":[{\"@type\":\"WebPage\",\"@id\":\"https:\\\/\\\/survivornet.ca\\\/fr\\\/apprenez\\\/enjeux-affectant-les-survivants-du-cancer-2\\\/enjeux-affectant-les-survivants-du-cancer\\\/\",\"url\":\"https:\\\/\\\/survivornet.ca\\\/fr\\\/apprenez\\\/enjeux-affectant-les-survivants-du-cancer-2\\\/enjeux-affectant-les-survivants-du-cancer\\\/\",\"name\":\"Les types d'enjeux affectant les survivants du cancer - Canadian Cancer Survivor Network\",\"isPartOf\":{\"@id\":\"https:\\\/\\\/survivornet.ca\\\/#website\"},\"datePublished\":\"2019-06-05T17:29:36+00:00\",\"dateModified\":\"2019-06-24T17:19:00+00:00\",\"breadcrumb\":{\"@id\":\"https:\\\/\\\/survivornet.ca\\\/fr\\\/apprenez\\\/enjeux-affectant-les-survivants-du-cancer-2\\\/enjeux-affectant-les-survivants-du-cancer\\\/#breadcrumb\"},\"inLanguage\":\"fr-FR\",\"potentialAction\":[{\"@type\":\"ReadAction\",\"target\":[\"https:\\\/\\\/survivornet.ca\\\/fr\\\/apprenez\\\/enjeux-affectant-les-survivants-du-cancer-2\\\/enjeux-affectant-les-survivants-du-cancer\\\/\"]}]},{\"@type\":\"BreadcrumbList\",\"@id\":\"https:\\\/\\\/survivornet.ca\\\/fr\\\/apprenez\\\/enjeux-affectant-les-survivants-du-cancer-2\\\/enjeux-affectant-les-survivants-du-cancer\\\/#breadcrumb\",\"itemListElement\":[{\"@type\":\"ListItem\",\"position\":1,\"name\":\"Home\",\"item\":\"https:\\\/\\\/survivornet.ca\\\/fr\\\/\"},{\"@type\":\"ListItem\",\"position\":2,\"name\":\"Apprenez\",\"item\":\"https:\\\/\\\/survivornet.ca\\\/fr\\\/apprenez\\\/\"},{\"@type\":\"ListItem\",\"position\":3,\"name\":\"Enjeux affectant les survivants du cancer\",\"item\":\"https:\\\/\\\/survivornet.ca\\\/fr\\\/apprenez\\\/enjeux-affectant-les-survivants-du-cancer-2\\\/\"},{\"@type\":\"ListItem\",\"position\":4,\"name\":\"Les types d&#8217;enjeux affectant les survivants du cancer\"}]},{\"@type\":\"WebSite\",\"@id\":\"https:\\\/\\\/survivornet.ca\\\/#website\",\"url\":\"https:\\\/\\\/survivornet.ca\\\/\",\"name\":\"Canadian Cancer Survivor Network\",\"description\":\"The Canadian Cancer Survivor Network was created by a group of Canadians concerned about cancer.\",\"publisher\":{\"@id\":\"https:\\\/\\\/survivornet.ca\\\/#organization\"},\"potentialAction\":[{\"@type\":\"SearchAction\",\"target\":{\"@type\":\"EntryPoint\",\"urlTemplate\":\"https:\\\/\\\/survivornet.ca\\\/?s={search_term_string}\"},\"query-input\":{\"@type\":\"PropertyValueSpecification\",\"valueRequired\":true,\"valueName\":\"search_term_string\"}}],\"inLanguage\":\"fr-FR\"},{\"@type\":\"Organization\",\"@id\":\"https:\\\/\\\/survivornet.ca\\\/#organization\",\"name\":\"Canadian Cancer Survivor Network\",\"url\":\"https:\\\/\\\/survivornet.ca\\\/\",\"logo\":{\"@type\":\"ImageObject\",\"inLanguage\":\"fr-FR\",\"@id\":\"https:\\\/\\\/survivornet.ca\\\/#\\\/schema\\\/logo\\\/image\\\/\",\"url\":\"http:\\\/\\\/survivornet.ca\\\/wp-content\\\/uploads\\\/2016\\\/12\\\/CCSN_Logo_EN_SQUARE.png\",\"contentUrl\":\"http:\\\/\\\/survivornet.ca\\\/wp-content\\\/uploads\\\/2016\\\/12\\\/CCSN_Logo_EN_SQUARE.png\",\"width\":1209,\"height\":1007,\"caption\":\"Canadian Cancer Survivor Network\"},\"image\":{\"@id\":\"https:\\\/\\\/survivornet.ca\\\/#\\\/schema\\\/logo\\\/image\\\/\"}}]}<\/script>\n<!-- \/ Yoast SEO plugin. -->","yoast_head_json":{"title":"Les types d'enjeux affectant les survivants du cancer - Canadian Cancer Survivor Network","robots":{"index":"index","follow":"follow","max-snippet":"max-snippet:-1","max-image-preview":"max-image-preview:large","max-video-preview":"max-video-preview:-1"},"canonical":"https:\/\/survivornet.ca\/fr\/apprenez\/enjeux-affectant-les-survivants-du-cancer-2\/enjeux-affectant-les-survivants-du-cancer\/","og_locale":"fr_FR","og_type":"article","og_title":"Les types d'enjeux affectant les survivants du cancer - Canadian Cancer Survivor Network","og_description":"Les survivants du cancer souffrent des effets secondaires du cancer et de son traitement. Ces effets secondaires peuvent se manifester pendant le traitement et parfois longtemps apr\u00e8s. La r\u00e9adaptation sp\u00e9cialis\u00e9e traite ces","og_url":"https:\/\/survivornet.ca\/fr\/apprenez\/enjeux-affectant-les-survivants-du-cancer-2\/enjeux-affectant-les-survivants-du-cancer\/","og_site_name":"Canadian Cancer Survivor Network","article_modified_time":"2019-06-24T17:19:00+00:00","twitter_card":"summary_large_image","twitter_misc":{"Dur\u00e9e de lecture estim\u00e9e":"1 minute"},"schema":{"@context":"https:\/\/schema.org","@graph":[{"@type":"WebPage","@id":"https:\/\/survivornet.ca\/fr\/apprenez\/enjeux-affectant-les-survivants-du-cancer-2\/enjeux-affectant-les-survivants-du-cancer\/","url":"https:\/\/survivornet.ca\/fr\/apprenez\/enjeux-affectant-les-survivants-du-cancer-2\/enjeux-affectant-les-survivants-du-cancer\/","name":"Les types d'enjeux affectant les survivants du cancer - Canadian Cancer Survivor Network","isPartOf":{"@id":"https:\/\/survivornet.ca\/#website"},"datePublished":"2019-06-05T17:29:36+00:00","dateModified":"2019-06-24T17:19:00+00:00","breadcrumb":{"@id":"https:\/\/survivornet.ca\/fr\/apprenez\/enjeux-affectant-les-survivants-du-cancer-2\/enjeux-affectant-les-survivants-du-cancer\/#breadcrumb"},"inLanguage":"fr-FR","potentialAction":[{"@type":"ReadAction","target":["https:\/\/survivornet.ca\/fr\/apprenez\/enjeux-affectant-les-survivants-du-cancer-2\/enjeux-affectant-les-survivants-du-cancer\/"]}]},{"@type":"BreadcrumbList","@id":"https:\/\/survivornet.ca\/fr\/apprenez\/enjeux-affectant-les-survivants-du-cancer-2\/enjeux-affectant-les-survivants-du-cancer\/#breadcrumb","itemListElement":[{"@type":"ListItem","position":1,"name":"Home","item":"https:\/\/survivornet.ca\/fr\/"},{"@type":"ListItem","position":2,"name":"Apprenez","item":"https:\/\/survivornet.ca\/fr\/apprenez\/"},{"@type":"ListItem","position":3,"name":"Enjeux affectant les survivants du cancer","item":"https:\/\/survivornet.ca\/fr\/apprenez\/enjeux-affectant-les-survivants-du-cancer-2\/"},{"@type":"ListItem","position":4,"name":"Les types d&#8217;enjeux affectant les survivants du cancer"}]},{"@type":"WebSite","@id":"https:\/\/survivornet.ca\/#website","url":"https:\/\/survivornet.ca\/","name":"Canadian Cancer Survivor Network","description":"The Canadian Cancer Survivor Network was created by a group of Canadians concerned about cancer.","publisher":{"@id":"https:\/\/survivornet.ca\/#organization"},"potentialAction":[{"@type":"SearchAction","target":{"@type":"EntryPoint","urlTemplate":"https:\/\/survivornet.ca\/?s={search_term_string}"},"query-input":{"@type":"PropertyValueSpecification","valueRequired":true,"valueName":"search_term_string"}}],"inLanguage":"fr-FR"},{"@type":"Organization","@id":"https:\/\/survivornet.ca\/#organization","name":"Canadian Cancer Survivor Network","url":"https:\/\/survivornet.ca\/","logo":{"@type":"ImageObject","inLanguage":"fr-FR","@id":"https:\/\/survivornet.ca\/#\/schema\/logo\/image\/","url":"http:\/\/survivornet.ca\/wp-content\/uploads\/2016\/12\/CCSN_Logo_EN_SQUARE.png","contentUrl":"http:\/\/survivornet.ca\/wp-content\/uploads\/2016\/12\/CCSN_Logo_EN_SQUARE.png","width":1209,"height":1007,"caption":"Canadian Cancer Survivor Network"},"image":{"@id":"https:\/\/survivornet.ca\/#\/schema\/logo\/image\/"}}]}},"_links":{"self":[{"href":"https:\/\/survivornet.ca\/fr\/wp-json\/wp\/v2\/pages\/11966","targetHints":{"allow":["GET"]}}],"collection":[{"href":"https:\/\/survivornet.ca\/fr\/wp-json\/wp\/v2\/pages"}],"about":[{"href":"https:\/\/survivornet.ca\/fr\/wp-json\/wp\/v2\/types\/page"}],"author":[{"embeddable":true,"href":"https:\/\/survivornet.ca\/fr\/wp-json\/wp\/v2\/users\/2"}],"replies":[{"embeddable":true,"href":"https:\/\/survivornet.ca\/fr\/wp-json\/wp\/v2\/comments?post=11966"}],"version-history":[{"count":0,"href":"https:\/\/survivornet.ca\/fr\/wp-json\/wp\/v2\/pages\/11966\/revisions"}],"up":[{"embeddable":true,"href":"https:\/\/survivornet.ca\/fr\/wp-json\/wp\/v2\/pages\/11940"}],"wp:attachment":[{"href":"https:\/\/survivornet.ca\/fr\/wp-json\/wp\/v2\/media?parent=11966"}],"curies":[{"name":"wp","href":"https:\/\/api.w.org\/{rel}","templated":true}]}}