{"id":11864,"date":"2019-06-04T19:12:25","date_gmt":"2019-06-04T19:12:25","guid":{"rendered":"https:\/\/survivornet.ca\/?page_id=11864\/"},"modified":"2023-10-31T09:32:18","modified_gmt":"2023-10-31T13:32:18","slug":"faire-un-don","status":"publish","type":"page","link":"https:\/\/survivornet.ca\/fr\/faire-un-don\/","title":{"rendered":"FAIRE UN DON"},"content":{"rendered":"<div class=\"wpb-content-wrapper\"><p>[vc_row full_width=&#8221;stretch_row_content_no_spaces&#8221; full_height=&#8221;yes&#8221; equal_height=&#8221;yes&#8221; css=&#8221;.vc_custom_1634927476741{background-image: url(http:\/\/survivornet.ca\/wp-content\/uploads\/2019\/12\/Sunrise.jpg?id=15686) !important;background-position: center !important;background-repeat: no-repeat !important;background-size: cover !important;}&#8221;][vc_column][vc_empty_space height=&#8221;250px&#8221; css=&#8221;.vc_custom_1634927148251{padding-top: 50px !important;padding-right: 50px !important;padding-bottom: 50px !important;padding-left: 50px !important;}&#8221;][vc_column_text css=&#8221;.vc_custom_1634927868188{background-position: center !important;background-repeat: no-repeat !important;background-size: cover !important;}&#8221;]<\/p>\n<h1 style=\"text-align: center;\"><span class=\"bigtext\"><strong>FAIRE UN DON<\/strong><\/span><\/h1>\n<p>&nbsp;<\/p>\n<p><span style=\"color: #ffffff;\"><strong><u>Investir dans la cause afin de soutenir ceux et celles affect\u00e9s par la maladie<\/u><\/strong><\/span><\/p>\n<p><span style=\"color: #ffffff;\">\u00ab\u00a0Vous avez un cancer.\u00a0\u00bb Cela n\u2019est pas chose facile \u00e0 entendre, ni \u00e0 accepter. Ces mots sont \u00e9galement accompagn\u00e9s de leur propre bagage\u00a0: des d\u00e9fis \u00e0 surmonter, des facteurs de complication et des inqui\u00e9tudes vis-\u00e0-vis des patients et les proches aidants qui les accompagnent.<\/span><\/p>\n<p><span style=\"color: #ffffff;\">Le Canada compte pr\u00e9sentement plus d\u2019un million de survivants du cancer, et ce nombre est \u00e0 la hausse. De plus en plus de personnes survivent \u00e0 la maladie. Cependant, qu\u2019en est-il de la qualit\u00e9 de vie de ces individus \u00e0 la suite d\u2019une r\u00e9mission partielle ou compl\u00e8te? La peur d\u2019une r\u00e9cidive est loin d\u2019\u00eatre le seul facteur \u00e0 prendre en consid\u00e9ration. Les traitements contre le cancer entra\u00eenent sans aucun doute des r\u00e9percussions physiques et psychologiques, mais \u00e9galement des r\u00e9percussions financi\u00e8res importantes. Alors que pouvons-nous faire pour aider?<\/span><\/p>\n<p><span style=\"color: #ffffff;\">Le R\u00e9seau canadien des survivants du cancer est une organisation \u00e0 but non lucratif visant \u00e0 faire entendre la voix collective de cette communaut\u00e9 et conna\u00eetre les enjeux auxquels elle fait face. Le r\u00e9seau cherche \u00e0 \u00e9duquer, sensibiliser et recueillir du soutien pour des initiatives telles que r\u00e9duire les temps d\u2019attente pour recevoir des traitements, approuver des m\u00e9dicaments anticanc\u00e9reux de mani\u00e8re plus efficace et minimiser le fardeau financier du cancer.<\/span><\/p>\n<p><span style=\"color: #ffffff;\">D\u2019apr\u00e8s vous, est-ce que le Canada fait tout son possible pour trouver des rem\u00e8des contre le cancer, am\u00e9liorer les services de pr\u00e9vention et assurer un acc\u00e8s \u00e9quitable aux meilleures options de traitement?<\/span><\/p>\n<p><span style=\"color: #ffffff;\">Il s\u2019agit d\u2019une question primordiale pour ceux et celles ayant d\u00e9j\u00e0 re\u00e7u un diagnostic de cancer et pour ceux qui, \u00e9ventuellement, en recevront un. Apr\u00e8s la compl\u00e9tion des traitements, quel genre de soutien est-ce que les patients peuvent s\u2019attendre \u00e0 recevoir dans le but de reprendre leur vie en main et d\u2019\u00eatre heureux? Que feront-ils si le cancer ressurgit?<\/span><\/p>\n<p><span style=\"color: #ffffff;\">Par l\u2019entremise du RCSC\u00a0:<\/span><\/p>\n<p><span style=\"color: #ffffff;\">&#8211; Nous assurons un acc\u00e8s \u00e0 une \u00e9ducation et \u00e0 des opportunit\u00e9s de prise d\u2019initiative pour les individus atteints de cancer, les survivants et les proches aidants<\/span><\/p>\n<p><span style=\"color: #ffffff;\">&#8211; Nous travaillons en collaboration avec nos partenaires et certains individus, afin d\u2019identifier et de se d\u00e9barrasser des obstacles emp\u00eachant un acc\u00e8s aux meilleurs soins possibles pour les patients.<\/span><\/p>\n<p><span style=\"color: #ffffff;\">&#8211;\u00a0 Nous appuyons et encourageons la recherche fond\u00e9e sur des donn\u00e9es probantes sur les fa\u00e7ons d\u2019am\u00e9liorer les soins et la n\u00e9cessit\u00e9 d\u2019offrir du soutien aux survivants.<\/span><\/p>\n<h2><a href=\"https:\/\/www.canadahelps.org\/fr\/dn\/24034?v2=true\"><span style=\"color: #ffffff;\">Faire Un Don ici<\/span><\/a><\/h2>\n<div class=\"wp-block-image\">\u00a0<\/div>\n<p><span style=\"color: #ffffff;\">[\/vc_column_text][vc_column_text]<\/span><\/p>\n<p><span style=\"color: #ffffff;\">1750 COURTWOOD CRESENT<\/span><\/p>\n<p><span style=\"color: #ffffff;\">SUITE 210<\/span><br \/><span style=\"color: #ffffff;\">OTTAWA, ON , K2C 2B5<\/span><br \/><span style=\"color: #ffffff;\"><a style=\"color: #ffffff;\" href=\"mailto:info@survivornet.ca\">info@survivornet.ca<\/a>[\/vc_column_text][\/vc_column][\/vc_row]<\/span><\/p>\n<\/div>","protected":false},"excerpt":{"rendered":"<p>[vc_row full_width=&#8221;stretch_row_content_no_spaces&#8221; full_height=&#8221;yes&#8221; equal_height=&#8221;yes&#8221; css=&#8221;.vc_custom_1634927476741{background-image: url(http:\/\/survivornet.ca\/wp-content\/uploads\/2019\/12\/Sunrise.jpg?id=15686) !important;background-position: center !important;background-repeat: no-repeat !important;background-size: cover !important;}&#8221;][vc_column][vc_empty_space height=&#8221;250px&#8221; css=&#8221;.vc_custom_1634927148251{padding-top: 50px !important;padding-right: 50px !important;padding-bottom: 50px !important;padding-left: 50px !important;}&#8221;][vc_column_text css=&#8221;.vc_custom_1634927868188{background-position: center !important;background-repeat: no-repeat !important;background-size: cover !important;}&#8221;] FAIRE UN<\/p>\n","protected":false},"author":2,"featured_media":0,"parent":0,"menu_order":0,"comment_status":"closed","ping_status":"closed","template":"","meta":{"_acf_changed":false,"footnotes":""},"class_list":["post-11864","page","type-page","status-publish","hentry"],"acf":[],"yoast_head":"<!-- This site is optimized with the Yoast SEO plugin v27.4 - https:\/\/yoast.com\/product\/yoast-seo-wordpress\/ -->\n<title>FAIRE UN DON - Canadian Cancer Survivor Network<\/title>\n<meta name=\"robots\" content=\"index, follow, max-snippet:-1, max-image-preview:large, max-video-preview:-1\" \/>\n<link rel=\"canonical\" href=\"https:\/\/survivornet.ca\/fr\/faire-un-don\/\" \/>\n<meta property=\"og:locale\" content=\"fr_FR\" \/>\n<meta property=\"og:type\" content=\"article\" \/>\n<meta property=\"og:title\" content=\"FAIRE UN DON - Canadian Cancer Survivor Network\" \/>\n<meta property=\"og:description\" content=\"[vc_row full_width=&#8221;stretch_row_content_no_spaces&#8221; full_height=&#8221;yes&#8221; equal_height=&#8221;yes&#8221; css=&#8221;.vc_custom_1634927476741{background-image: url(http:\/\/survivornet.ca\/wp-content\/uploads\/2019\/12\/Sunrise.jpg?id=15686) !important;background-position: center !important;background-repeat: no-repeat !important;background-size: cover !important;}&#8221;][vc_column][vc_empty_space height=&#8221;250px&#8221; css=&#8221;.vc_custom_1634927148251{padding-top: 50px !important;padding-right: 50px !important;padding-bottom: 50px !important;padding-left: 50px !important;}&#8221;][vc_column_text css=&#8221;.vc_custom_1634927868188{background-position: center !important;background-repeat: no-repeat !important;background-size: cover !important;}&#8221;] FAIRE UN\" \/>\n<meta property=\"og:url\" content=\"https:\/\/survivornet.ca\/fr\/faire-un-don\/\" \/>\n<meta property=\"og:site_name\" content=\"Canadian Cancer Survivor Network\" \/>\n<meta property=\"article:modified_time\" content=\"2023-10-31T13:32:18+00:00\" \/>\n<meta name=\"twitter:card\" content=\"summary_large_image\" \/>\n<meta name=\"twitter:label1\" content=\"Dur\u00e9e de lecture estim\u00e9e\" \/>\n\t<meta name=\"twitter:data1\" content=\"3 minutes\" \/>\n<script type=\"application\/ld+json\" class=\"yoast-schema-graph\">{\"@context\":\"https:\\\/\\\/schema.org\",\"@graph\":[{\"@type\":\"WebPage\",\"@id\":\"https:\\\/\\\/survivornet.ca\\\/fr\\\/faire-un-don\\\/\",\"url\":\"https:\\\/\\\/survivornet.ca\\\/fr\\\/faire-un-don\\\/\",\"name\":\"FAIRE UN DON - Canadian Cancer Survivor Network\",\"isPartOf\":{\"@id\":\"https:\\\/\\\/survivornet.ca\\\/#website\"},\"datePublished\":\"2019-06-04T19:12:25+00:00\",\"dateModified\":\"2023-10-31T13:32:18+00:00\",\"breadcrumb\":{\"@id\":\"https:\\\/\\\/survivornet.ca\\\/fr\\\/faire-un-don\\\/#breadcrumb\"},\"inLanguage\":\"fr-FR\",\"potentialAction\":[{\"@type\":\"ReadAction\",\"target\":[\"https:\\\/\\\/survivornet.ca\\\/fr\\\/faire-un-don\\\/\"]}]},{\"@type\":\"BreadcrumbList\",\"@id\":\"https:\\\/\\\/survivornet.ca\\\/fr\\\/faire-un-don\\\/#breadcrumb\",\"itemListElement\":[{\"@type\":\"ListItem\",\"position\":1,\"name\":\"Home\",\"item\":\"https:\\\/\\\/survivornet.ca\\\/fr\\\/\"},{\"@type\":\"ListItem\",\"position\":2,\"name\":\"FAIRE UN DON\"}]},{\"@type\":\"WebSite\",\"@id\":\"https:\\\/\\\/survivornet.ca\\\/#website\",\"url\":\"https:\\\/\\\/survivornet.ca\\\/\",\"name\":\"Canadian Cancer Survivor Network\",\"description\":\"The Canadian Cancer Survivor Network was created by a group of Canadians concerned about cancer.\",\"publisher\":{\"@id\":\"https:\\\/\\\/survivornet.ca\\\/#organization\"},\"potentialAction\":[{\"@type\":\"SearchAction\",\"target\":{\"@type\":\"EntryPoint\",\"urlTemplate\":\"https:\\\/\\\/survivornet.ca\\\/?s={search_term_string}\"},\"query-input\":{\"@type\":\"PropertyValueSpecification\",\"valueRequired\":true,\"valueName\":\"search_term_string\"}}],\"inLanguage\":\"fr-FR\"},{\"@type\":\"Organization\",\"@id\":\"https:\\\/\\\/survivornet.ca\\\/#organization\",\"name\":\"Canadian Cancer Survivor Network\",\"url\":\"https:\\\/\\\/survivornet.ca\\\/\",\"logo\":{\"@type\":\"ImageObject\",\"inLanguage\":\"fr-FR\",\"@id\":\"https:\\\/\\\/survivornet.ca\\\/#\\\/schema\\\/logo\\\/image\\\/\",\"url\":\"http:\\\/\\\/survivornet.ca\\\/wp-content\\\/uploads\\\/2016\\\/12\\\/CCSN_Logo_EN_SQUARE.png\",\"contentUrl\":\"http:\\\/\\\/survivornet.ca\\\/wp-content\\\/uploads\\\/2016\\\/12\\\/CCSN_Logo_EN_SQUARE.png\",\"width\":1209,\"height\":1007,\"caption\":\"Canadian Cancer Survivor Network\"},\"image\":{\"@id\":\"https:\\\/\\\/survivornet.ca\\\/#\\\/schema\\\/logo\\\/image\\\/\"}}]}<\/script>\n<!-- \/ Yoast SEO plugin. -->","yoast_head_json":{"title":"FAIRE UN DON - Canadian Cancer Survivor Network","robots":{"index":"index","follow":"follow","max-snippet":"max-snippet:-1","max-image-preview":"max-image-preview:large","max-video-preview":"max-video-preview:-1"},"canonical":"https:\/\/survivornet.ca\/fr\/faire-un-don\/","og_locale":"fr_FR","og_type":"article","og_title":"FAIRE UN DON - Canadian Cancer Survivor Network","og_description":"[vc_row full_width=&#8221;stretch_row_content_no_spaces&#8221; full_height=&#8221;yes&#8221; equal_height=&#8221;yes&#8221; css=&#8221;.vc_custom_1634927476741{background-image: url(http:\/\/survivornet.ca\/wp-content\/uploads\/2019\/12\/Sunrise.jpg?id=15686) !important;background-position: center !important;background-repeat: no-repeat !important;background-size: cover !important;}&#8221;][vc_column][vc_empty_space height=&#8221;250px&#8221; css=&#8221;.vc_custom_1634927148251{padding-top: 50px !important;padding-right: 50px !important;padding-bottom: 50px !important;padding-left: 50px !important;}&#8221;][vc_column_text css=&#8221;.vc_custom_1634927868188{background-position: center !important;background-repeat: no-repeat !important;background-size: cover !important;}&#8221;] FAIRE UN","og_url":"https:\/\/survivornet.ca\/fr\/faire-un-don\/","og_site_name":"Canadian Cancer Survivor Network","article_modified_time":"2023-10-31T13:32:18+00:00","twitter_card":"summary_large_image","twitter_misc":{"Dur\u00e9e de lecture estim\u00e9e":"3 minutes"},"schema":{"@context":"https:\/\/schema.org","@graph":[{"@type":"WebPage","@id":"https:\/\/survivornet.ca\/fr\/faire-un-don\/","url":"https:\/\/survivornet.ca\/fr\/faire-un-don\/","name":"FAIRE UN DON - Canadian Cancer Survivor Network","isPartOf":{"@id":"https:\/\/survivornet.ca\/#website"},"datePublished":"2019-06-04T19:12:25+00:00","dateModified":"2023-10-31T13:32:18+00:00","breadcrumb":{"@id":"https:\/\/survivornet.ca\/fr\/faire-un-don\/#breadcrumb"},"inLanguage":"fr-FR","potentialAction":[{"@type":"ReadAction","target":["https:\/\/survivornet.ca\/fr\/faire-un-don\/"]}]},{"@type":"BreadcrumbList","@id":"https:\/\/survivornet.ca\/fr\/faire-un-don\/#breadcrumb","itemListElement":[{"@type":"ListItem","position":1,"name":"Home","item":"https:\/\/survivornet.ca\/fr\/"},{"@type":"ListItem","position":2,"name":"FAIRE UN DON"}]},{"@type":"WebSite","@id":"https:\/\/survivornet.ca\/#website","url":"https:\/\/survivornet.ca\/","name":"Canadian Cancer Survivor Network","description":"The Canadian Cancer Survivor Network was created by a group of Canadians concerned about cancer.","publisher":{"@id":"https:\/\/survivornet.ca\/#organization"},"potentialAction":[{"@type":"SearchAction","target":{"@type":"EntryPoint","urlTemplate":"https:\/\/survivornet.ca\/?s={search_term_string}"},"query-input":{"@type":"PropertyValueSpecification","valueRequired":true,"valueName":"search_term_string"}}],"inLanguage":"fr-FR"},{"@type":"Organization","@id":"https:\/\/survivornet.ca\/#organization","name":"Canadian Cancer Survivor Network","url":"https:\/\/survivornet.ca\/","logo":{"@type":"ImageObject","inLanguage":"fr-FR","@id":"https:\/\/survivornet.ca\/#\/schema\/logo\/image\/","url":"http:\/\/survivornet.ca\/wp-content\/uploads\/2016\/12\/CCSN_Logo_EN_SQUARE.png","contentUrl":"http:\/\/survivornet.ca\/wp-content\/uploads\/2016\/12\/CCSN_Logo_EN_SQUARE.png","width":1209,"height":1007,"caption":"Canadian Cancer Survivor Network"},"image":{"@id":"https:\/\/survivornet.ca\/#\/schema\/logo\/image\/"}}]}},"_links":{"self":[{"href":"https:\/\/survivornet.ca\/fr\/wp-json\/wp\/v2\/pages\/11864","targetHints":{"allow":["GET"]}}],"collection":[{"href":"https:\/\/survivornet.ca\/fr\/wp-json\/wp\/v2\/pages"}],"about":[{"href":"https:\/\/survivornet.ca\/fr\/wp-json\/wp\/v2\/types\/page"}],"author":[{"embeddable":true,"href":"https:\/\/survivornet.ca\/fr\/wp-json\/wp\/v2\/users\/2"}],"replies":[{"embeddable":true,"href":"https:\/\/survivornet.ca\/fr\/wp-json\/wp\/v2\/comments?post=11864"}],"version-history":[{"count":3,"href":"https:\/\/survivornet.ca\/fr\/wp-json\/wp\/v2\/pages\/11864\/revisions"}],"predecessor-version":[{"id":28300,"href":"https:\/\/survivornet.ca\/fr\/wp-json\/wp\/v2\/pages\/11864\/revisions\/28300"}],"wp:attachment":[{"href":"https:\/\/survivornet.ca\/fr\/wp-json\/wp\/v2\/media?parent=11864"}],"curies":[{"name":"wp","href":"https:\/\/api.w.org\/{rel}","templated":true}]}}